{"id":751829,"date":"2025-03-04T01:04:20","date_gmt":"2025-03-04T00:04:20","guid":{"rendered":"https:\/\/stoic-curie.212-227-153-4.plesk.page\/producto\/arnes-de-seguranca-ajustavel-50kg\/"},"modified":"2026-02-25T00:28:24","modified_gmt":"2026-02-25T00:28:24","slug":"arnes-de-seguranca-ajustavel-50kg","status":"publish","type":"product","link":"https:\/\/stoic-curie.212-227-153-4.plesk.page\/pt\/product\/arnes-de-seguranca-ajustavel-50kg\/","title":{"rendered":"Arn\u00eas de Seguran\u00e7a Ajust\u00e1vel +50kg"},"content":{"rendered":"<p>Arn\u00eas de Seguran\u00e7a Ajust\u00e1vel +50kg &#8211; <\/p>\n<p>Cinto de seguran\u00e7a de poli\u00e9ster de alta resist\u00eancia com ferragens em a\u00e7o inoxid\u00e1vel. Al\u00e7as de ombro fixas e ajuste na cintura. Completo com cinto de fixa\u00e7\u00e3o com gancho de a\u00e7o inoxid\u00e1vel.<\/p>\n","protected":false},"excerpt":{"rendered":"<p>Arn\u00eas de Seguran\u00e7a Ajust\u00e1vel +50kg &#8211; Cinto de seguran\u00e7a de poli\u00e9ster de alta resist\u00eancia com ferragens em a\u00e7o inoxid\u00e1vel. Al\u00e7as<\/p>\n","protected":false},"featured_media":5948106,"comment_status":"open","ping_status":"closed","template":"","meta":[],"product_brand":[3367],"product_cat":[1891],"product_tag":[],"class_list":{"0":"post-751829","1":"product","2":"type-product","3":"status-publish","4":"has-post-thumbnail","6":"product_brand-securmar-pt","7":"product_cat-boias-e-retinidas-salva-vidas","9":"first","10":"instock","11":"shipping-taxable","12":"purchasable","13":"product-type-simple"},"_links":{"self":[{"href":"https:\/\/stoic-curie.212-227-153-4.plesk.page\/pt\/wp-json\/wp\/v2\/product\/751829","targetHints":{"allow":["GET"]}}],"collection":[{"href":"https:\/\/stoic-curie.212-227-153-4.plesk.page\/pt\/wp-json\/wp\/v2\/product"}],"about":[{"href":"https:\/\/stoic-curie.212-227-153-4.plesk.page\/pt\/wp-json\/wp\/v2\/types\/product"}],"replies":[{"embeddable":true,"href":"https:\/\/stoic-curie.212-227-153-4.plesk.page\/pt\/wp-json\/wp\/v2\/comments?post=751829"}],"version-history":[{"count":0,"href":"https:\/\/stoic-curie.212-227-153-4.plesk.page\/pt\/wp-json\/wp\/v2\/product\/751829\/revisions"}],"wp:featuredmedia":[{"embeddable":true,"href":"https:\/\/stoic-curie.212-227-153-4.plesk.page\/pt\/wp-json\/wp\/v2\/media\/5948106"}],"wp:attachment":[{"href":"https:\/\/stoic-curie.212-227-153-4.plesk.page\/pt\/wp-json\/wp\/v2\/media?parent=751829"}],"wp:term":[{"taxonomy":"product_brand","embeddable":true,"href":"https:\/\/stoic-curie.212-227-153-4.plesk.page\/pt\/wp-json\/wp\/v2\/product_brand?post=751829"},{"taxonomy":"product_cat","embeddable":true,"href":"https:\/\/stoic-curie.212-227-153-4.plesk.page\/pt\/wp-json\/wp\/v2\/product_cat?post=751829"},{"taxonomy":"product_tag","embeddable":true,"href":"https:\/\/stoic-curie.212-227-153-4.plesk.page\/pt\/wp-json\/wp\/v2\/product_tag?post=751829"}],"curies":[{"name":"wp","href":"https:\/\/api.w.org\/{rel}","templated":true}]}}