{"id":751834,"date":"2025-03-04T01:04:21","date_gmt":"2025-03-04T00:04:21","guid":{"rendered":"https:\/\/stoic-curie.212-227-153-4.plesk.page\/producto\/colete-salva-vidas-jobe-short-50-tamanho-2xl\/"},"modified":"2026-02-25T00:28:24","modified_gmt":"2026-02-25T00:28:24","slug":"colete-salva-vidas-jobe-short-50-tamanho-2xl","status":"publish","type":"product","link":"https:\/\/stoic-curie.212-227-153-4.plesk.page\/pt\/product\/colete-salva-vidas-jobe-short-50-tamanho-2xl\/","title":{"rendered":"Colete Salva-Vidas Jobe Short 50 Tamanho 2XL"},"content":{"rendered":"<p>Colete Salva-Vidas Jobe Short 50 Tamanho 2XL &#8211; <\/p>\n<p>Colete de flutua\u00e7\u00e3o Jobe aprovado pela ISO EN12402-5, com 50N de flutuabilidade para desportos aqu\u00e1ticos. Ajuste curto para mais conforto e flexibilidade. Leve e de secagem r\u00e1pida, com correia de webbing ajust\u00e1vel integrada.<\/p>\n","protected":false},"excerpt":{"rendered":"<p>Colete Salva-Vidas Jobe Short 50 Tamanho 2XL &#8211; Colete de flutua\u00e7\u00e3o Jobe aprovado pela ISO EN12402-5, com 50N de flutuabilidade<\/p>\n","protected":false},"featured_media":5948109,"comment_status":"open","ping_status":"closed","template":"","meta":[],"product_brand":[2214,3042],"product_cat":[1890,2129],"product_tag":[],"class_list":{"0":"post-751834","1":"product","2":"type-product","3":"status-publish","4":"has-post-thumbnail","6":"product_brand-jobe-sports","7":"product_brand-jobe-sports-pt","8":"product_cat-auxiliares-flutuaveis","9":"product_cat-coletes-salva-vidas-ligeiros-para-desportos-aquaticos","11":"first","12":"instock","13":"shipping-taxable","14":"purchasable","15":"product-type-simple"},"_links":{"self":[{"href":"https:\/\/stoic-curie.212-227-153-4.plesk.page\/pt\/wp-json\/wp\/v2\/product\/751834","targetHints":{"allow":["GET"]}}],"collection":[{"href":"https:\/\/stoic-curie.212-227-153-4.plesk.page\/pt\/wp-json\/wp\/v2\/product"}],"about":[{"href":"https:\/\/stoic-curie.212-227-153-4.plesk.page\/pt\/wp-json\/wp\/v2\/types\/product"}],"replies":[{"embeddable":true,"href":"https:\/\/stoic-curie.212-227-153-4.plesk.page\/pt\/wp-json\/wp\/v2\/comments?post=751834"}],"version-history":[{"count":0,"href":"https:\/\/stoic-curie.212-227-153-4.plesk.page\/pt\/wp-json\/wp\/v2\/product\/751834\/revisions"}],"wp:featuredmedia":[{"embeddable":true,"href":"https:\/\/stoic-curie.212-227-153-4.plesk.page\/pt\/wp-json\/wp\/v2\/media\/5948109"}],"wp:attachment":[{"href":"https:\/\/stoic-curie.212-227-153-4.plesk.page\/pt\/wp-json\/wp\/v2\/media?parent=751834"}],"wp:term":[{"taxonomy":"product_brand","embeddable":true,"href":"https:\/\/stoic-curie.212-227-153-4.plesk.page\/pt\/wp-json\/wp\/v2\/product_brand?post=751834"},{"taxonomy":"product_cat","embeddable":true,"href":"https:\/\/stoic-curie.212-227-153-4.plesk.page\/pt\/wp-json\/wp\/v2\/product_cat?post=751834"},{"taxonomy":"product_tag","embeddable":true,"href":"https:\/\/stoic-curie.212-227-153-4.plesk.page\/pt\/wp-json\/wp\/v2\/product_tag?post=751834"}],"curies":[{"name":"wp","href":"https:\/\/api.w.org\/{rel}","templated":true}]}}