{"id":751837,"date":"2025-03-04T01:04:22","date_gmt":"2025-03-04T00:04:22","guid":{"rendered":"https:\/\/stoic-curie.212-227-153-4.plesk.page\/producto\/bomba-bravo-gm-nxs\/"},"modified":"2026-02-25T00:28:24","modified_gmt":"2026-02-25T00:28:24","slug":"bomba-bravo-gm-nxs","status":"publish","type":"product","link":"https:\/\/stoic-curie.212-227-153-4.plesk.page\/pt\/product\/bomba-bravo-gm-nxs\/","title":{"rendered":"Bomba Bravo Gm nxs"},"content":{"rendered":"<p>Bomba Bravo Gm nxs &#8211; <\/p>\n<p>Bomba de m\u00e3o com a\u00e7\u00e3o simples\/dobr\u00e1vel intercambi\u00e1vel, pode inflar e desinflar. Especialmente adequada para SUP e altas press\u00f5es. Corpo em alum\u00ednio Circal e c\u00e2mara interna, cabo ergon\u00f4mico com filtro de ar integrado, base ampliada, m\u00faltiplas mangueiras e conex\u00f5es, man\u00f4metro e conversor de fluxo \u00fanico para reduzir o esfor\u00e7o e alcan\u00e7ar a press\u00e3o m\u00e1xima. Dimens\u00f5es 14 x 30 x H58cm.<\/p>\n","protected":false},"excerpt":{"rendered":"<p>Bomba Bravo Gm nxs &#8211; Bomba de m\u00e3o com a\u00e7\u00e3o simples\/dobr\u00e1vel intercambi\u00e1vel, pode inflar e desinflar. Especialmente adequada para SUP<\/p>\n","protected":false},"featured_media":5948122,"comment_status":"open","ping_status":"closed","template":"","meta":[],"product_brand":[2852],"product_cat":[2122],"product_tag":[],"class_list":{"0":"post-751837","1":"product","2":"type-product","3":"status-publish","4":"has-post-thumbnail","6":"product_brand-bravo-scoprega-pt","7":"product_cat-bombas-de-ar-para-embarcacoes-auxiliares","9":"first","10":"instock","11":"shipping-taxable","12":"purchasable","13":"product-type-simple"},"_links":{"self":[{"href":"https:\/\/stoic-curie.212-227-153-4.plesk.page\/pt\/wp-json\/wp\/v2\/product\/751837","targetHints":{"allow":["GET"]}}],"collection":[{"href":"https:\/\/stoic-curie.212-227-153-4.plesk.page\/pt\/wp-json\/wp\/v2\/product"}],"about":[{"href":"https:\/\/stoic-curie.212-227-153-4.plesk.page\/pt\/wp-json\/wp\/v2\/types\/product"}],"replies":[{"embeddable":true,"href":"https:\/\/stoic-curie.212-227-153-4.plesk.page\/pt\/wp-json\/wp\/v2\/comments?post=751837"}],"version-history":[{"count":0,"href":"https:\/\/stoic-curie.212-227-153-4.plesk.page\/pt\/wp-json\/wp\/v2\/product\/751837\/revisions"}],"wp:featuredmedia":[{"embeddable":true,"href":"https:\/\/stoic-curie.212-227-153-4.plesk.page\/pt\/wp-json\/wp\/v2\/media\/5948122"}],"wp:attachment":[{"href":"https:\/\/stoic-curie.212-227-153-4.plesk.page\/pt\/wp-json\/wp\/v2\/media?parent=751837"}],"wp:term":[{"taxonomy":"product_brand","embeddable":true,"href":"https:\/\/stoic-curie.212-227-153-4.plesk.page\/pt\/wp-json\/wp\/v2\/product_brand?post=751837"},{"taxonomy":"product_cat","embeddable":true,"href":"https:\/\/stoic-curie.212-227-153-4.plesk.page\/pt\/wp-json\/wp\/v2\/product_cat?post=751837"},{"taxonomy":"product_tag","embeddable":true,"href":"https:\/\/stoic-curie.212-227-153-4.plesk.page\/pt\/wp-json\/wp\/v2\/product_tag?post=751837"}],"curies":[{"name":"wp","href":"https:\/\/api.w.org\/{rel}","templated":true}]}}