{"id":751838,"date":"2025-03-04T01:04:23","date_gmt":"2025-03-04T00:04:23","guid":{"rendered":"https:\/\/stoic-curie.212-227-153-4.plesk.page\/producto\/bomba-bravo-ge-btp-12v-420-lt-min\/"},"modified":"2026-02-25T00:28:24","modified_gmt":"2026-02-25T00:28:24","slug":"bomba-bravo-ge-btp-12v-420-lt-min","status":"publish","type":"product","link":"https:\/\/stoic-curie.212-227-153-4.plesk.page\/pt\/product\/bomba-bravo-ge-btp-12v-420-lt-min\/","title":{"rendered":"Bomba Bravo Ge btp 12v 420 lt\/min"},"content":{"rendered":"<p>Bomba Bravo Ge btp 12v 420 lt\/min &#8211; <\/p>\n<p>Bomba manom\u00e9trica GE BTP com paragem autom\u00e1tica quando a press\u00e3o selecionada \u00e9 atingida. O man\u00f3metro tem uma escala de leitura em bar e psi. Pode inflar e desinflar. Vem completa com filtro de aspira\u00e7\u00e3o, adaptadores de v\u00e1lvula, mala de ombro, tubo de 1,7 metros e cabo de 3 metros. Fonte de alimenta\u00e7\u00e3o atrav\u00e9s de ficha de isqueiro de 12V ou garras de bateria. Consumo m\u00e1ximo de 13A. Dimens\u00f5es: 30 x 11 x H16 cm.<\/p>\n","protected":false},"excerpt":{"rendered":"<p>Bomba Bravo Ge btp 12v 420 lt\/min &#8211; Bomba manom\u00e9trica GE BTP com paragem autom\u00e1tica quando a press\u00e3o selecionada \u00e9<\/p>\n","protected":false},"featured_media":5948123,"comment_status":"open","ping_status":"closed","template":"","meta":[],"product_brand":[2852],"product_cat":[2122],"product_tag":[],"class_list":{"0":"post-751838","1":"product","2":"type-product","3":"status-publish","4":"has-post-thumbnail","6":"product_brand-bravo-scoprega-pt","7":"product_cat-bombas-de-ar-para-embarcacoes-auxiliares","9":"first","10":"instock","11":"shipping-taxable","12":"purchasable","13":"product-type-simple"},"_links":{"self":[{"href":"https:\/\/stoic-curie.212-227-153-4.plesk.page\/pt\/wp-json\/wp\/v2\/product\/751838","targetHints":{"allow":["GET"]}}],"collection":[{"href":"https:\/\/stoic-curie.212-227-153-4.plesk.page\/pt\/wp-json\/wp\/v2\/product"}],"about":[{"href":"https:\/\/stoic-curie.212-227-153-4.plesk.page\/pt\/wp-json\/wp\/v2\/types\/product"}],"replies":[{"embeddable":true,"href":"https:\/\/stoic-curie.212-227-153-4.plesk.page\/pt\/wp-json\/wp\/v2\/comments?post=751838"}],"version-history":[{"count":0,"href":"https:\/\/stoic-curie.212-227-153-4.plesk.page\/pt\/wp-json\/wp\/v2\/product\/751838\/revisions"}],"wp:featuredmedia":[{"embeddable":true,"href":"https:\/\/stoic-curie.212-227-153-4.plesk.page\/pt\/wp-json\/wp\/v2\/media\/5948123"}],"wp:attachment":[{"href":"https:\/\/stoic-curie.212-227-153-4.plesk.page\/pt\/wp-json\/wp\/v2\/media?parent=751838"}],"wp:term":[{"taxonomy":"product_brand","embeddable":true,"href":"https:\/\/stoic-curie.212-227-153-4.plesk.page\/pt\/wp-json\/wp\/v2\/product_brand?post=751838"},{"taxonomy":"product_cat","embeddable":true,"href":"https:\/\/stoic-curie.212-227-153-4.plesk.page\/pt\/wp-json\/wp\/v2\/product_cat?post=751838"},{"taxonomy":"product_tag","embeddable":true,"href":"https:\/\/stoic-curie.212-227-153-4.plesk.page\/pt\/wp-json\/wp\/v2\/product_tag?post=751838"}],"curies":[{"name":"wp","href":"https:\/\/api.w.org\/{rel}","templated":true}]}}