{"id":751839,"date":"2025-03-04T01:04:23","date_gmt":"2025-03-04T00:04:23","guid":{"rendered":"https:\/\/stoic-curie.212-227-153-4.plesk.page\/producto\/bomba-bravo-ge10-b-12v-450-lt-min\/"},"modified":"2026-02-25T00:28:24","modified_gmt":"2026-02-25T00:28:24","slug":"bomba-bravo-ge10-b-12v-450-lt-min","status":"publish","type":"product","link":"https:\/\/stoic-curie.212-227-153-4.plesk.page\/pt\/product\/bomba-bravo-ge10-b-12v-450-lt-min\/","title":{"rendered":"Bomba Bravo Ge10-b 12v 450 lt\/min"},"content":{"rendered":"<p>Bomba Bravo Ge10-b 12v 450 lt\/min &#8211; <\/p>\n<p>Inflador el\u00e9trico de alta velocidade com bateria GE 10-B. Gra\u00e7as ao motor de duas etapas, ele pode inflar ou desinflar um barco de 4 metros em 5 minutos. Inclui bolsa de ombro, tubo de 1,7 metros e adaptadores de v\u00e1lvula. Fonte de alimenta\u00e7\u00e3o com bateria recarreg\u00e1vel integrada ou com adaptador de 12V para isqueiro. Consumo m\u00e1ximo de 13A. Dimens\u00f5es: 12 x 16 x 31 cm.<\/p>\n","protected":false},"excerpt":{"rendered":"<p>Bomba Bravo Ge10-b 12v 450 lt\/min &#8211; Inflador el\u00e9trico de alta velocidade com bateria GE 10-B. Gra\u00e7as ao motor de<\/p>\n","protected":false},"featured_media":5948124,"comment_status":"open","ping_status":"closed","template":"","meta":[],"product_brand":[2852],"product_cat":[2122],"product_tag":[],"class_list":{"0":"post-751839","1":"product","2":"type-product","3":"status-publish","4":"has-post-thumbnail","6":"product_brand-bravo-scoprega-pt","7":"product_cat-bombas-de-ar-para-embarcacoes-auxiliares","9":"first","10":"instock","11":"shipping-taxable","12":"purchasable","13":"product-type-simple"},"_links":{"self":[{"href":"https:\/\/stoic-curie.212-227-153-4.plesk.page\/pt\/wp-json\/wp\/v2\/product\/751839","targetHints":{"allow":["GET"]}}],"collection":[{"href":"https:\/\/stoic-curie.212-227-153-4.plesk.page\/pt\/wp-json\/wp\/v2\/product"}],"about":[{"href":"https:\/\/stoic-curie.212-227-153-4.plesk.page\/pt\/wp-json\/wp\/v2\/types\/product"}],"replies":[{"embeddable":true,"href":"https:\/\/stoic-curie.212-227-153-4.plesk.page\/pt\/wp-json\/wp\/v2\/comments?post=751839"}],"version-history":[{"count":0,"href":"https:\/\/stoic-curie.212-227-153-4.plesk.page\/pt\/wp-json\/wp\/v2\/product\/751839\/revisions"}],"wp:featuredmedia":[{"embeddable":true,"href":"https:\/\/stoic-curie.212-227-153-4.plesk.page\/pt\/wp-json\/wp\/v2\/media\/5948124"}],"wp:attachment":[{"href":"https:\/\/stoic-curie.212-227-153-4.plesk.page\/pt\/wp-json\/wp\/v2\/media?parent=751839"}],"wp:term":[{"taxonomy":"product_brand","embeddable":true,"href":"https:\/\/stoic-curie.212-227-153-4.plesk.page\/pt\/wp-json\/wp\/v2\/product_brand?post=751839"},{"taxonomy":"product_cat","embeddable":true,"href":"https:\/\/stoic-curie.212-227-153-4.plesk.page\/pt\/wp-json\/wp\/v2\/product_cat?post=751839"},{"taxonomy":"product_tag","embeddable":true,"href":"https:\/\/stoic-curie.212-227-153-4.plesk.page\/pt\/wp-json\/wp\/v2\/product_tag?post=751839"}],"curies":[{"name":"wp","href":"https:\/\/api.w.org\/{rel}","templated":true}]}}