{"id":751840,"date":"2025-03-04T01:04:23","date_gmt":"2025-03-04T00:04:23","guid":{"rendered":"https:\/\/stoic-curie.212-227-153-4.plesk.page\/producto\/bomba-bravo-turbo-max-12v-1000-lt-min\/"},"modified":"2026-02-25T00:28:24","modified_gmt":"2026-02-25T00:28:24","slug":"bomba-bravo-turbo-max-12v-1000-lt-min","status":"publish","type":"product","link":"https:\/\/stoic-curie.212-227-153-4.plesk.page\/pt\/product\/bomba-bravo-turbo-max-12v-1000-lt-min\/","title":{"rendered":"Bomba Bravo TURBO Max 12v 1000 lt\/min"},"content":{"rendered":"<p>Bomba Bravo TURBO Max 12v 1000 lt\/min &#8211; <\/p>\n<p>Inflador el\u00e9trico Turbo Max 12V de alta velocidade com parada autom\u00e1tica quando a press\u00e3o \u00e9 atingida. Pode encher e esvaziar um barco de 7 metros em 7 minutos. Completo com cabo de alimenta\u00e7\u00e3o de 0,7 metros, tubo de ar de 2,8 metros, fus\u00edvel de seguran\u00e7a e bolsa de ombro. Consumo m\u00e1ximo 60A. Dimens\u00f5es: 30 x 16 x 7 cm. Altura do recesso 6 cm.<\/p>\n","protected":false},"excerpt":{"rendered":"<p>Bomba Bravo TURBO Max 12v 1000 lt\/min &#8211; Inflador el\u00e9trico Turbo Max 12V de alta velocidade com parada autom\u00e1tica quando<\/p>\n","protected":false},"featured_media":5944001,"comment_status":"open","ping_status":"closed","template":"","meta":[],"product_brand":[2852],"product_cat":[2122],"product_tag":[],"class_list":{"0":"post-751840","1":"product","2":"type-product","3":"status-publish","4":"has-post-thumbnail","6":"product_brand-bravo-scoprega-pt","7":"product_cat-bombas-de-ar-para-embarcacoes-auxiliares","9":"first","10":"instock","11":"shipping-taxable","12":"purchasable","13":"product-type-simple"},"_links":{"self":[{"href":"https:\/\/stoic-curie.212-227-153-4.plesk.page\/pt\/wp-json\/wp\/v2\/product\/751840","targetHints":{"allow":["GET"]}}],"collection":[{"href":"https:\/\/stoic-curie.212-227-153-4.plesk.page\/pt\/wp-json\/wp\/v2\/product"}],"about":[{"href":"https:\/\/stoic-curie.212-227-153-4.plesk.page\/pt\/wp-json\/wp\/v2\/types\/product"}],"replies":[{"embeddable":true,"href":"https:\/\/stoic-curie.212-227-153-4.plesk.page\/pt\/wp-json\/wp\/v2\/comments?post=751840"}],"version-history":[{"count":0,"href":"https:\/\/stoic-curie.212-227-153-4.plesk.page\/pt\/wp-json\/wp\/v2\/product\/751840\/revisions"}],"wp:featuredmedia":[{"embeddable":true,"href":"https:\/\/stoic-curie.212-227-153-4.plesk.page\/pt\/wp-json\/wp\/v2\/media\/5944001"}],"wp:attachment":[{"href":"https:\/\/stoic-curie.212-227-153-4.plesk.page\/pt\/wp-json\/wp\/v2\/media?parent=751840"}],"wp:term":[{"taxonomy":"product_brand","embeddable":true,"href":"https:\/\/stoic-curie.212-227-153-4.plesk.page\/pt\/wp-json\/wp\/v2\/product_brand?post=751840"},{"taxonomy":"product_cat","embeddable":true,"href":"https:\/\/stoic-curie.212-227-153-4.plesk.page\/pt\/wp-json\/wp\/v2\/product_cat?post=751840"},{"taxonomy":"product_tag","embeddable":true,"href":"https:\/\/stoic-curie.212-227-153-4.plesk.page\/pt\/wp-json\/wp\/v2\/product_tag?post=751840"}],"curies":[{"name":"wp","href":"https:\/\/api.w.org\/{rel}","templated":true}]}}