{"id":751842,"date":"2025-03-04T01:04:24","date_gmt":"2025-03-04T00:04:24","guid":{"rendered":"https:\/\/stoic-curie.212-227-153-4.plesk.page\/producto\/guincho-manual-para-reboque-1100-kg-2-velocidades\/"},"modified":"2026-02-25T00:28:24","modified_gmt":"2026-02-25T00:28:24","slug":"guincho-manual-para-reboque-1100-kg-2-velocidades","status":"publish","type":"product","link":"https:\/\/stoic-curie.212-227-153-4.plesk.page\/pt\/product\/guincho-manual-para-reboque-1100-kg-2-velocidades\/","title":{"rendered":"Guincho Manual para Reboque 1100 kg 2 Velocidades"},"content":{"rendered":"<p>Guincho Manual para Reboque 1100 kg 2 Velocidades &#8211; <\/p>\n<p>Guinchos manuais para f\u00e1cil i\u00e7amento de barcos. Carga m\u00e1xima kg: limite de peso que o guincho pode suportar em reboque horizontal sem escorregar. Para cargas inclinadas, recomenda-se n\u00e3o exceder dois ter\u00e7os do limite de peso. Fornecido sem cabo de a\u00e7o ou fita.<\/p>\n","protected":false},"excerpt":{"rendered":"<p>Guincho Manual para Reboque 1100 kg 2 Velocidades &#8211; Guinchos manuais para f\u00e1cil i\u00e7amento de barcos. Carga m\u00e1xima kg: limite<\/p>\n","protected":false},"featured_media":5948153,"comment_status":"open","ping_status":"closed","template":"","meta":[],"product_brand":[2892],"product_cat":[2121],"product_tag":[],"class_list":{"0":"post-751842","1":"product","2":"type-product","3":"status-publish","4":"has-post-thumbnail","6":"product_brand-domar-pt","7":"product_cat-guinchos-para-reboques","9":"first","10":"instock","11":"shipping-taxable","12":"purchasable","13":"product-type-simple"},"_links":{"self":[{"href":"https:\/\/stoic-curie.212-227-153-4.plesk.page\/pt\/wp-json\/wp\/v2\/product\/751842","targetHints":{"allow":["GET"]}}],"collection":[{"href":"https:\/\/stoic-curie.212-227-153-4.plesk.page\/pt\/wp-json\/wp\/v2\/product"}],"about":[{"href":"https:\/\/stoic-curie.212-227-153-4.plesk.page\/pt\/wp-json\/wp\/v2\/types\/product"}],"replies":[{"embeddable":true,"href":"https:\/\/stoic-curie.212-227-153-4.plesk.page\/pt\/wp-json\/wp\/v2\/comments?post=751842"}],"version-history":[{"count":0,"href":"https:\/\/stoic-curie.212-227-153-4.plesk.page\/pt\/wp-json\/wp\/v2\/product\/751842\/revisions"}],"wp:featuredmedia":[{"embeddable":true,"href":"https:\/\/stoic-curie.212-227-153-4.plesk.page\/pt\/wp-json\/wp\/v2\/media\/5948153"}],"wp:attachment":[{"href":"https:\/\/stoic-curie.212-227-153-4.plesk.page\/pt\/wp-json\/wp\/v2\/media?parent=751842"}],"wp:term":[{"taxonomy":"product_brand","embeddable":true,"href":"https:\/\/stoic-curie.212-227-153-4.plesk.page\/pt\/wp-json\/wp\/v2\/product_brand?post=751842"},{"taxonomy":"product_cat","embeddable":true,"href":"https:\/\/stoic-curie.212-227-153-4.plesk.page\/pt\/wp-json\/wp\/v2\/product_cat?post=751842"},{"taxonomy":"product_tag","embeddable":true,"href":"https:\/\/stoic-curie.212-227-153-4.plesk.page\/pt\/wp-json\/wp\/v2\/product_tag?post=751842"}],"curies":[{"name":"wp","href":"https:\/\/api.w.org\/{rel}","templated":true}]}}