{"id":751843,"date":"2025-03-04T01:04:25","date_gmt":"2025-03-04T00:04:25","guid":{"rendered":"https:\/\/stoic-curie.212-227-153-4.plesk.page\/producto\/casaco-nautico-musto-br2-offshore-preto-tamanho-l\/"},"modified":"2026-02-25T00:28:24","modified_gmt":"2026-02-25T00:28:24","slug":"casaco-nautico-musto-br2-offshore-preto-tamanho-l","status":"publish","type":"product","link":"https:\/\/stoic-curie.212-227-153-4.plesk.page\/pt\/product\/casaco-nautico-musto-br2-offshore-preto-tamanho-l\/","title":{"rendered":"Casaco N\u00e1utico Musto BR2 Offshore Preto: Tamanho L"},"content":{"rendered":"<p>Casaco N\u00e1utico Musto BR2 Offshore Preto: Tamanho L &#8211; <\/p>\n<p>A jaqueta Musto BR2 Offshore \u00e9 constru\u00eddo a partir de um tecido BR2 de 2 camadas, extremamente respir\u00e1vel, imperme\u00e1vel e \u00e0 prova de vento. Com mangas articuladas, capuz fluorescente que pode ser enrolado e aba dupla ajust\u00e1vel de duas vias com canal de drenagem sobre um z\u00edper YKK\u00c2\u00ae de duas vias para um fechamento frontal impenetr\u00e1vel. A gola forrada com pel\u00facia em rede proporciona conforto e calor, punhos duplos com punhos externos ajust\u00e1veis, forro de rede, 2 bolsos cargo com fechos repelentes \u00e0 \u00e1gua e 4 bolsos t\u00e9rmicos forrados parcialmente com pel\u00facia, al\u00e9m de um bolso interno com z\u00edper, um bolso interno para \u00f3culos de sol, refletores prism\u00e1ticos e detalhes refletivos nas costuras.<\/p>\n","protected":false},"excerpt":{"rendered":"<p>Casaco N\u00e1utico Musto BR2 Offshore Preto: Tamanho L &#8211; A jaqueta Musto BR2 Offshore \u00e9 constru\u00eddo a partir de um<\/p>\n","protected":false},"featured_media":5948160,"comment_status":"open","ping_status":"closed","template":"","meta":[],"product_brand":[3157],"product_cat":[2141],"product_tag":[],"class_list":{"0":"post-751843","1":"product","2":"type-product","3":"status-publish","4":"has-post-thumbnail","6":"product_brand-musto-pt","7":"product_cat-vestuario-de-vela-musto","9":"first","10":"instock","11":"shipping-taxable","12":"purchasable","13":"product-type-simple"},"_links":{"self":[{"href":"https:\/\/stoic-curie.212-227-153-4.plesk.page\/pt\/wp-json\/wp\/v2\/product\/751843","targetHints":{"allow":["GET"]}}],"collection":[{"href":"https:\/\/stoic-curie.212-227-153-4.plesk.page\/pt\/wp-json\/wp\/v2\/product"}],"about":[{"href":"https:\/\/stoic-curie.212-227-153-4.plesk.page\/pt\/wp-json\/wp\/v2\/types\/product"}],"replies":[{"embeddable":true,"href":"https:\/\/stoic-curie.212-227-153-4.plesk.page\/pt\/wp-json\/wp\/v2\/comments?post=751843"}],"version-history":[{"count":0,"href":"https:\/\/stoic-curie.212-227-153-4.plesk.page\/pt\/wp-json\/wp\/v2\/product\/751843\/revisions"}],"wp:featuredmedia":[{"embeddable":true,"href":"https:\/\/stoic-curie.212-227-153-4.plesk.page\/pt\/wp-json\/wp\/v2\/media\/5948160"}],"wp:attachment":[{"href":"https:\/\/stoic-curie.212-227-153-4.plesk.page\/pt\/wp-json\/wp\/v2\/media?parent=751843"}],"wp:term":[{"taxonomy":"product_brand","embeddable":true,"href":"https:\/\/stoic-curie.212-227-153-4.plesk.page\/pt\/wp-json\/wp\/v2\/product_brand?post=751843"},{"taxonomy":"product_cat","embeddable":true,"href":"https:\/\/stoic-curie.212-227-153-4.plesk.page\/pt\/wp-json\/wp\/v2\/product_cat?post=751843"},{"taxonomy":"product_tag","embeddable":true,"href":"https:\/\/stoic-curie.212-227-153-4.plesk.page\/pt\/wp-json\/wp\/v2\/product_tag?post=751843"}],"curies":[{"name":"wp","href":"https:\/\/api.w.org\/{rel}","templated":true}]}}