{"id":751844,"date":"2025-03-04T01:04:25","date_gmt":"2025-03-04T00:04:25","guid":{"rendered":"https:\/\/stoic-curie.212-227-153-4.plesk.page\/producto\/calcas-de-vela-helly-hansen-oxford-pretas-tamanho-54-2\/"},"modified":"2026-02-25T00:28:24","modified_gmt":"2026-02-25T00:28:24","slug":"calcas-de-vela-helly-hansen-oxford-pretas-tamanho-54-2","status":"publish","type":"product","link":"https:\/\/stoic-curie.212-227-153-4.plesk.page\/pt\/product\/calcas-de-vela-helly-hansen-oxford-pretas-tamanho-54-2\/","title":{"rendered":"Cal\u00e7as de Vela Helly Hansen Oxford Pretas: Tamanho 54"},"content":{"rendered":"<p>Cal\u00e7as de Vela Helly Hansen Oxford Pretas: Tamanho 54 &#8211; <\/p>\n<p>A Suspens\u00f3rio Oxford da Helly Hansen, com al\u00e7as el\u00e1sticas e stretch em quatro dire\u00e7\u00f5es nas laterais, representa a escolha perfeita quando tanto o conforto quanto a durabilidade s\u00e3o necess\u00e1rios. Com um bolso no peito com fecho, el\u00e1stico na cintura para um ajuste perfeito e liberdade de movimento, lazadas largas, bolsos traseiros, um bolso na coxa com fecho, tecido de refor\u00e7o nos joelhos e na barra inferior, bolsos para almofadas de joelho acess\u00edveis por dentro e a possibilidade de aumentar o comprimento da perna em 5 cm.<\/p>\n","protected":false},"excerpt":{"rendered":"<p>Cal\u00e7as de Vela Helly Hansen Oxford Pretas: Tamanho 54 &#8211; A Suspens\u00f3rio Oxford da Helly Hansen, com al\u00e7as el\u00e1sticas e<\/p>\n","protected":false},"featured_media":5945640,"comment_status":"open","ping_status":"closed","template":"","meta":[],"product_brand":[3002],"product_cat":[2144],"product_tag":[],"class_list":{"0":"post-751844","1":"product","2":"type-product","3":"status-publish","4":"has-post-thumbnail","6":"product_brand-helly-hansen-pt","7":"product_cat-vestuario-helly-hansen","9":"first","10":"instock","11":"shipping-taxable","12":"purchasable","13":"product-type-simple"},"_links":{"self":[{"href":"https:\/\/stoic-curie.212-227-153-4.plesk.page\/pt\/wp-json\/wp\/v2\/product\/751844","targetHints":{"allow":["GET"]}}],"collection":[{"href":"https:\/\/stoic-curie.212-227-153-4.plesk.page\/pt\/wp-json\/wp\/v2\/product"}],"about":[{"href":"https:\/\/stoic-curie.212-227-153-4.plesk.page\/pt\/wp-json\/wp\/v2\/types\/product"}],"replies":[{"embeddable":true,"href":"https:\/\/stoic-curie.212-227-153-4.plesk.page\/pt\/wp-json\/wp\/v2\/comments?post=751844"}],"version-history":[{"count":0,"href":"https:\/\/stoic-curie.212-227-153-4.plesk.page\/pt\/wp-json\/wp\/v2\/product\/751844\/revisions"}],"wp:featuredmedia":[{"embeddable":true,"href":"https:\/\/stoic-curie.212-227-153-4.plesk.page\/pt\/wp-json\/wp\/v2\/media\/5945640"}],"wp:attachment":[{"href":"https:\/\/stoic-curie.212-227-153-4.plesk.page\/pt\/wp-json\/wp\/v2\/media?parent=751844"}],"wp:term":[{"taxonomy":"product_brand","embeddable":true,"href":"https:\/\/stoic-curie.212-227-153-4.plesk.page\/pt\/wp-json\/wp\/v2\/product_brand?post=751844"},{"taxonomy":"product_cat","embeddable":true,"href":"https:\/\/stoic-curie.212-227-153-4.plesk.page\/pt\/wp-json\/wp\/v2\/product_cat?post=751844"},{"taxonomy":"product_tag","embeddable":true,"href":"https:\/\/stoic-curie.212-227-153-4.plesk.page\/pt\/wp-json\/wp\/v2\/product_tag?post=751844"}],"curies":[{"name":"wp","href":"https:\/\/api.w.org\/{rel}","templated":true}]}}