{"id":751848,"date":"2025-03-04T01:04:26","date_gmt":"2025-03-04T00:04:26","guid":{"rendered":"https:\/\/stoic-curie.212-227-153-4.plesk.page\/producto\/bimini-nautico-f2-azul-com-2-arcos-em-aluminio-130-cm-largura-x-180-cm-comprimento-x-110-cm-altura\/"},"modified":"2026-02-25T00:28:25","modified_gmt":"2026-02-25T00:28:25","slug":"bimini-nautico-f2-azul-com-2-arcos-em-aluminio-130-cm-largura-x-180-cm-comprimento-x-110-cm-altura","status":"publish","type":"product","link":"https:\/\/stoic-curie.212-227-153-4.plesk.page\/pt\/product\/bimini-nautico-f2-azul-com-2-arcos-em-aluminio-130-cm-largura-x-180-cm-comprimento-x-110-cm-altura\/","title":{"rendered":"Bimini N\u00e1utico F2 Azul com 2 arcos em Alum\u00ednio 130 cm Largura x 180 cm Comprimento x 110 cm Altura"},"content":{"rendered":"<p>Bimini N\u00e1utico F2 Azul com 2 arcos em Alum\u00ednio 130 cm Largura x 180 cm Comprimento x 110 cm Altura &#8211; <\/p>\n<p>Bimini de 2 arcos para prote\u00e7\u00e3o solar. Estrutura em alum\u00ednio anodizado, tecido 100% poli\u00e9ster revestido em PVC. Tubos de 20 mm.<\/p>\n","protected":false},"excerpt":{"rendered":"<p>Bimini N\u00e1utico F2 Azul com 2 arcos em Alum\u00ednio 130 cm Largura x 180 cm Comprimento x 110 cm Altura<\/p>\n","protected":false},"featured_media":5937074,"comment_status":"open","ping_status":"closed","template":"","meta":[],"product_brand":[3187],"product_cat":[1976],"product_tag":[],"class_list":{"0":"post-751848","1":"product","2":"type-product","3":"status-publish","4":"has-post-thumbnail","6":"product_brand-nettuno-pt","7":"product_cat-toldos-bimini-hardware-nautico","9":"first","10":"instock","11":"shipping-taxable","12":"purchasable","13":"product-type-simple"},"_links":{"self":[{"href":"https:\/\/stoic-curie.212-227-153-4.plesk.page\/pt\/wp-json\/wp\/v2\/product\/751848","targetHints":{"allow":["GET"]}}],"collection":[{"href":"https:\/\/stoic-curie.212-227-153-4.plesk.page\/pt\/wp-json\/wp\/v2\/product"}],"about":[{"href":"https:\/\/stoic-curie.212-227-153-4.plesk.page\/pt\/wp-json\/wp\/v2\/types\/product"}],"replies":[{"embeddable":true,"href":"https:\/\/stoic-curie.212-227-153-4.plesk.page\/pt\/wp-json\/wp\/v2\/comments?post=751848"}],"version-history":[{"count":0,"href":"https:\/\/stoic-curie.212-227-153-4.plesk.page\/pt\/wp-json\/wp\/v2\/product\/751848\/revisions"}],"wp:featuredmedia":[{"embeddable":true,"href":"https:\/\/stoic-curie.212-227-153-4.plesk.page\/pt\/wp-json\/wp\/v2\/media\/5937074"}],"wp:attachment":[{"href":"https:\/\/stoic-curie.212-227-153-4.plesk.page\/pt\/wp-json\/wp\/v2\/media?parent=751848"}],"wp:term":[{"taxonomy":"product_brand","embeddable":true,"href":"https:\/\/stoic-curie.212-227-153-4.plesk.page\/pt\/wp-json\/wp\/v2\/product_brand?post=751848"},{"taxonomy":"product_cat","embeddable":true,"href":"https:\/\/stoic-curie.212-227-153-4.plesk.page\/pt\/wp-json\/wp\/v2\/product_cat?post=751848"},{"taxonomy":"product_tag","embeddable":true,"href":"https:\/\/stoic-curie.212-227-153-4.plesk.page\/pt\/wp-json\/wp\/v2\/product_tag?post=751848"}],"curies":[{"name":"wp","href":"https:\/\/api.w.org\/{rel}","templated":true}]}}