{"id":751849,"date":"2025-03-04T01:04:27","date_gmt":"2025-03-04T00:04:27","guid":{"rendered":"https:\/\/stoic-curie.212-227-153-4.plesk.page\/producto\/suporte-em-aco-inoxidavel-para-bimini\/"},"modified":"2026-02-25T00:28:25","modified_gmt":"2026-02-25T00:28:25","slug":"suporte-em-aco-inoxidavel-para-bimini","status":"publish","type":"product","link":"https:\/\/stoic-curie.212-227-153-4.plesk.page\/pt\/product\/suporte-em-aco-inoxidavel-para-bimini\/","title":{"rendered":"Suporte em A\u00e7o Inoxid\u00e1vel para Bimini"},"content":{"rendered":"<p>Suporte em A\u00e7o Inoxid\u00e1vel para Bimini &#8211; <\/p>\n<p>Apresentamos o tubo de a\u00e7o inox da Tessilmare, projetado com terminais de alta qualidade que garantem uma fixa\u00e7\u00e3o segura tanto ao seu bimini quanto ao deck do barco. Este produto n\u00e3o s\u00f3 proporciona um suporte extra, mas tamb\u00e9m aumenta a seguran\u00e7a enquanto voc\u00ea est\u00e1 na \u00e1gua, oferecendo tranquilidade durante suas aventuras de navega\u00e7\u00e3o.<\/p>\n","protected":false},"excerpt":{"rendered":"<p>Suporte em A\u00e7o Inoxid\u00e1vel para Bimini &#8211; Apresentamos o tubo de a\u00e7o inox da Tessilmare, projetado com terminais de alta<\/p>\n","protected":false},"featured_media":5948279,"comment_status":"open","ping_status":"closed","template":"","meta":[],"product_brand":[3187],"product_cat":[1990,1976],"product_tag":[],"class_list":{"0":"post-751849","1":"product","2":"type-product","3":"status-publish","4":"has-post-thumbnail","6":"product_brand-nettuno-pt","7":"product_cat-pecas-para-coberturas-e-bimini","8":"product_cat-toldos-bimini-hardware-nautico","10":"first","11":"instock","12":"shipping-taxable","13":"purchasable","14":"product-type-simple"},"_links":{"self":[{"href":"https:\/\/stoic-curie.212-227-153-4.plesk.page\/pt\/wp-json\/wp\/v2\/product\/751849","targetHints":{"allow":["GET"]}}],"collection":[{"href":"https:\/\/stoic-curie.212-227-153-4.plesk.page\/pt\/wp-json\/wp\/v2\/product"}],"about":[{"href":"https:\/\/stoic-curie.212-227-153-4.plesk.page\/pt\/wp-json\/wp\/v2\/types\/product"}],"replies":[{"embeddable":true,"href":"https:\/\/stoic-curie.212-227-153-4.plesk.page\/pt\/wp-json\/wp\/v2\/comments?post=751849"}],"version-history":[{"count":0,"href":"https:\/\/stoic-curie.212-227-153-4.plesk.page\/pt\/wp-json\/wp\/v2\/product\/751849\/revisions"}],"wp:featuredmedia":[{"embeddable":true,"href":"https:\/\/stoic-curie.212-227-153-4.plesk.page\/pt\/wp-json\/wp\/v2\/media\/5948279"}],"wp:attachment":[{"href":"https:\/\/stoic-curie.212-227-153-4.plesk.page\/pt\/wp-json\/wp\/v2\/media?parent=751849"}],"wp:term":[{"taxonomy":"product_brand","embeddable":true,"href":"https:\/\/stoic-curie.212-227-153-4.plesk.page\/pt\/wp-json\/wp\/v2\/product_brand?post=751849"},{"taxonomy":"product_cat","embeddable":true,"href":"https:\/\/stoic-curie.212-227-153-4.plesk.page\/pt\/wp-json\/wp\/v2\/product_cat?post=751849"},{"taxonomy":"product_tag","embeddable":true,"href":"https:\/\/stoic-curie.212-227-153-4.plesk.page\/pt\/wp-json\/wp\/v2\/product_tag?post=751849"}],"curies":[{"name":"wp","href":"https:\/\/api.w.org\/{rel}","templated":true}]}}