{"id":751850,"date":"2025-03-04T01:04:27","date_gmt":"2025-03-04T00:04:27","guid":{"rendered":"https:\/\/stoic-curie.212-227-153-4.plesk.page\/producto\/saco-para-40-bandeiras-de-sinalizacao\/"},"modified":"2026-02-25T00:28:25","modified_gmt":"2026-02-25T00:28:25","slug":"saco-para-40-bandeiras-de-sinalizacao","status":"publish","type":"product","link":"https:\/\/stoic-curie.212-227-153-4.plesk.page\/pt\/product\/saco-para-40-bandeiras-de-sinalizacao\/","title":{"rendered":"Saco para 40 Bandeiras de Sinaliza\u00e7\u00e3o"},"content":{"rendered":"<p>Saco para 40 Bandeiras de Sinaliza\u00e7\u00e3o &#8211; <\/p>\n<p>Sacola de lona para bandeiras de sinaliza\u00e7\u00e3o mar\u00edtima internacionais de 20x30cm ou 30x45cm.<\/p>\n","protected":false},"excerpt":{"rendered":"<p>Saco para 40 Bandeiras de Sinaliza\u00e7\u00e3o &#8211; Sacola de lona para bandeiras de sinaliza\u00e7\u00e3o mar\u00edtima internacionais de 20x30cm ou 30x45cm.<\/p>\n","protected":false},"featured_media":5948284,"comment_status":"open","ping_status":"closed","template":"","meta":[],"product_brand":[3117],"product_cat":[2068],"product_tag":[],"class_list":{"0":"post-751850","1":"product","2":"type-product","3":"status-publish","4":"has-post-thumbnail","6":"product_brand-marine-flags-pt","7":"product_cat-bandeiras-de-sinalizacao","9":"first","10":"instock","11":"shipping-taxable","12":"purchasable","13":"product-type-simple"},"_links":{"self":[{"href":"https:\/\/stoic-curie.212-227-153-4.plesk.page\/pt\/wp-json\/wp\/v2\/product\/751850","targetHints":{"allow":["GET"]}}],"collection":[{"href":"https:\/\/stoic-curie.212-227-153-4.plesk.page\/pt\/wp-json\/wp\/v2\/product"}],"about":[{"href":"https:\/\/stoic-curie.212-227-153-4.plesk.page\/pt\/wp-json\/wp\/v2\/types\/product"}],"replies":[{"embeddable":true,"href":"https:\/\/stoic-curie.212-227-153-4.plesk.page\/pt\/wp-json\/wp\/v2\/comments?post=751850"}],"version-history":[{"count":0,"href":"https:\/\/stoic-curie.212-227-153-4.plesk.page\/pt\/wp-json\/wp\/v2\/product\/751850\/revisions"}],"wp:featuredmedia":[{"embeddable":true,"href":"https:\/\/stoic-curie.212-227-153-4.plesk.page\/pt\/wp-json\/wp\/v2\/media\/5948284"}],"wp:attachment":[{"href":"https:\/\/stoic-curie.212-227-153-4.plesk.page\/pt\/wp-json\/wp\/v2\/media?parent=751850"}],"wp:term":[{"taxonomy":"product_brand","embeddable":true,"href":"https:\/\/stoic-curie.212-227-153-4.plesk.page\/pt\/wp-json\/wp\/v2\/product_brand?post=751850"},{"taxonomy":"product_cat","embeddable":true,"href":"https:\/\/stoic-curie.212-227-153-4.plesk.page\/pt\/wp-json\/wp\/v2\/product_cat?post=751850"},{"taxonomy":"product_tag","embeddable":true,"href":"https:\/\/stoic-curie.212-227-153-4.plesk.page\/pt\/wp-json\/wp\/v2\/product_tag?post=751850"}],"curies":[{"name":"wp","href":"https:\/\/api.w.org\/{rel}","templated":true}]}}