{"id":751851,"date":"2025-03-04T01:04:27","date_gmt":"2025-03-04T00:04:27","guid":{"rendered":"https:\/\/stoic-curie.212-227-153-4.plesk.page\/producto\/pads-antiderrapantes-tbsafe-pretos-30-x-60-cm-pecas-pacote-2\/"},"modified":"2026-02-25T00:28:25","modified_gmt":"2026-02-25T00:28:25","slug":"pads-antiderrapantes-tbsafe-pretos-30-x-60-cm-pecas-pacote-2","status":"publish","type":"product","link":"https:\/\/stoic-curie.212-227-153-4.plesk.page\/pt\/product\/pads-antiderrapantes-tbsafe-pretos-30-x-60-cm-pecas-pacote-2\/","title":{"rendered":"Pads Antiderrapantes Tbsafe Pretos 30 x 60 cm, Pe\u00e7as\/Pacote 2"},"content":{"rendered":"<p>Pads Antiderrapantes Tbsafe Pretos 30 x 60 cm, Pe\u00e7as\/Pacote 2 &#8211; <\/p>\n<p>Almofadas antideslizantes para botes e infl\u00e1veis com adesivo AT4 espec\u00edfico para Hypalon, compostos e metais. Feito de elast\u00f4mero flex\u00edvel de gr\u00e3o fino com altas propriedades antideslizantes, n\u00e3o t\u00f3xico, resistente ao desgaste, raios UV e ao ambiente marinho. Testado de acordo com a norma EN13036-4. Pacote com 2 unidades.<\/p>\n","protected":false},"excerpt":{"rendered":"<p>Pads Antiderrapantes Tbsafe Pretos 30 x 60 cm, Pe\u00e7as\/Pacote 2 &#8211; Almofadas antideslizantes para botes e infl\u00e1veis com adesivo AT4<\/p>\n","protected":false},"featured_media":5948293,"comment_status":"open","ping_status":"closed","template":"","meta":[],"product_brand":[3452],"product_cat":[2126],"product_tag":[],"class_list":{"0":"post-751851","1":"product","2":"type-product","3":"status-publish","4":"has-post-thumbnail","6":"product_brand-tbs-pt","7":"product_cat-acessorios-para-embarcacoes-auxiliares","9":"first","10":"instock","11":"shipping-taxable","12":"purchasable","13":"product-type-simple"},"_links":{"self":[{"href":"https:\/\/stoic-curie.212-227-153-4.plesk.page\/pt\/wp-json\/wp\/v2\/product\/751851","targetHints":{"allow":["GET"]}}],"collection":[{"href":"https:\/\/stoic-curie.212-227-153-4.plesk.page\/pt\/wp-json\/wp\/v2\/product"}],"about":[{"href":"https:\/\/stoic-curie.212-227-153-4.plesk.page\/pt\/wp-json\/wp\/v2\/types\/product"}],"replies":[{"embeddable":true,"href":"https:\/\/stoic-curie.212-227-153-4.plesk.page\/pt\/wp-json\/wp\/v2\/comments?post=751851"}],"version-history":[{"count":0,"href":"https:\/\/stoic-curie.212-227-153-4.plesk.page\/pt\/wp-json\/wp\/v2\/product\/751851\/revisions"}],"wp:featuredmedia":[{"embeddable":true,"href":"https:\/\/stoic-curie.212-227-153-4.plesk.page\/pt\/wp-json\/wp\/v2\/media\/5948293"}],"wp:attachment":[{"href":"https:\/\/stoic-curie.212-227-153-4.plesk.page\/pt\/wp-json\/wp\/v2\/media?parent=751851"}],"wp:term":[{"taxonomy":"product_brand","embeddable":true,"href":"https:\/\/stoic-curie.212-227-153-4.plesk.page\/pt\/wp-json\/wp\/v2\/product_brand?post=751851"},{"taxonomy":"product_cat","embeddable":true,"href":"https:\/\/stoic-curie.212-227-153-4.plesk.page\/pt\/wp-json\/wp\/v2\/product_cat?post=751851"},{"taxonomy":"product_tag","embeddable":true,"href":"https:\/\/stoic-curie.212-227-153-4.plesk.page\/pt\/wp-json\/wp\/v2\/product_tag?post=751851"}],"curies":[{"name":"wp","href":"https:\/\/api.w.org\/{rel}","templated":true}]}}