{"id":751854,"date":"2025-03-04T01:04:29","date_gmt":"2025-03-04T00:04:29","guid":{"rendered":"https:\/\/stoic-curie.212-227-153-4.plesk.page\/producto\/saida-de-escape-com-flap-para-mangueira-de-125mm\/"},"modified":"2026-02-25T00:28:25","modified_gmt":"2026-02-25T00:28:25","slug":"saida-de-escape-com-flap-para-mangueira-de-125mm","status":"publish","type":"product","link":"https:\/\/stoic-curie.212-227-153-4.plesk.page\/pt\/product\/saida-de-escape-com-flap-para-mangueira-de-125mm\/","title":{"rendered":"Sa\u00edda de Escape com Flap para Mangueira de 125mm"},"content":{"rendered":"<p>Sa\u00edda de Escape com Flap para Mangueira de 125mm &#8211; <\/p>\n<p>Sa\u00eddas de escape em a\u00e7o inoxid\u00e1vel com v\u00e1lvula de reten\u00e7\u00e3o.<\/p>\n","protected":false},"excerpt":{"rendered":"<p>Sa\u00edda de Escape com Flap para Mangueira de 125mm &#8211; Sa\u00eddas de escape em a\u00e7o inoxid\u00e1vel com v\u00e1lvula de reten\u00e7\u00e3o.<\/p>\n","protected":false},"featured_media":5948298,"comment_status":"open","ping_status":"closed","template":"","meta":[],"product_brand":[3357],"product_cat":[2081],"product_tag":[],"class_list":{"0":"post-751854","1":"product","2":"type-product","3":"status-publish","4":"has-post-thumbnail","6":"product_brand-seaflow-pt","7":"product_cat-silenciadores-de-escape","9":"first","10":"instock","11":"shipping-taxable","12":"purchasable","13":"product-type-simple"},"_links":{"self":[{"href":"https:\/\/stoic-curie.212-227-153-4.plesk.page\/pt\/wp-json\/wp\/v2\/product\/751854","targetHints":{"allow":["GET"]}}],"collection":[{"href":"https:\/\/stoic-curie.212-227-153-4.plesk.page\/pt\/wp-json\/wp\/v2\/product"}],"about":[{"href":"https:\/\/stoic-curie.212-227-153-4.plesk.page\/pt\/wp-json\/wp\/v2\/types\/product"}],"replies":[{"embeddable":true,"href":"https:\/\/stoic-curie.212-227-153-4.plesk.page\/pt\/wp-json\/wp\/v2\/comments?post=751854"}],"version-history":[{"count":0,"href":"https:\/\/stoic-curie.212-227-153-4.plesk.page\/pt\/wp-json\/wp\/v2\/product\/751854\/revisions"}],"wp:featuredmedia":[{"embeddable":true,"href":"https:\/\/stoic-curie.212-227-153-4.plesk.page\/pt\/wp-json\/wp\/v2\/media\/5948298"}],"wp:attachment":[{"href":"https:\/\/stoic-curie.212-227-153-4.plesk.page\/pt\/wp-json\/wp\/v2\/media?parent=751854"}],"wp:term":[{"taxonomy":"product_brand","embeddable":true,"href":"https:\/\/stoic-curie.212-227-153-4.plesk.page\/pt\/wp-json\/wp\/v2\/product_brand?post=751854"},{"taxonomy":"product_cat","embeddable":true,"href":"https:\/\/stoic-curie.212-227-153-4.plesk.page\/pt\/wp-json\/wp\/v2\/product_cat?post=751854"},{"taxonomy":"product_tag","embeddable":true,"href":"https:\/\/stoic-curie.212-227-153-4.plesk.page\/pt\/wp-json\/wp\/v2\/product_tag?post=751854"}],"curies":[{"name":"wp","href":"https:\/\/api.w.org\/{rel}","templated":true}]}}