{"id":751858,"date":"2025-03-04T01:04:30","date_gmt":"2025-03-04T00:04:30","guid":{"rendered":"https:\/\/stoic-curie.212-227-153-4.plesk.page\/producto\/eixo-da-helice-rolamento-90-x-110-x-360-mm\/"},"modified":"2026-02-25T00:28:25","modified_gmt":"2026-02-25T00:28:25","slug":"eixo-da-helice-rolamento-90-x-110-x-360-mm","status":"publish","type":"product","link":"https:\/\/stoic-curie.212-227-153-4.plesk.page\/pt\/product\/eixo-da-helice-rolamento-90-x-110-x-360-mm\/","title":{"rendered":"Eixo da h\u00e9lice Rolamento 90 x 110 x 360 mm"},"content":{"rendered":"<p>Eixo da h\u00e9lice Rolamento 90 x 110 x 360 mm &#8211; <\/p>\n<p>Rolamentos de eixo lubrificados com \u00e1gua com di\u00e2metro interno e externo m\u00e9trico. Casca de resina, parte interna de borracha com canais axiais.<\/p>\n","protected":false},"excerpt":{"rendered":"<p>Eixo da h\u00e9lice Rolamento 90 x 110 x 360 mm &#8211; Rolamentos de eixo lubrificados com \u00e1gua com di\u00e2metro interno<\/p>\n","protected":false},"featured_media":5948304,"comment_status":"open","ping_status":"closed","template":"","meta":[],"product_brand":[2932],"product_cat":[2099],"product_tag":[],"class_list":{"0":"post-751858","1":"product","2":"type-product","3":"status-publish","4":"has-post-thumbnail","6":"product_brand-exalto-marine-pt","7":"product_cat-rolamentos-do-veio-de-propulsao","9":"first","10":"instock","11":"shipping-taxable","12":"purchasable","13":"product-type-simple"},"_links":{"self":[{"href":"https:\/\/stoic-curie.212-227-153-4.plesk.page\/pt\/wp-json\/wp\/v2\/product\/751858","targetHints":{"allow":["GET"]}}],"collection":[{"href":"https:\/\/stoic-curie.212-227-153-4.plesk.page\/pt\/wp-json\/wp\/v2\/product"}],"about":[{"href":"https:\/\/stoic-curie.212-227-153-4.plesk.page\/pt\/wp-json\/wp\/v2\/types\/product"}],"replies":[{"embeddable":true,"href":"https:\/\/stoic-curie.212-227-153-4.plesk.page\/pt\/wp-json\/wp\/v2\/comments?post=751858"}],"version-history":[{"count":0,"href":"https:\/\/stoic-curie.212-227-153-4.plesk.page\/pt\/wp-json\/wp\/v2\/product\/751858\/revisions"}],"wp:featuredmedia":[{"embeddable":true,"href":"https:\/\/stoic-curie.212-227-153-4.plesk.page\/pt\/wp-json\/wp\/v2\/media\/5948304"}],"wp:attachment":[{"href":"https:\/\/stoic-curie.212-227-153-4.plesk.page\/pt\/wp-json\/wp\/v2\/media?parent=751858"}],"wp:term":[{"taxonomy":"product_brand","embeddable":true,"href":"https:\/\/stoic-curie.212-227-153-4.plesk.page\/pt\/wp-json\/wp\/v2\/product_brand?post=751858"},{"taxonomy":"product_cat","embeddable":true,"href":"https:\/\/stoic-curie.212-227-153-4.plesk.page\/pt\/wp-json\/wp\/v2\/product_cat?post=751858"},{"taxonomy":"product_tag","embeddable":true,"href":"https:\/\/stoic-curie.212-227-153-4.plesk.page\/pt\/wp-json\/wp\/v2\/product_tag?post=751858"}],"curies":[{"name":"wp","href":"https:\/\/api.w.org\/{rel}","templated":true}]}}