{"id":751867,"date":"2025-03-04T01:11:55","date_gmt":"2025-03-04T00:11:55","guid":{"rendered":"https:\/\/stoic-curie.212-227-153-4.plesk.page\/producto\/helice-solas-duoprop-a4-a5-b4\/"},"modified":"2026-02-25T00:28:25","modified_gmt":"2026-02-25T00:28:25","slug":"helice-solas-duoprop-a4-a5-b4","status":"publish","type":"product","link":"https:\/\/stoic-curie.212-227-153-4.plesk.page\/pt\/product\/helice-solas-duoprop-a4-a5-b4\/","title":{"rendered":"H\u00e9lice Solas Duoprop A4 &#8211; A5 &#8211; B4 REAR"},"content":{"rendered":"<p>H\u00e9lice Solas Duoprop A4 &#8211; A5 &#8211; B4 REAR &#8211; <\/p>\n<p>H\u00e9lices Solas Duo-Prop de alum\u00ednio Tipo A &#8211; B para motores Volvo Penta de fora de borda. O excelente design e a qualidade de constru\u00e7\u00e3o permitem que as h\u00e9lices Solas substituam facilmente as h\u00e9lices genu\u00ednas.<\/p>\n","protected":false},"excerpt":{"rendered":"<p>H\u00e9lice Solas Duoprop A4 &#8211; A5 &#8211; B4 REAR &#8211; H\u00e9lices Solas Duo-Prop de alum\u00ednio Tipo A &#8211; B para<\/p>\n","protected":false},"featured_media":5948309,"comment_status":"open","ping_status":"closed","template":"","meta":[],"product_brand":[3412],"product_cat":[2116],"product_tag":[],"class_list":{"0":"post-751867","1":"product","2":"type-product","3":"status-publish","4":"has-post-thumbnail","6":"product_brand-solas-pt","7":"product_cat-pecas-para-motores-volvo-penta","9":"first","10":"instock","11":"shipping-taxable","12":"purchasable","13":"product-type-simple"},"_links":{"self":[{"href":"https:\/\/stoic-curie.212-227-153-4.plesk.page\/pt\/wp-json\/wp\/v2\/product\/751867","targetHints":{"allow":["GET"]}}],"collection":[{"href":"https:\/\/stoic-curie.212-227-153-4.plesk.page\/pt\/wp-json\/wp\/v2\/product"}],"about":[{"href":"https:\/\/stoic-curie.212-227-153-4.plesk.page\/pt\/wp-json\/wp\/v2\/types\/product"}],"replies":[{"embeddable":true,"href":"https:\/\/stoic-curie.212-227-153-4.plesk.page\/pt\/wp-json\/wp\/v2\/comments?post=751867"}],"version-history":[{"count":0,"href":"https:\/\/stoic-curie.212-227-153-4.plesk.page\/pt\/wp-json\/wp\/v2\/product\/751867\/revisions"}],"wp:featuredmedia":[{"embeddable":true,"href":"https:\/\/stoic-curie.212-227-153-4.plesk.page\/pt\/wp-json\/wp\/v2\/media\/5948309"}],"wp:attachment":[{"href":"https:\/\/stoic-curie.212-227-153-4.plesk.page\/pt\/wp-json\/wp\/v2\/media?parent=751867"}],"wp:term":[{"taxonomy":"product_brand","embeddable":true,"href":"https:\/\/stoic-curie.212-227-153-4.plesk.page\/pt\/wp-json\/wp\/v2\/product_brand?post=751867"},{"taxonomy":"product_cat","embeddable":true,"href":"https:\/\/stoic-curie.212-227-153-4.plesk.page\/pt\/wp-json\/wp\/v2\/product_cat?post=751867"},{"taxonomy":"product_tag","embeddable":true,"href":"https:\/\/stoic-curie.212-227-153-4.plesk.page\/pt\/wp-json\/wp\/v2\/product_tag?post=751867"}],"curies":[{"name":"wp","href":"https:\/\/api.w.org\/{rel}","templated":true}]}}