{"id":751871,"date":"2025-03-04T01:11:58","date_gmt":"2025-03-04T00:11:58","guid":{"rendered":"https:\/\/stoic-curie.212-227-153-4.plesk.page\/producto\/ultraflex-c36-16ft-4-88mt\/"},"modified":"2026-02-25T00:28:26","modified_gmt":"2026-02-25T00:28:26","slug":"ultraflex-c36-16ft-4-88mt","status":"publish","type":"product","link":"https:\/\/stoic-curie.212-227-153-4.plesk.page\/pt\/product\/ultraflex-c36-16ft-4-88mt\/","title":{"rendered":"Ultraflex C36 16ft 4.88mt"},"content":{"rendered":"<p>Ultraflex C36 16ft 4.88mt &#8211; <\/p>\n<p>Tanques de combust\u00edvel Eltex com portinhola de inspe\u00e7\u00e3o, ventila\u00e7\u00e3o em ranhura de 17-19 mm, tubo de mergulho de combust\u00edvel de 12 mm e tampa roscada. Deve ser completado com entrada de 38\/50\/60 mm. Certificado CE-ISO 21487. A altura dos acess\u00f3rios da portinhola \u00e9 de 85 mm.<\/p>\n","protected":false},"excerpt":{"rendered":"<p>Ultraflex C36 16ft 4.88mt &#8211; Tanques de combust\u00edvel Eltex com portinhola de inspe\u00e7\u00e3o, ventila\u00e7\u00e3o em ranhura de 17-19 mm, tubo<\/p>\n","protected":false},"featured_media":5948385,"comment_status":"open","ping_status":"closed","template":"","meta":[],"product_brand":[2857],"product_cat":[2087],"product_tag":[],"class_list":{"0":"post-751871","1":"product","2":"type-product","3":"status-publish","4":"has-post-thumbnail","6":"product_brand-can-marine-pt","7":"product_cat-tanques-de-combustivel","9":"first","10":"instock","11":"shipping-taxable","12":"purchasable","13":"product-type-simple"},"_links":{"self":[{"href":"https:\/\/stoic-curie.212-227-153-4.plesk.page\/pt\/wp-json\/wp\/v2\/product\/751871","targetHints":{"allow":["GET"]}}],"collection":[{"href":"https:\/\/stoic-curie.212-227-153-4.plesk.page\/pt\/wp-json\/wp\/v2\/product"}],"about":[{"href":"https:\/\/stoic-curie.212-227-153-4.plesk.page\/pt\/wp-json\/wp\/v2\/types\/product"}],"replies":[{"embeddable":true,"href":"https:\/\/stoic-curie.212-227-153-4.plesk.page\/pt\/wp-json\/wp\/v2\/comments?post=751871"}],"version-history":[{"count":0,"href":"https:\/\/stoic-curie.212-227-153-4.plesk.page\/pt\/wp-json\/wp\/v2\/product\/751871\/revisions"}],"wp:featuredmedia":[{"embeddable":true,"href":"https:\/\/stoic-curie.212-227-153-4.plesk.page\/pt\/wp-json\/wp\/v2\/media\/5948385"}],"wp:attachment":[{"href":"https:\/\/stoic-curie.212-227-153-4.plesk.page\/pt\/wp-json\/wp\/v2\/media?parent=751871"}],"wp:term":[{"taxonomy":"product_brand","embeddable":true,"href":"https:\/\/stoic-curie.212-227-153-4.plesk.page\/pt\/wp-json\/wp\/v2\/product_brand?post=751871"},{"taxonomy":"product_cat","embeddable":true,"href":"https:\/\/stoic-curie.212-227-153-4.plesk.page\/pt\/wp-json\/wp\/v2\/product_cat?post=751871"},{"taxonomy":"product_tag","embeddable":true,"href":"https:\/\/stoic-curie.212-227-153-4.plesk.page\/pt\/wp-json\/wp\/v2\/product_tag?post=751871"}],"curies":[{"name":"wp","href":"https:\/\/api.w.org\/{rel}","templated":true}]}}