{"id":751872,"date":"2025-03-04T01:11:58","date_gmt":"2025-03-04T00:11:58","guid":{"rendered":"https:\/\/stoic-curie.212-227-153-4.plesk.page\/producto\/filtro-de-diesel-separ-2000-10\/"},"modified":"2026-02-25T00:28:26","modified_gmt":"2026-02-25T00:28:26","slug":"filtro-de-diesel-separ-2000-10","status":"publish","type":"product","link":"https:\/\/stoic-curie.212-227-153-4.plesk.page\/pt\/product\/filtro-de-diesel-separ-2000-10\/","title":{"rendered":"Filtro de diesel Separ SWK 2000\/10"},"content":{"rendered":"<p>Filtro de diesel Separ SWK 2000\/10 &#8211; <\/p>\n<p style=\"color: rgb(34, 34, 34); font-family: Arial, Helvetica, sans-serif; font-size: small;\">O filtro Separ SWK-2000\/10 \u00e9 um separador de \u00e1gua de combust\u00edvel com capacidade de 158 GPH, pertencente \u00e0 S\u00e9rie SWK-2000. Este filtro pode ser instalado diretamente em motores a diesel. O filtro separador de \u00e1gua a diesel Separ 2000 apresenta um sistema multi-centr\u00edfugo que limpa eficazmente o combust\u00edvel diesel, removendo \u00e1gua e outros contaminantes.<\/p>\n<p style=\"color: rgb(34, 34, 34); font-family: Arial, Helvetica, sans-serif; font-size: small;\">A s\u00e9rie de filtros marinhos Separ inclui um defletor de prote\u00e7\u00e3o contra fogo, caracter\u00edsticas de seguran\u00e7a e um sensor de \u00e1gua para maior seguran\u00e7a. A maioria dos recipientes \u00e9 totalmente transparente, exceto o filtro 2000\/40, que possui um recipiente met\u00e1lico e, portanto, n\u00e3o requer um defletor.<\/p>\n<p style=\"color: rgb(34, 34, 34); font-family: Arial, Helvetica, sans-serif; font-size: small;\">Caracter\u00edsticas Principais:<\/p>\n<ul style=\"color: rgb(34, 34, 34); font-family: Arial, Helvetica, sans-serif; font-size: small;\">\n<li>Separa de forma eficaz a \u00e1gua e part\u00edculas do combust\u00edvel diesel<\/li>\n<li>A capacidade de retro-lavagem prolonga o tempo entre as trocas de elementos<\/li>\n<li>A baixa restri\u00e7\u00e3o minimiza o desgaste das bombas de combust\u00edvel e mant\u00e9m RPMs completos<\/li>\n<li>Oferece instala\u00e7\u00e3o flex\u00edvel com duas entradas e duas sa\u00eddas<\/li>\n<li>Compat\u00edvel com B100 Biodiesel<\/li>\n<li>Dispon\u00edvel com v\u00e1rias op\u00e7\u00f5es de filtro<\/li>\n<\/ul>\n<p style=\"color: rgb(34, 34, 34); font-family: Arial, Helvetica, sans-serif; font-size: small;\">Especifica\u00e7\u00f5es:<\/p>\n<ul style=\"color: rgb(34, 34, 34); font-family: Arial, Helvetica, sans-serif; font-size: small;\">\n<li>Taxa de Fluxo: 158 GPH \/ 600 LPH<\/li>\n<li>Restri\u00e7\u00e3o no Fluxo M\u00e1ximo com Elemento de 30 Microns: .31 in. Hg<\/li>\n<li>Portas: 7\/8&#8243; &#8211; 14 Straight O-Ring SAE<\/li>\n<li>Cor: Branca<\/li>\n<li>Equipado com um elemento de 30 microns<\/li>\n<\/ul>\n","protected":false},"excerpt":{"rendered":"<p>Filtro de diesel Separ SWK 2000\/10 &#8211; O filtro Separ SWK-2000\/10 \u00e9 um separador de \u00e1gua de combust\u00edvel com capacidade<\/p>\n","protected":false},"featured_media":5940295,"comment_status":"open","ping_status":"closed","template":"","meta":[],"product_brand":[3372],"product_cat":[2084],"product_tag":[],"class_list":{"0":"post-751872","1":"product","2":"type-product","3":"status-publish","4":"has-post-thumbnail","6":"product_brand-separ-pt","7":"product_cat-filtros-separadaores-de-agua-e-combustivel","9":"first","10":"instock","11":"shipping-taxable","12":"purchasable","13":"product-type-simple"},"_links":{"self":[{"href":"https:\/\/stoic-curie.212-227-153-4.plesk.page\/pt\/wp-json\/wp\/v2\/product\/751872","targetHints":{"allow":["GET"]}}],"collection":[{"href":"https:\/\/stoic-curie.212-227-153-4.plesk.page\/pt\/wp-json\/wp\/v2\/product"}],"about":[{"href":"https:\/\/stoic-curie.212-227-153-4.plesk.page\/pt\/wp-json\/wp\/v2\/types\/product"}],"replies":[{"embeddable":true,"href":"https:\/\/stoic-curie.212-227-153-4.plesk.page\/pt\/wp-json\/wp\/v2\/comments?post=751872"}],"version-history":[{"count":0,"href":"https:\/\/stoic-curie.212-227-153-4.plesk.page\/pt\/wp-json\/wp\/v2\/product\/751872\/revisions"}],"wp:featuredmedia":[{"embeddable":true,"href":"https:\/\/stoic-curie.212-227-153-4.plesk.page\/pt\/wp-json\/wp\/v2\/media\/5940295"}],"wp:attachment":[{"href":"https:\/\/stoic-curie.212-227-153-4.plesk.page\/pt\/wp-json\/wp\/v2\/media?parent=751872"}],"wp:term":[{"taxonomy":"product_brand","embeddable":true,"href":"https:\/\/stoic-curie.212-227-153-4.plesk.page\/pt\/wp-json\/wp\/v2\/product_brand?post=751872"},{"taxonomy":"product_cat","embeddable":true,"href":"https:\/\/stoic-curie.212-227-153-4.plesk.page\/pt\/wp-json\/wp\/v2\/product_cat?post=751872"},{"taxonomy":"product_tag","embeddable":true,"href":"https:\/\/stoic-curie.212-227-153-4.plesk.page\/pt\/wp-json\/wp\/v2\/product_tag?post=751872"}],"curies":[{"name":"wp","href":"https:\/\/api.w.org\/{rel}","templated":true}]}}