{"id":751873,"date":"2025-03-04T01:11:58","date_gmt":"2025-03-04T00:11:58","guid":{"rendered":"https:\/\/stoic-curie.212-227-153-4.plesk.page\/producto\/hidrofolios-stingray-xr4\/"},"modified":"2026-02-25T00:28:26","modified_gmt":"2026-02-25T00:28:26","slug":"hidrofolios-stingray-xr4","status":"publish","type":"product","link":"https:\/\/stoic-curie.212-227-153-4.plesk.page\/pt\/product\/hidrofolios-stingray-xr4\/","title":{"rendered":"Hidrof\u00f3lios Stingray xr4"},"content":{"rendered":"<p>Hidrof\u00f3lios Stingray xr4 &#8211; <\/p>\n<p>Os hidrofoils StingRay XR4 foram projetados para obter o m\u00e1ximo desempenho hidrodin\u00e2mico para aplica\u00e7\u00f5es de competi\u00e7\u00e3o, mas tamb\u00e9m para barcos de motor de n\u00edvel normal. Dotados da tecnologia Tunnel-Prop, que aumenta a empuxo e reduz o fator de atrito ao m\u00ednimo. Feitos de um material hidrof\u00edlico que absorve \u00e1gua e elimina o atrito. Instala\u00e7\u00e3o com dois furos na placa anti-cavita\u00e7\u00e3o, largura do soquete de fixa\u00e7\u00e3o de 180 mm. &#8211; Economize dinheiro economizando combust\u00edvel &#8211; Acesse o plano na metade do tempo &#8211; Mantenha o barco em plano com muito menos rota\u00e7\u00f5es do motor &#8211; Estabilize o barco &#8211; Reduza o chinewalking e o porpoising<\/p>\n","protected":false},"excerpt":{"rendered":"<p>Hidrof\u00f3lios Stingray xr4 &#8211; Os hidrofoils StingRay XR4 foram projetados para obter o m\u00e1ximo desempenho hidrodin\u00e2mico para aplica\u00e7\u00f5es de competi\u00e7\u00e3o,<\/p>\n","protected":false},"featured_media":5948396,"comment_status":"open","ping_status":"closed","template":"","meta":[],"product_brand":[3442],"product_cat":[2114,2093],"product_tag":[],"class_list":{"0":"post-751873","1":"product","2":"type-product","3":"status-publish","4":"has-post-thumbnail","6":"product_brand-stingray-pt","7":"product_cat-acessorios-para-motores-fora-de-bordo","8":"product_cat-estabilizadores","10":"first","11":"instock","12":"shipping-taxable","13":"purchasable","14":"product-type-simple"},"_links":{"self":[{"href":"https:\/\/stoic-curie.212-227-153-4.plesk.page\/pt\/wp-json\/wp\/v2\/product\/751873","targetHints":{"allow":["GET"]}}],"collection":[{"href":"https:\/\/stoic-curie.212-227-153-4.plesk.page\/pt\/wp-json\/wp\/v2\/product"}],"about":[{"href":"https:\/\/stoic-curie.212-227-153-4.plesk.page\/pt\/wp-json\/wp\/v2\/types\/product"}],"replies":[{"embeddable":true,"href":"https:\/\/stoic-curie.212-227-153-4.plesk.page\/pt\/wp-json\/wp\/v2\/comments?post=751873"}],"version-history":[{"count":0,"href":"https:\/\/stoic-curie.212-227-153-4.plesk.page\/pt\/wp-json\/wp\/v2\/product\/751873\/revisions"}],"wp:featuredmedia":[{"embeddable":true,"href":"https:\/\/stoic-curie.212-227-153-4.plesk.page\/pt\/wp-json\/wp\/v2\/media\/5948396"}],"wp:attachment":[{"href":"https:\/\/stoic-curie.212-227-153-4.plesk.page\/pt\/wp-json\/wp\/v2\/media?parent=751873"}],"wp:term":[{"taxonomy":"product_brand","embeddable":true,"href":"https:\/\/stoic-curie.212-227-153-4.plesk.page\/pt\/wp-json\/wp\/v2\/product_brand?post=751873"},{"taxonomy":"product_cat","embeddable":true,"href":"https:\/\/stoic-curie.212-227-153-4.plesk.page\/pt\/wp-json\/wp\/v2\/product_cat?post=751873"},{"taxonomy":"product_tag","embeddable":true,"href":"https:\/\/stoic-curie.212-227-153-4.plesk.page\/pt\/wp-json\/wp\/v2\/product_tag?post=751873"}],"curies":[{"name":"wp","href":"https:\/\/api.w.org\/{rel}","templated":true}]}}