{"id":751874,"date":"2025-03-04T01:11:59","date_gmt":"2025-03-04T00:11:59","guid":{"rendered":"https:\/\/stoic-curie.212-227-153-4.plesk.page\/producto\/placas-de-aco-inoxidavel-bennett-400-x-230-mm\/"},"modified":"2026-02-25T00:28:26","modified_gmt":"2026-02-25T00:28:26","slug":"placas-de-aco-inoxidavel-bennett-400-x-230-mm","status":"publish","type":"product","link":"https:\/\/stoic-curie.212-227-153-4.plesk.page\/pt\/product\/placas-de-aco-inoxidavel-bennett-400-x-230-mm\/","title":{"rendered":"Placas de A\u00e7o Inoxid\u00e1vel Bennett 400 x 230 mm"},"content":{"rendered":"<p>Placas de A\u00e7o Inoxid\u00e1vel Bennett 400 x 230 mm &#8211; <\/p>\n<p>Guias de ajuste em a\u00e7o inoxid\u00e1vel. <br \/>Devem ser fixadas com um atuador por guia. <br \/>Atuadores n\u00e3o inclu\u00eddos.<\/p>\n","protected":false},"excerpt":{"rendered":"<p>Placas de A\u00e7o Inoxid\u00e1vel Bennett 400 x 230 mm &#8211; Guias de ajuste em a\u00e7o inoxid\u00e1vel. Devem ser fixadas com<\/p>\n","protected":false},"featured_media":5945788,"comment_status":"open","ping_status":"closed","template":"","meta":[],"product_brand":[2822],"product_cat":[2093],"product_tag":[],"class_list":{"0":"post-751874","1":"product","2":"type-product","3":"status-publish","4":"has-post-thumbnail","6":"product_brand-bennett-marine-pt","7":"product_cat-estabilizadores","9":"first","10":"instock","11":"shipping-taxable","12":"purchasable","13":"product-type-simple"},"_links":{"self":[{"href":"https:\/\/stoic-curie.212-227-153-4.plesk.page\/pt\/wp-json\/wp\/v2\/product\/751874","targetHints":{"allow":["GET"]}}],"collection":[{"href":"https:\/\/stoic-curie.212-227-153-4.plesk.page\/pt\/wp-json\/wp\/v2\/product"}],"about":[{"href":"https:\/\/stoic-curie.212-227-153-4.plesk.page\/pt\/wp-json\/wp\/v2\/types\/product"}],"replies":[{"embeddable":true,"href":"https:\/\/stoic-curie.212-227-153-4.plesk.page\/pt\/wp-json\/wp\/v2\/comments?post=751874"}],"version-history":[{"count":0,"href":"https:\/\/stoic-curie.212-227-153-4.plesk.page\/pt\/wp-json\/wp\/v2\/product\/751874\/revisions"}],"wp:featuredmedia":[{"embeddable":true,"href":"https:\/\/stoic-curie.212-227-153-4.plesk.page\/pt\/wp-json\/wp\/v2\/media\/5945788"}],"wp:attachment":[{"href":"https:\/\/stoic-curie.212-227-153-4.plesk.page\/pt\/wp-json\/wp\/v2\/media?parent=751874"}],"wp:term":[{"taxonomy":"product_brand","embeddable":true,"href":"https:\/\/stoic-curie.212-227-153-4.plesk.page\/pt\/wp-json\/wp\/v2\/product_brand?post=751874"},{"taxonomy":"product_cat","embeddable":true,"href":"https:\/\/stoic-curie.212-227-153-4.plesk.page\/pt\/wp-json\/wp\/v2\/product_cat?post=751874"},{"taxonomy":"product_tag","embeddable":true,"href":"https:\/\/stoic-curie.212-227-153-4.plesk.page\/pt\/wp-json\/wp\/v2\/product_tag?post=751874"}],"curies":[{"name":"wp","href":"https:\/\/api.w.org\/{rel}","templated":true}]}}