{"id":751876,"date":"2025-03-04T01:11:59","date_gmt":"2025-03-04T00:11:59","guid":{"rendered":"https:\/\/stoic-curie.212-227-153-4.plesk.page\/producto\/kit-uflex-hi-perf-12v\/"},"modified":"2026-02-25T00:28:26","modified_gmt":"2026-02-25T00:28:26","slug":"kit-uflex-hi-perf-12v","status":"publish","type":"product","link":"https:\/\/stoic-curie.212-227-153-4.plesk.page\/pt\/product\/kit-uflex-hi-perf-12v\/","title":{"rendered":"Kit Uflex HI-PERF 12v"},"content":{"rendered":"<p>Kit Uflex HI-PERF 12v &#8211; <\/p>\n<p style=\"color: rgb(34, 34, 34); font-family: Arial, Helvetica, sans-serif; font-size: small;\">Estamos entusiasmados em apresentar o inovador e livre de manuten\u00e7\u00e3o kit de trim el\u00e9trico 12V Uflex, projetado para f\u00e1cil instala\u00e7\u00e3o e desempenho ideal. Este kit avan\u00e7ado elimina a necessidade de uma unidade de controle el\u00e9trica ou hidr\u00e1ulica, bem como quaisquer tubula\u00e7\u00f5es inc\u00f4modas, tornando-o uma solu\u00e7\u00e3o direta para entusiastas de barcos. O painel de controle amig\u00e1vel \u00e9 equipado com um joystick que permite ajustar as abas sem esfor\u00e7o, garantindo um alinhamento ideal do rolamento e do \u00e2ngulo de ataque para sua embarca\u00e7\u00e3o.<\/p>\n<p style=\"color: rgb(34, 34, 34); font-family: Arial, Helvetica, sans-serif; font-size: small;\">Uma das caracter\u00edsticas de destaque deste kit de trim \u00e9 a caixa de controle, que inclui uma fun\u00e7\u00e3o de alinhamento autom\u00e1tico. Essa fun\u00e7\u00e3o alinha automaticamente as abas quando desativadas, proporcionando maior conforto e efici\u00eancia. Al\u00e9m disso, a caixa de controle tamb\u00e9m pode funcionar como um interruptor para um joystick de segunda esta\u00e7\u00e3o, caso voc\u00ea precise de op\u00e7\u00f5es de controle adicionais.<\/p>\n<p style=\"color: rgb(34, 34, 34); font-family: Arial, Helvetica, sans-serif; font-size: small;\">Inclusos no kit est\u00e3o dois atuadores AT e uma caixa de controle que vem com um elegante joystick cromado. \u00c9 importante notar que as placas de a\u00e7o inoxid\u00e1vel s\u00e3o vendidas separadamente, permitindo que voc\u00ea escolha entre perfis de alto desempenho padr\u00e3o ou polidos a espelho para atender \u00e0s suas prefer\u00eancias.<\/p>\n<p style=\"color: rgb(34, 34, 34); font-family: Arial, Helvetica, sans-serif; font-size: small;\">Os principais benef\u00edcios do kit de trim Uflex s\u00e3o numerosos e significativos. Primeiro e acima de tudo, contribui para uma melhor economia de combust\u00edvel, o que \u00e9 sempre uma prioridade para os propriet\u00e1rios de barcos que buscam economizar em custos. Al\u00e9m disso, melhora o conforto dos passageiros proporcionando uma viagem mais suave. As abas dur\u00e1veis s\u00e3o especialmente projetadas para resistir at\u00e9 \u00e0s condi\u00e7\u00f5es mar\u00edtimas mais dif\u00edceis, garantindo longevidade e confiabilidade.<\/p>\n<p style=\"color: rgb(34, 34, 34); font-family: Arial, Helvetica, sans-serif; font-size: small;\">A instala\u00e7\u00e3o \u00e9 muito simples, exigindo apenas um pequeno furo por aba atrav\u00e9s do transom, minimizando o esfor\u00e7o e o tempo necess\u00e1rios para a configura\u00e7\u00e3o. Al\u00e9m disso, a fia\u00e7\u00e3o \u00e9 cuidadosamente protegida dentro do suporte de montagem do transom, adicionando uma camada extra de durabilidade e prote\u00e7\u00e3o contra os elementos. Isso torna o kit de trim Uflex uma excelente escolha para quem deseja aprimorar sua experi\u00eancia de navega\u00e7\u00e3o.<\/p>\n","protected":false},"excerpt":{"rendered":"<p>Kit Uflex HI-PERF 12v &#8211; Estamos entusiasmados em apresentar o inovador e livre de manuten\u00e7\u00e3o kit de trim el\u00e9trico 12V<\/p>\n","protected":false},"featured_media":5948400,"comment_status":"open","ping_status":"closed","template":"","meta":[],"product_brand":[3502],"product_cat":[2093],"product_tag":[],"class_list":{"0":"post-751876","1":"product","2":"type-product","3":"status-publish","4":"has-post-thumbnail","6":"product_brand-ultraflex-uflex-pt","7":"product_cat-estabilizadores","9":"first","10":"instock","11":"shipping-taxable","12":"purchasable","13":"product-type-simple"},"_links":{"self":[{"href":"https:\/\/stoic-curie.212-227-153-4.plesk.page\/pt\/wp-json\/wp\/v2\/product\/751876","targetHints":{"allow":["GET"]}}],"collection":[{"href":"https:\/\/stoic-curie.212-227-153-4.plesk.page\/pt\/wp-json\/wp\/v2\/product"}],"about":[{"href":"https:\/\/stoic-curie.212-227-153-4.plesk.page\/pt\/wp-json\/wp\/v2\/types\/product"}],"replies":[{"embeddable":true,"href":"https:\/\/stoic-curie.212-227-153-4.plesk.page\/pt\/wp-json\/wp\/v2\/comments?post=751876"}],"version-history":[{"count":0,"href":"https:\/\/stoic-curie.212-227-153-4.plesk.page\/pt\/wp-json\/wp\/v2\/product\/751876\/revisions"}],"wp:featuredmedia":[{"embeddable":true,"href":"https:\/\/stoic-curie.212-227-153-4.plesk.page\/pt\/wp-json\/wp\/v2\/media\/5948400"}],"wp:attachment":[{"href":"https:\/\/stoic-curie.212-227-153-4.plesk.page\/pt\/wp-json\/wp\/v2\/media?parent=751876"}],"wp:term":[{"taxonomy":"product_brand","embeddable":true,"href":"https:\/\/stoic-curie.212-227-153-4.plesk.page\/pt\/wp-json\/wp\/v2\/product_brand?post=751876"},{"taxonomy":"product_cat","embeddable":true,"href":"https:\/\/stoic-curie.212-227-153-4.plesk.page\/pt\/wp-json\/wp\/v2\/product_cat?post=751876"},{"taxonomy":"product_tag","embeddable":true,"href":"https:\/\/stoic-curie.212-227-153-4.plesk.page\/pt\/wp-json\/wp\/v2\/product_tag?post=751876"}],"curies":[{"name":"wp","href":"https:\/\/api.w.org\/{rel}","templated":true}]}}