{"id":751877,"date":"2025-03-04T01:12:00","date_gmt":"2025-03-04T00:12:00","guid":{"rendered":"https:\/\/stoic-curie.212-227-153-4.plesk.page\/producto\/placas-de-aco-inoxidavel-uflex-hi-perf-228-x-228mm\/"},"modified":"2026-02-25T00:28:26","modified_gmt":"2026-02-25T00:28:26","slug":"placas-de-aco-inoxidavel-uflex-hi-perf-228-x-228mm","status":"publish","type":"product","link":"https:\/\/stoic-curie.212-227-153-4.plesk.page\/pt\/product\/placas-de-aco-inoxidavel-uflex-hi-perf-228-x-228mm\/","title":{"rendered":"Placas de A\u00e7o Inoxid\u00e1vel Uflex HI-PERF 228 x 228mm"},"content":{"rendered":"<p>Placas de A\u00e7o Inoxid\u00e1vel Uflex HI-PERF 228 x 228mm &#8211; <\/p>\n<p>Kit de trim eletromec\u00e2nico 12V Uflex, livre de manuten\u00e7\u00e3o e de f\u00e1cil instala\u00e7\u00e3o. N\u00e3o requer unidade de controle el\u00e9trica ou hidr\u00e1ulica nem tubula\u00e7\u00e3o. O painel de controle com joystick permite alinhar as abas para ajustar a atitude de guinada e de rolamento. A caixa de controle tamb\u00e9m inclui a fun\u00e7\u00e3o de alinhamento autom\u00e1tico para o alinhamento autom\u00e1tico das abas quando desativada e pode funcionar como um interruptor para um poss\u00edvel joystick de segunda esta\u00e7\u00e3o. O kit inclui dois atuadores AT e a caixa de controle com joystick cromado. As chapas de a\u00e7o inoxid\u00e1vel devem ser adquiridas separadamente; elas podem ser padr\u00e3o ou com um perfil de alto desempenho polido a espelho. <br \/>&#8211; Melhora a economia de combust\u00edvel e o conforto dos passageiros <br \/>&#8211; Abas projetadas para durar nas condi\u00e7\u00f5es marinhas mais exigentes <br \/>&#8211; Instala\u00e7\u00e3o com apenas um pequeno furo por aba atrav\u00e9s do transom <\/p>\n","protected":false},"excerpt":{"rendered":"<p>Placas de A\u00e7o Inoxid\u00e1vel Uflex HI-PERF 228 x 228mm &#8211; Kit de trim eletromec\u00e2nico 12V Uflex, livre de manuten\u00e7\u00e3o e<\/p>\n","protected":false},"featured_media":5948413,"comment_status":"open","ping_status":"closed","template":"","meta":[],"product_brand":[3502],"product_cat":[2093],"product_tag":[],"class_list":{"0":"post-751877","1":"product","2":"type-product","3":"status-publish","4":"has-post-thumbnail","6":"product_brand-ultraflex-uflex-pt","7":"product_cat-estabilizadores","9":"first","10":"instock","11":"shipping-taxable","12":"purchasable","13":"product-type-simple"},"_links":{"self":[{"href":"https:\/\/stoic-curie.212-227-153-4.plesk.page\/pt\/wp-json\/wp\/v2\/product\/751877","targetHints":{"allow":["GET"]}}],"collection":[{"href":"https:\/\/stoic-curie.212-227-153-4.plesk.page\/pt\/wp-json\/wp\/v2\/product"}],"about":[{"href":"https:\/\/stoic-curie.212-227-153-4.plesk.page\/pt\/wp-json\/wp\/v2\/types\/product"}],"replies":[{"embeddable":true,"href":"https:\/\/stoic-curie.212-227-153-4.plesk.page\/pt\/wp-json\/wp\/v2\/comments?post=751877"}],"version-history":[{"count":0,"href":"https:\/\/stoic-curie.212-227-153-4.plesk.page\/pt\/wp-json\/wp\/v2\/product\/751877\/revisions"}],"wp:featuredmedia":[{"embeddable":true,"href":"https:\/\/stoic-curie.212-227-153-4.plesk.page\/pt\/wp-json\/wp\/v2\/media\/5948413"}],"wp:attachment":[{"href":"https:\/\/stoic-curie.212-227-153-4.plesk.page\/pt\/wp-json\/wp\/v2\/media?parent=751877"}],"wp:term":[{"taxonomy":"product_brand","embeddable":true,"href":"https:\/\/stoic-curie.212-227-153-4.plesk.page\/pt\/wp-json\/wp\/v2\/product_brand?post=751877"},{"taxonomy":"product_cat","embeddable":true,"href":"https:\/\/stoic-curie.212-227-153-4.plesk.page\/pt\/wp-json\/wp\/v2\/product_cat?post=751877"},{"taxonomy":"product_tag","embeddable":true,"href":"https:\/\/stoic-curie.212-227-153-4.plesk.page\/pt\/wp-json\/wp\/v2\/product_tag?post=751877"}],"curies":[{"name":"wp","href":"https:\/\/api.w.org\/{rel}","templated":true}]}}