{"id":751880,"date":"2025-03-04T01:12:01","date_gmt":"2025-03-04T00:12:01","guid":{"rendered":"https:\/\/stoic-curie.212-227-153-4.plesk.page\/producto\/kit-de-ajuste-bennett-ref-12v\/"},"modified":"2026-02-25T00:28:26","modified_gmt":"2026-02-25T00:28:26","slug":"kit-de-ajuste-bennett-ref-12v","status":"publish","type":"product","link":"https:\/\/stoic-curie.212-227-153-4.plesk.page\/pt\/product\/kit-de-ajuste-bennett-ref-12v\/","title":{"rendered":"12v Bennett Trim kit"},"content":{"rendered":"<p>12v Bennett Trim kit &#8211; <\/p>\n<p>Este completo kit de tabula\u00e7\u00e3o eletro-hidr\u00e1ulica Bennett foi meticulosamente projetado para aprimorar sua experi\u00eancia na navega\u00e7\u00e3o e vem com uma variedade de componentes essenciais. Dentro do kit, voc\u00ea encontrar\u00e1 dois atuadores padr\u00e3o que s\u00e3o vitais para o funcionamento das tabula\u00e7\u00f5es, acompanhados de mangueiras que j\u00e1 v\u00eam equipadas com conex\u00f5es para uma instala\u00e7\u00e3o simples. Al\u00e9m disso, o kit inclui uma unidade de bomba hidr\u00e1ulica que alimenta o sistema, uma fia\u00e7\u00e3o el\u00e9trica para conectividade flu\u00edda e um painel de controle padr\u00e3o com dois interruptores para opera\u00e7\u00e3o amig\u00e1vel. \u00c9 importante ressaltar, no entanto, que as placas de a\u00e7o inoxid\u00e1vel n\u00e3o est\u00e3o inclu\u00eddas neste kit e devem ser adquiridas separadamente, personalizadas para se adequar ao comprimento espec\u00edfico do seu barco, garantindo desempenho ideal.<\/p>\n","protected":false},"excerpt":{"rendered":"<p>12v Bennett Trim kit &#8211; Este completo kit de tabula\u00e7\u00e3o eletro-hidr\u00e1ulica Bennett foi meticulosamente projetado para aprimorar sua experi\u00eancia na<\/p>\n","protected":false},"featured_media":5948415,"comment_status":"open","ping_status":"closed","template":"","meta":[],"product_brand":[2822],"product_cat":[2093],"product_tag":[],"class_list":{"0":"post-751880","1":"product","2":"type-product","3":"status-publish","4":"has-post-thumbnail","6":"product_brand-bennett-marine-pt","7":"product_cat-estabilizadores","9":"first","10":"instock","11":"shipping-taxable","12":"purchasable","13":"product-type-simple"},"_links":{"self":[{"href":"https:\/\/stoic-curie.212-227-153-4.plesk.page\/pt\/wp-json\/wp\/v2\/product\/751880","targetHints":{"allow":["GET"]}}],"collection":[{"href":"https:\/\/stoic-curie.212-227-153-4.plesk.page\/pt\/wp-json\/wp\/v2\/product"}],"about":[{"href":"https:\/\/stoic-curie.212-227-153-4.plesk.page\/pt\/wp-json\/wp\/v2\/types\/product"}],"replies":[{"embeddable":true,"href":"https:\/\/stoic-curie.212-227-153-4.plesk.page\/pt\/wp-json\/wp\/v2\/comments?post=751880"}],"version-history":[{"count":0,"href":"https:\/\/stoic-curie.212-227-153-4.plesk.page\/pt\/wp-json\/wp\/v2\/product\/751880\/revisions"}],"wp:featuredmedia":[{"embeddable":true,"href":"https:\/\/stoic-curie.212-227-153-4.plesk.page\/pt\/wp-json\/wp\/v2\/media\/5948415"}],"wp:attachment":[{"href":"https:\/\/stoic-curie.212-227-153-4.plesk.page\/pt\/wp-json\/wp\/v2\/media?parent=751880"}],"wp:term":[{"taxonomy":"product_brand","embeddable":true,"href":"https:\/\/stoic-curie.212-227-153-4.plesk.page\/pt\/wp-json\/wp\/v2\/product_brand?post=751880"},{"taxonomy":"product_cat","embeddable":true,"href":"https:\/\/stoic-curie.212-227-153-4.plesk.page\/pt\/wp-json\/wp\/v2\/product_cat?post=751880"},{"taxonomy":"product_tag","embeddable":true,"href":"https:\/\/stoic-curie.212-227-153-4.plesk.page\/pt\/wp-json\/wp\/v2\/product_tag?post=751880"}],"curies":[{"name":"wp","href":"https:\/\/api.w.org\/{rel}","templated":true}]}}