{"id":751886,"date":"2025-03-04T01:12:03","date_gmt":"2025-03-04T00:12:03","guid":{"rendered":"https:\/\/stoic-curie.212-227-153-4.plesk.page\/producto\/kit-de-sensor-bennett\/"},"modified":"2026-02-25T00:28:26","modified_gmt":"2026-02-25T00:28:26","slug":"kit-de-sensor-bennett","status":"publish","type":"product","link":"https:\/\/stoic-curie.212-227-153-4.plesk.page\/pt\/product\/kit-de-sensor-bennett\/","title":{"rendered":"Kit de Sensor Bennett"},"content":{"rendered":"<p>Kit de Sensor Bennett &#8211; <\/p>\n<p>Kit de sensores Bennett para sistemas com atuadores hidr\u00e1ulicos padr\u00e3o. Permite enviar a posi\u00e7\u00e3o das aletas para a unidade de controle e para os LEDs no painel de controle. Inclui duas dobradi\u00e7as de atuador com sensores, cabos e conectores.<\/p>\n","protected":false},"excerpt":{"rendered":"<p>Kit de Sensor Bennett &#8211; Kit de sensores Bennett para sistemas com atuadores hidr\u00e1ulicos padr\u00e3o. Permite enviar a posi\u00e7\u00e3o das<\/p>\n","protected":false},"featured_media":5948427,"comment_status":"open","ping_status":"closed","template":"","meta":[],"product_brand":[2822],"product_cat":[2093],"product_tag":[],"class_list":{"0":"post-751886","1":"product","2":"type-product","3":"status-publish","4":"has-post-thumbnail","6":"product_brand-bennett-marine-pt","7":"product_cat-estabilizadores","9":"first","10":"instock","11":"shipping-taxable","12":"purchasable","13":"product-type-simple"},"_links":{"self":[{"href":"https:\/\/stoic-curie.212-227-153-4.plesk.page\/pt\/wp-json\/wp\/v2\/product\/751886","targetHints":{"allow":["GET"]}}],"collection":[{"href":"https:\/\/stoic-curie.212-227-153-4.plesk.page\/pt\/wp-json\/wp\/v2\/product"}],"about":[{"href":"https:\/\/stoic-curie.212-227-153-4.plesk.page\/pt\/wp-json\/wp\/v2\/types\/product"}],"replies":[{"embeddable":true,"href":"https:\/\/stoic-curie.212-227-153-4.plesk.page\/pt\/wp-json\/wp\/v2\/comments?post=751886"}],"version-history":[{"count":0,"href":"https:\/\/stoic-curie.212-227-153-4.plesk.page\/pt\/wp-json\/wp\/v2\/product\/751886\/revisions"}],"wp:featuredmedia":[{"embeddable":true,"href":"https:\/\/stoic-curie.212-227-153-4.plesk.page\/pt\/wp-json\/wp\/v2\/media\/5948427"}],"wp:attachment":[{"href":"https:\/\/stoic-curie.212-227-153-4.plesk.page\/pt\/wp-json\/wp\/v2\/media?parent=751886"}],"wp:term":[{"taxonomy":"product_brand","embeddable":true,"href":"https:\/\/stoic-curie.212-227-153-4.plesk.page\/pt\/wp-json\/wp\/v2\/product_brand?post=751886"},{"taxonomy":"product_cat","embeddable":true,"href":"https:\/\/stoic-curie.212-227-153-4.plesk.page\/pt\/wp-json\/wp\/v2\/product_cat?post=751886"},{"taxonomy":"product_tag","embeddable":true,"href":"https:\/\/stoic-curie.212-227-153-4.plesk.page\/pt\/wp-json\/wp\/v2\/product_tag?post=751886"}],"curies":[{"name":"wp","href":"https:\/\/api.w.org\/{rel}","templated":true}]}}