{"id":751928,"date":"2025-03-04T01:12:19","date_gmt":"2025-03-04T00:12:19","guid":{"rendered":"https:\/\/stoic-curie.212-227-153-4.plesk.page\/producto\/ultraflex-m66-24-pes-7-33-metros\/"},"modified":"2026-02-25T00:28:26","modified_gmt":"2026-02-25T00:28:26","slug":"ultraflex-m66-24-pes-7-33-metros","status":"publish","type":"product","link":"https:\/\/stoic-curie.212-227-153-4.plesk.page\/pt\/product\/ultraflex-m66-24-pes-7-33-metros\/","title":{"rendered":"Ultraflex M66 24 p\u00e9s (7.33 metros)"},"content":{"rendered":"<p>Ultraflex M66 24 p\u00e9s (7.33 metros) &#8211; <\/p>\n<p>Cabo Ultraflex M66 para helmes de dire\u00e7\u00e3o: ULTRAFLEX T85 \u2013 T71FC \u2013 T73NFC \u2013 T81FC \u2013 T83NFRC TELEFLEX Safe \u2013 TQC &#8211; NFB &#8211; TII &#8211; NFB 4.2 MORSE D290 Antigos tipos de helmes de dire\u00e7\u00e3o T71-T72-T73NR-T74NR-T81-T83NR usam o kit de adaptador K66 (4622066).<\/p>\n","protected":false},"excerpt":{"rendered":"<p>Ultraflex M66 24 p\u00e9s (7.33 metros) &#8211; Cabo Ultraflex M66 para helmes de dire\u00e7\u00e3o: ULTRAFLEX T85 \u2013 T71FC \u2013 T73NFC<\/p>\n","protected":false},"featured_media":5940347,"comment_status":"open","ping_status":"closed","template":"","meta":[],"product_brand":[3502],"product_cat":[2115],"product_tag":[],"class_list":{"0":"post-751928","1":"product","2":"type-product","3":"status-publish","4":"has-post-thumbnail","6":"product_brand-ultraflex-uflex-pt","7":"product_cat-cabos-de-direcao","9":"first","10":"instock","11":"shipping-taxable","12":"purchasable","13":"product-type-simple"},"_links":{"self":[{"href":"https:\/\/stoic-curie.212-227-153-4.plesk.page\/pt\/wp-json\/wp\/v2\/product\/751928","targetHints":{"allow":["GET"]}}],"collection":[{"href":"https:\/\/stoic-curie.212-227-153-4.plesk.page\/pt\/wp-json\/wp\/v2\/product"}],"about":[{"href":"https:\/\/stoic-curie.212-227-153-4.plesk.page\/pt\/wp-json\/wp\/v2\/types\/product"}],"replies":[{"embeddable":true,"href":"https:\/\/stoic-curie.212-227-153-4.plesk.page\/pt\/wp-json\/wp\/v2\/comments?post=751928"}],"version-history":[{"count":0,"href":"https:\/\/stoic-curie.212-227-153-4.plesk.page\/pt\/wp-json\/wp\/v2\/product\/751928\/revisions"}],"wp:featuredmedia":[{"embeddable":true,"href":"https:\/\/stoic-curie.212-227-153-4.plesk.page\/pt\/wp-json\/wp\/v2\/media\/5940347"}],"wp:attachment":[{"href":"https:\/\/stoic-curie.212-227-153-4.plesk.page\/pt\/wp-json\/wp\/v2\/media?parent=751928"}],"wp:term":[{"taxonomy":"product_brand","embeddable":true,"href":"https:\/\/stoic-curie.212-227-153-4.plesk.page\/pt\/wp-json\/wp\/v2\/product_brand?post=751928"},{"taxonomy":"product_cat","embeddable":true,"href":"https:\/\/stoic-curie.212-227-153-4.plesk.page\/pt\/wp-json\/wp\/v2\/product_cat?post=751928"},{"taxonomy":"product_tag","embeddable":true,"href":"https:\/\/stoic-curie.212-227-153-4.plesk.page\/pt\/wp-json\/wp\/v2\/product_tag?post=751928"}],"curies":[{"name":"wp","href":"https:\/\/api.w.org\/{rel}","templated":true}]}}