{"id":751935,"date":"2025-03-04T01:12:21","date_gmt":"2025-03-04T00:12:21","guid":{"rendered":"https:\/\/stoic-curie.212-227-153-4.plesk.page\/producto\/ultraflex-mach90-12-pes-366mt\/"},"modified":"2026-02-25T00:28:26","modified_gmt":"2026-02-25T00:28:26","slug":"ultraflex-mach90-12-pes-366mt","status":"publish","type":"product","link":"https:\/\/stoic-curie.212-227-153-4.plesk.page\/pt\/product\/ultraflex-mach90-12-pes-366mt\/","title":{"rendered":"Ultraflex Mach90 12 p\u00e9s 3,66mt"},"content":{"rendered":"<p>Ultraflex Mach90 12 p\u00e9s 3,66mt &#8211; <\/p>\n<p>Movimento f\u00e1cil, alta flexibilidade. Cabo de dire\u00e7\u00e3o Ultraflex M90 Mach para lemes de dire\u00e7\u00e3o: Ultraflex T85 &#8211; T71FC &#8211; T72FC &#8211; T73NRFC &#8211; T74NRFC &#8211; T81FC &#8211; T83NFRC &#8211; T91 &#8211; T93ZT &#8211; T101 &#8211; T103ZT Teleflex Safe TQC &#8211; NFB seguro TII &#8211; NFB4.2 Morse D290<\/p>\n","protected":false},"excerpt":{"rendered":"<p>Ultraflex Mach90 12 p\u00e9s 3,66mt &#8211; Movimento f\u00e1cil, alta flexibilidade. Cabo de dire\u00e7\u00e3o Ultraflex M90 Mach para lemes de dire\u00e7\u00e3o:<\/p>\n","protected":false},"featured_media":5941862,"comment_status":"open","ping_status":"closed","template":"","meta":[],"product_brand":[3502],"product_cat":[2115],"product_tag":[],"class_list":{"0":"post-751935","1":"product","2":"type-product","3":"status-publish","4":"has-post-thumbnail","6":"product_brand-ultraflex-uflex-pt","7":"product_cat-cabos-de-direcao","9":"first","10":"instock","11":"shipping-taxable","12":"purchasable","13":"product-type-simple"},"_links":{"self":[{"href":"https:\/\/stoic-curie.212-227-153-4.plesk.page\/pt\/wp-json\/wp\/v2\/product\/751935","targetHints":{"allow":["GET"]}}],"collection":[{"href":"https:\/\/stoic-curie.212-227-153-4.plesk.page\/pt\/wp-json\/wp\/v2\/product"}],"about":[{"href":"https:\/\/stoic-curie.212-227-153-4.plesk.page\/pt\/wp-json\/wp\/v2\/types\/product"}],"replies":[{"embeddable":true,"href":"https:\/\/stoic-curie.212-227-153-4.plesk.page\/pt\/wp-json\/wp\/v2\/comments?post=751935"}],"version-history":[{"count":0,"href":"https:\/\/stoic-curie.212-227-153-4.plesk.page\/pt\/wp-json\/wp\/v2\/product\/751935\/revisions"}],"wp:featuredmedia":[{"embeddable":true,"href":"https:\/\/stoic-curie.212-227-153-4.plesk.page\/pt\/wp-json\/wp\/v2\/media\/5941862"}],"wp:attachment":[{"href":"https:\/\/stoic-curie.212-227-153-4.plesk.page\/pt\/wp-json\/wp\/v2\/media?parent=751935"}],"wp:term":[{"taxonomy":"product_brand","embeddable":true,"href":"https:\/\/stoic-curie.212-227-153-4.plesk.page\/pt\/wp-json\/wp\/v2\/product_brand?post=751935"},{"taxonomy":"product_cat","embeddable":true,"href":"https:\/\/stoic-curie.212-227-153-4.plesk.page\/pt\/wp-json\/wp\/v2\/product_cat?post=751935"},{"taxonomy":"product_tag","embeddable":true,"href":"https:\/\/stoic-curie.212-227-153-4.plesk.page\/pt\/wp-json\/wp\/v2\/product_tag?post=751935"}],"curies":[{"name":"wp","href":"https:\/\/api.w.org\/{rel}","templated":true}]}}