{"id":751942,"date":"2025-03-04T01:12:24","date_gmt":"2025-03-04T00:12:24","guid":{"rendered":"https:\/\/stoic-curie.212-227-153-4.plesk.page\/producto\/ultraflex-mach90-20-pes-610mt\/"},"modified":"2026-02-25T00:28:26","modified_gmt":"2026-02-25T00:28:26","slug":"ultraflex-mach90-20-pes-610mt","status":"publish","type":"product","link":"https:\/\/stoic-curie.212-227-153-4.plesk.page\/pt\/product\/ultraflex-mach90-20-pes-610mt\/","title":{"rendered":"Ultraflex Mach90 20 p\u00e9s 6,10mt"},"content":{"rendered":"<p>Ultraflex Mach90 20 p\u00e9s 6,10mt &#8211; <\/p>\n<p>Movimento f\u00e1cil, alta flexibilidade: Cabo de dire\u00e7\u00e3o Ultraflex M90 Mach para volantes:<br \/>Ultraflex T85 \u2013 T71FC \u2013 T72FC \u2013 T73NRFC \u2013 T74NRFC \u2013 T81FC \u2013 T83NFRC \u2013 T91 \u2013 T93ZT \u2013 T101 \u2013 T103ZT<br \/>Teleflex Safe TQC \u2013 NFB seguro TII \u2013 NFB4.2<br \/>Morse D290<\/p>\n","protected":false},"excerpt":{"rendered":"<p>Ultraflex Mach90 20 p\u00e9s 6,10mt &#8211; Movimento f\u00e1cil, alta flexibilidade: Cabo de dire\u00e7\u00e3o Ultraflex M90 Mach para volantes:Ultraflex T85 \u2013<\/p>\n","protected":false},"featured_media":5941862,"comment_status":"open","ping_status":"closed","template":"","meta":[],"product_brand":[3502],"product_cat":[2115],"product_tag":[],"class_list":{"0":"post-751942","1":"product","2":"type-product","3":"status-publish","4":"has-post-thumbnail","6":"product_brand-ultraflex-uflex-pt","7":"product_cat-cabos-de-direcao","9":"first","10":"instock","11":"shipping-taxable","12":"purchasable","13":"product-type-simple"},"_links":{"self":[{"href":"https:\/\/stoic-curie.212-227-153-4.plesk.page\/pt\/wp-json\/wp\/v2\/product\/751942","targetHints":{"allow":["GET"]}}],"collection":[{"href":"https:\/\/stoic-curie.212-227-153-4.plesk.page\/pt\/wp-json\/wp\/v2\/product"}],"about":[{"href":"https:\/\/stoic-curie.212-227-153-4.plesk.page\/pt\/wp-json\/wp\/v2\/types\/product"}],"replies":[{"embeddable":true,"href":"https:\/\/stoic-curie.212-227-153-4.plesk.page\/pt\/wp-json\/wp\/v2\/comments?post=751942"}],"version-history":[{"count":0,"href":"https:\/\/stoic-curie.212-227-153-4.plesk.page\/pt\/wp-json\/wp\/v2\/product\/751942\/revisions"}],"wp:featuredmedia":[{"embeddable":true,"href":"https:\/\/stoic-curie.212-227-153-4.plesk.page\/pt\/wp-json\/wp\/v2\/media\/5941862"}],"wp:attachment":[{"href":"https:\/\/stoic-curie.212-227-153-4.plesk.page\/pt\/wp-json\/wp\/v2\/media?parent=751942"}],"wp:term":[{"taxonomy":"product_brand","embeddable":true,"href":"https:\/\/stoic-curie.212-227-153-4.plesk.page\/pt\/wp-json\/wp\/v2\/product_brand?post=751942"},{"taxonomy":"product_cat","embeddable":true,"href":"https:\/\/stoic-curie.212-227-153-4.plesk.page\/pt\/wp-json\/wp\/v2\/product_cat?post=751942"},{"taxonomy":"product_tag","embeddable":true,"href":"https:\/\/stoic-curie.212-227-153-4.plesk.page\/pt\/wp-json\/wp\/v2\/product_tag?post=751942"}],"curies":[{"name":"wp","href":"https:\/\/api.w.org\/{rel}","templated":true}]}}