{"id":751950,"date":"2025-03-04T01:12:26","date_gmt":"2025-03-04T00:12:26","guid":{"rendered":"https:\/\/stoic-curie.212-227-153-4.plesk.page\/producto\/direcao-hidraulica-ultraflex-gotech\/"},"modified":"2026-02-25T00:28:26","modified_gmt":"2026-02-25T00:28:26","slug":"direcao-hidraulica-ultraflex-gotech","status":"publish","type":"product","link":"https:\/\/stoic-curie.212-227-153-4.plesk.page\/pt\/product\/direcao-hidraulica-ultraflex-gotech\/","title":{"rendered":"Dire\u00e7\u00e3o Hidr\u00e1ulica Ultraflex Gotech"},"content":{"rendered":"<p>Dire\u00e7\u00e3o Hidr\u00e1ulica Ultraflex Gotech &#8211; <\/p>\n<p style=\"color: rgb(34, 34, 34); font-family: Arial, Helvetica, sans-serif; font-size: small;\">Temos o prazer de apresentar o kit de sistema de dire\u00e7\u00e3o Gotech, especialmente elaborado para motores de popa com pot\u00eancia de at\u00e9 115 HP. Este kit f\u00e1cil de usar e bastante direto inclui:<\/p>\n<ul style=\"color: rgb(34, 34, 34); font-family: Arial, Helvetica, sans-serif; font-size: small;\">\n<li>Bomba de leme UP18<\/li>\n<li>Cilindro UC81<\/li>\n<li>2 litros de \u00f3leo hidr\u00e1ulico<\/li>\n<li>Um kit de mangueiras de 6 metros, projetado para motores de popa de um \u00fanico motor de at\u00e9 115 HP<\/li>\n<\/ul>\n<p style=\"color: rgb(34, 34, 34); font-family: Arial, Helvetica, sans-serif; font-size: small;\">O pacote GOTECH-OBF inclui:<\/p>\n<ul style=\"color: rgb(34, 34, 34); font-family: Arial, Helvetica, sans-serif; font-size: small;\">\n<li>Bomba de leme intermedi\u00e1ria UP18<\/li>\n<li>Cilindro de montagem frontal UC81-OBF<\/li>\n<li>\u00d3leo hidr\u00e1ulico OL 150 \u2013 2 litros<\/li>\n<li>Kit de mangueiras KIT OB-GT\/M-60, com di\u00e2metro de 1\/4\u201d e comprimento de 6 metros (19,7 p\u00e9s), com uma extremidade j\u00e1 montada<\/li>\n<\/ul>\n<p style=\"color: rgb(34, 34, 34); font-family: Arial, Helvetica, sans-serif; font-size: small;\">Dirigir um barco exige precis\u00e3o, suavidade e confiabilidade. O sistema de dire\u00e7\u00e3o hidr\u00e1ulica GoTech-I, adaptado para motores de at\u00e9 115 HP, torna cada manobra mais f\u00e1cil, proporcionando uma experi\u00eancia mais intuitiva e confort\u00e1vel. Com um conjunto de componentes cuidadosamente projetado, o GoTech-I garante que voc\u00ea mantenha total controle sobre sua embarca\u00e7\u00e3o, independentemente das condi\u00e7\u00f5es da \u00e1gua.<\/p>\n<p style=\"color: rgb(34, 34, 34); font-family: Arial, Helvetica, sans-serif; font-size: small;\"><strong>Solu\u00e7\u00e3o Completa de Dire\u00e7\u00e3o<\/strong><\/p>\n<p style=\"color: rgb(34, 34, 34); font-family: Arial, Helvetica, sans-serif; font-size: small;\">O sistema GoTech-I n\u00e3o incorpora apenas tecnologia de ponta, mas tamb\u00e9m um design bem pensado para melhorar seu tempo na \u00e1gua. O kit conta com:<\/p>\n<ul style=\"color: rgb(34, 34, 34); font-family: Arial, Helvetica, sans-serif; font-size: small;\">\n<li>Bomba de Dire\u00e7\u00e3o UP18 com montagem intermedi\u00e1ria, que produz a press\u00e3o hidr\u00e1ulica necess\u00e1ria para uma dire\u00e7\u00e3o precisa.<\/li>\n<li>Cilindro Hidr\u00e1ulico UC69-I, que transmite movimento da bomba para o mecanismo de dire\u00e7\u00e3o do barco.<\/li>\n<li>\u00d3leo Hidr\u00e1ulico OL150, que promove uma opera\u00e7\u00e3o suave e prolonga a vida \u00fatil do sistema.<\/li>\n<li>Kit de Mangueiras OB-GT\/M-60, uma cole\u00e7\u00e3o vital de cabos hidr\u00e1ulicos para instala\u00e7\u00e3o.<\/li>\n<\/ul>\n<p style=\"color: rgb(34, 34, 34); font-family: Arial, Helvetica, sans-serif; font-size: small;\">Cada parte \u00e9 constru\u00edda para longevidade e pode suportar ambientes mar\u00edtimos severos.<\/p>\n<p style=\"color: rgb(34, 34, 34); font-family: Arial, Helvetica, sans-serif; font-size: small;\"><strong>Manobras sem Esfor\u00e7o, Controle Total<\/strong><\/p>\n<p style=\"color: rgb(34, 34, 34); font-family: Arial, Helvetica, sans-serif; font-size: small;\">O sistema GoTech-I \u00e9 reconhecido por sua precis\u00e3o de dire\u00e7\u00e3o excepcional. Seja navegando em portos estreitos ou em \u00e1guas expansivas, o sistema hidr\u00e1ulico funciona de maneira fluida e responsiva, convertendo seus movimentos em rea\u00e7\u00f5es r\u00e1pidas e precisas do barco. Essa confiabilidade rendeu ao sistema amplo reconhecimento entre os navegantes.<\/p>\n<p style=\"color: rgb(34, 34, 34); font-family: Arial, Helvetica, sans-serif; font-size: small;\"><strong>Versatilidade e Instala\u00e7\u00e3o Simples<\/strong><\/p>\n<p style=\"color: rgb(34, 34, 34); font-family: Arial, Helvetica, sans-serif; font-size: small;\">O Ultraflex GoTech-I \u00e9 vers\u00e1til o suficiente para se adaptar a v\u00e1rios tipos de embarca\u00e7\u00f5es. Seu cilindro compacto e dimens\u00f5es do leme facilitam a instala\u00e7\u00e3o em quase qualquer lugar, e todo o processo de montagem \u00e9 simples e direto. O kit completo permite uma configura\u00e7\u00e3o r\u00e1pida, permitindo que voc\u00ea se concentre em aproveitar seu tempo na \u00e1gua.<\/p>\n<p style=\"color: rgb(34, 34, 34); font-family: Arial, Helvetica, sans-serif; font-size: small;\"><strong>Projetado para Durabilidade<\/strong><\/p>\n<p style=\"color: rgb(34, 34, 34); font-family: Arial, Helvetica, sans-serif; font-size: small;\">O equipamento n\u00e1utico deve ser confi\u00e1vel e robusto, e o GoTech-I oferece exatamente isso. Utilizando materiais de alta qualidade, como a\u00e7o inoxid\u00e1vel e \u00f3leo hidr\u00e1ulico especializado, o sistema resiste ao uso intenso e \u00e0s condi\u00e7\u00f5es clim\u00e1ticas rigorosas. \u00c9 um investimento que garante tranquilidade por muitas temporadas \u00e0 frente.<\/p>\n","protected":false},"excerpt":{"rendered":"<p>Dire\u00e7\u00e3o Hidr\u00e1ulica Ultraflex Gotech &#8211; Temos o prazer de apresentar o kit de sistema de dire\u00e7\u00e3o Gotech, especialmente elaborado para<\/p>\n","protected":false},"featured_media":5948474,"comment_status":"open","ping_status":"closed","template":"","meta":[],"product_brand":[3502],"product_cat":[2110],"product_tag":[],"class_list":{"0":"post-751950","1":"product","2":"type-product","3":"status-publish","4":"has-post-thumbnail","6":"product_brand-ultraflex-uflex-pt","7":"product_cat-direcao-hidraulica","9":"first","10":"instock","11":"shipping-taxable","12":"purchasable","13":"product-type-simple"},"_links":{"self":[{"href":"https:\/\/stoic-curie.212-227-153-4.plesk.page\/pt\/wp-json\/wp\/v2\/product\/751950","targetHints":{"allow":["GET"]}}],"collection":[{"href":"https:\/\/stoic-curie.212-227-153-4.plesk.page\/pt\/wp-json\/wp\/v2\/product"}],"about":[{"href":"https:\/\/stoic-curie.212-227-153-4.plesk.page\/pt\/wp-json\/wp\/v2\/types\/product"}],"replies":[{"embeddable":true,"href":"https:\/\/stoic-curie.212-227-153-4.plesk.page\/pt\/wp-json\/wp\/v2\/comments?post=751950"}],"version-history":[{"count":0,"href":"https:\/\/stoic-curie.212-227-153-4.plesk.page\/pt\/wp-json\/wp\/v2\/product\/751950\/revisions"}],"wp:featuredmedia":[{"embeddable":true,"href":"https:\/\/stoic-curie.212-227-153-4.plesk.page\/pt\/wp-json\/wp\/v2\/media\/5948474"}],"wp:attachment":[{"href":"https:\/\/stoic-curie.212-227-153-4.plesk.page\/pt\/wp-json\/wp\/v2\/media?parent=751950"}],"wp:term":[{"taxonomy":"product_brand","embeddable":true,"href":"https:\/\/stoic-curie.212-227-153-4.plesk.page\/pt\/wp-json\/wp\/v2\/product_brand?post=751950"},{"taxonomy":"product_cat","embeddable":true,"href":"https:\/\/stoic-curie.212-227-153-4.plesk.page\/pt\/wp-json\/wp\/v2\/product_cat?post=751950"},{"taxonomy":"product_tag","embeddable":true,"href":"https:\/\/stoic-curie.212-227-153-4.plesk.page\/pt\/wp-json\/wp\/v2\/product_tag?post=751950"}],"curies":[{"name":"wp","href":"https:\/\/api.w.org\/{rel}","templated":true}]}}