{"id":751953,"date":"2025-03-04T01:12:27","date_gmt":"2025-03-04T00:12:27","guid":{"rendered":"https:\/\/stoic-curie.212-227-153-4.plesk.page\/producto\/cilindro-hidraulico-ultraflex-uc95-obf-1\/"},"modified":"2026-02-25T00:28:26","modified_gmt":"2026-02-25T00:28:26","slug":"cilindro-hidraulico-ultraflex-uc95-obf-1","status":"publish","type":"product","link":"https:\/\/stoic-curie.212-227-153-4.plesk.page\/pt\/product\/cilindro-hidraulico-ultraflex-uc95-obf-1\/","title":{"rendered":"Cilindro hidr\u00e1ulico Ultraflex UC95-OBF\/1"},"content":{"rendered":"<p>Cilindro hidr\u00e1ulico Ultraflex UC95-OBF\/1 &#8211; <\/p>\n<p><strong>UC95-OBF\/1 \u2013 OBF\/2 \u2013 OBF\/3: Desempenho Balanceado<\/strong><\/p>\n<ul>\n<li>O n\u00famero de voltas da roda de batente a batente \u00e9 igual nos lados de bombordo e estibordo.<\/li>\n<li>Apresenta conex\u00f5es do tipo &#8221;boss&#8221; ajust\u00e1veis para uma instala\u00e7\u00e3o simples.<\/li>\n<li>Equipado com um parafuso de conex\u00e3o de a\u00e7o inoxid\u00e1vel de alta resist\u00eancia (ULTRABOLT).<\/li>\n<li>Inclui tampas de cilindro substitu\u00edveis.<\/li>\n<\/ul>\n<p><strong>Design Inovador (Patenteado):<\/strong><\/p>\n<ul>\n<li>A barra de montagem do cilindro dividida e fixada simplifica a instala\u00e7\u00e3o e inclui buchas para reduzir o atrito com o tubo de inclina\u00e7\u00e3o do motor.<\/li>\n<li><strong>Aplica\u00e7\u00f5es:<\/strong><br \/>O cilindro de montagem frontal UC95-OBF \u00e9 ideal para motores de popa de at\u00e9 175 hp e barcos que n\u00e3o excedem 55 mph (48 n\u00f3s).\n<ul>\n<li>N\u00e3o \u00e9 adequado para aplica\u00e7\u00f5es de corrida.<\/li>\n<\/ul>\n<\/li>\n<\/ul>\n<p><strong>Especifica\u00e7\u00f5es:<\/strong><\/p>\n<ul>\n<li>Volume: 95 cc (5,8 pol\u00b3)<\/li>\n<li>For\u00e7a de Sa\u00edda: 278 kg (613 lbs)<\/li>\n<li>Di\u00e2metro Interno: 30 mm (1,18 pol)<\/li>\n<li>Curso: 186 mm (7,3 pol)<\/li>\n<li>Conex\u00f5es para Mangueira Flex\u00edvel de Alta Press\u00e3o: 3\/8 pol<\/li>\n<li>Conex\u00f5es de Sangria: DN5 de conex\u00e3o r\u00e1pida<\/li>\n<\/ul>\n","protected":false},"excerpt":{"rendered":"<p>Cilindro hidr\u00e1ulico Ultraflex UC95-OBF\/1 &#8211; UC95-OBF\/1 \u2013 OBF\/2 \u2013 OBF\/3: Desempenho Balanceado O n\u00famero de voltas da roda de batente<\/p>\n","protected":false},"featured_media":5948482,"comment_status":"open","ping_status":"closed","template":"","meta":[],"product_brand":[3502],"product_cat":[2110],"product_tag":[],"class_list":{"0":"post-751953","1":"product","2":"type-product","3":"status-publish","4":"has-post-thumbnail","6":"product_brand-ultraflex-uflex-pt","7":"product_cat-direcao-hidraulica","9":"first","10":"instock","11":"shipping-taxable","12":"purchasable","13":"product-type-simple"},"_links":{"self":[{"href":"https:\/\/stoic-curie.212-227-153-4.plesk.page\/pt\/wp-json\/wp\/v2\/product\/751953","targetHints":{"allow":["GET"]}}],"collection":[{"href":"https:\/\/stoic-curie.212-227-153-4.plesk.page\/pt\/wp-json\/wp\/v2\/product"}],"about":[{"href":"https:\/\/stoic-curie.212-227-153-4.plesk.page\/pt\/wp-json\/wp\/v2\/types\/product"}],"replies":[{"embeddable":true,"href":"https:\/\/stoic-curie.212-227-153-4.plesk.page\/pt\/wp-json\/wp\/v2\/comments?post=751953"}],"version-history":[{"count":0,"href":"https:\/\/stoic-curie.212-227-153-4.plesk.page\/pt\/wp-json\/wp\/v2\/product\/751953\/revisions"}],"wp:featuredmedia":[{"embeddable":true,"href":"https:\/\/stoic-curie.212-227-153-4.plesk.page\/pt\/wp-json\/wp\/v2\/media\/5948482"}],"wp:attachment":[{"href":"https:\/\/stoic-curie.212-227-153-4.plesk.page\/pt\/wp-json\/wp\/v2\/media?parent=751953"}],"wp:term":[{"taxonomy":"product_brand","embeddable":true,"href":"https:\/\/stoic-curie.212-227-153-4.plesk.page\/pt\/wp-json\/wp\/v2\/product_brand?post=751953"},{"taxonomy":"product_cat","embeddable":true,"href":"https:\/\/stoic-curie.212-227-153-4.plesk.page\/pt\/wp-json\/wp\/v2\/product_cat?post=751953"},{"taxonomy":"product_tag","embeddable":true,"href":"https:\/\/stoic-curie.212-227-153-4.plesk.page\/pt\/wp-json\/wp\/v2\/product_tag?post=751953"}],"curies":[{"name":"wp","href":"https:\/\/api.w.org\/{rel}","templated":true}]}}