{"id":751954,"date":"2025-03-04T01:12:28","date_gmt":"2025-03-04T00:12:28","guid":{"rendered":"https:\/\/stoic-curie.212-227-153-4.plesk.page\/producto\/cilindro-hidraulico-ultraflex-uc95-obf-3\/"},"modified":"2026-02-25T00:28:26","modified_gmt":"2026-02-25T00:28:26","slug":"cilindro-hidraulico-ultraflex-uc95-obf-3","status":"publish","type":"product","link":"https:\/\/stoic-curie.212-227-153-4.plesk.page\/pt\/product\/cilindro-hidraulico-ultraflex-uc95-obf-3\/","title":{"rendered":"Cilindro Hidr\u00e1ulico Ultraflex UC95-OBF\/3"},"content":{"rendered":"<p>Cilindro Hidr\u00e1ulico Ultraflex UC95-OBF\/3 &#8211; <\/p>\n<p style=\"color: rgb(34, 34, 34); font-family: Arial, Helvetica, sans-serif; font-size: small;\"><strong>UC95-OBF\/3: Desempenho Otimizado<\/strong><\/p>\n<ul style=\"color: rgb(34, 34, 34); font-family: Arial, Helvetica, sans-serif; font-size: small;\">\n<li>O n\u00famero de rota\u00e7\u00f5es das rodas de bloqueio a bloqueio \u00e9 consistente em ambos os lados, estibordo e bombordo.<\/li>\n<li>Possui encaixes ajust\u00e1veis do tipo boss para uma instala\u00e7\u00e3o f\u00e1cil.<\/li>\n<li>Acompanha um parafuso de conex\u00e3o em a\u00e7o inoxid\u00e1vel de alta resist\u00eancia (ULTRABOLT).<\/li>\n<li>Inclui capas de extremidade substitu\u00edveis para o cilindro.<\/li>\n<\/ul>\n<p style=\"color: rgb(34, 34, 34); font-family: Arial, Helvetica, sans-serif; font-size: small;\"><strong>Design Inovador (Patenteado):<\/strong><\/p>\n<ul style=\"color: rgb(34, 34, 34); font-family: Arial, Helvetica, sans-serif; font-size: small;\">\n<li>A barra de montagem dividida e com pino para o cilindro torna a instala\u00e7\u00e3o mais simples e incorpora buchas para minimizar o atrito com o tubo de inclina\u00e7\u00e3o do motor.<\/li>\n<li><strong>Aplica\u00e7\u00f5es:<\/strong><br \/>O cilindro de montagem frontal UC95-OBF \u00e9 ideal para motores de popa de at\u00e9 175 hp e barcos que n\u00e3o ultrapassem 55 mph (48 n\u00f3s).\n<ul>\n<li>N\u00e3o \u00e9 recomendado para fins de corrida.<\/li>\n<\/ul>\n<\/li>\n<\/ul>\n<p style=\"color: rgb(34, 34, 34); font-family: Arial, Helvetica, sans-serif; font-size: small;\"><strong>Especifica\u00e7\u00f5es:<\/strong><\/p>\n<ul style=\"color: rgb(34, 34, 34); font-family: Arial, Helvetica, sans-serif; font-size: small;\">\n<li>Volume: 95 cc (5,8 pol\u00b3)<\/li>\n<li>For\u00e7a de Sa\u00edda: 278 kg (613 lbs)<\/li>\n<li>Di\u00e2metro Interno: 30 mm (1,18 pol)<\/li>\n<li>Curso: 186 mm (7,3 pol)<\/li>\n<li>Conex\u00f5es de Mangueira Flex\u00edvel de Alta Press\u00e3o: 3\/8 pol<\/li>\n<li>Conex\u00f5es de Sangria: DN5 conex\u00e3o r\u00e1pida<\/li>\n<\/ul>\n","protected":false},"excerpt":{"rendered":"<p>Cilindro Hidr\u00e1ulico Ultraflex UC95-OBF\/3 &#8211; UC95-OBF\/3: Desempenho Otimizado O n\u00famero de rota\u00e7\u00f5es das rodas de bloqueio a bloqueio \u00e9 consistente<\/p>\n","protected":false},"featured_media":5948483,"comment_status":"open","ping_status":"closed","template":"","meta":[],"product_brand":[3502],"product_cat":[2110],"product_tag":[],"class_list":{"0":"post-751954","1":"product","2":"type-product","3":"status-publish","4":"has-post-thumbnail","6":"product_brand-ultraflex-uflex-pt","7":"product_cat-direcao-hidraulica","9":"first","10":"instock","11":"shipping-taxable","12":"purchasable","13":"product-type-simple"},"_links":{"self":[{"href":"https:\/\/stoic-curie.212-227-153-4.plesk.page\/pt\/wp-json\/wp\/v2\/product\/751954","targetHints":{"allow":["GET"]}}],"collection":[{"href":"https:\/\/stoic-curie.212-227-153-4.plesk.page\/pt\/wp-json\/wp\/v2\/product"}],"about":[{"href":"https:\/\/stoic-curie.212-227-153-4.plesk.page\/pt\/wp-json\/wp\/v2\/types\/product"}],"replies":[{"embeddable":true,"href":"https:\/\/stoic-curie.212-227-153-4.plesk.page\/pt\/wp-json\/wp\/v2\/comments?post=751954"}],"version-history":[{"count":0,"href":"https:\/\/stoic-curie.212-227-153-4.plesk.page\/pt\/wp-json\/wp\/v2\/product\/751954\/revisions"}],"wp:featuredmedia":[{"embeddable":true,"href":"https:\/\/stoic-curie.212-227-153-4.plesk.page\/pt\/wp-json\/wp\/v2\/media\/5948483"}],"wp:attachment":[{"href":"https:\/\/stoic-curie.212-227-153-4.plesk.page\/pt\/wp-json\/wp\/v2\/media?parent=751954"}],"wp:term":[{"taxonomy":"product_brand","embeddable":true,"href":"https:\/\/stoic-curie.212-227-153-4.plesk.page\/pt\/wp-json\/wp\/v2\/product_brand?post=751954"},{"taxonomy":"product_cat","embeddable":true,"href":"https:\/\/stoic-curie.212-227-153-4.plesk.page\/pt\/wp-json\/wp\/v2\/product_cat?post=751954"},{"taxonomy":"product_tag","embeddable":true,"href":"https:\/\/stoic-curie.212-227-153-4.plesk.page\/pt\/wp-json\/wp\/v2\/product_tag?post=751954"}],"curies":[{"name":"wp","href":"https:\/\/api.w.org\/{rel}","templated":true}]}}