{"id":751956,"date":"2025-03-04T01:12:28","date_gmt":"2025-03-04T00:12:28","guid":{"rendered":"https:\/\/stoic-curie.212-227-153-4.plesk.page\/producto\/cilindro-hidraulico-ultraflex-uc128-obf-1\/"},"modified":"2026-02-25T00:28:26","modified_gmt":"2026-02-25T00:28:26","slug":"cilindro-hidraulico-ultraflex-uc128-obf-1","status":"publish","type":"product","link":"https:\/\/stoic-curie.212-227-153-4.plesk.page\/pt\/product\/cilindro-hidraulico-ultraflex-uc128-obf-1\/","title":{"rendered":"Cilindro hidr\u00e1ulico Ultraflex UC128-OBF\/1"},"content":{"rendered":"<p>Cilindro hidr\u00e1ulico Ultraflex UC128-OBF\/1 &#8211; <\/p>\n<p style=\"color: rgb(34, 34, 34); font-family: Arial, Helvetica, sans-serif; font-size: small;\"><strong>Cilindro de Montagem Frontal UC128-OBF<\/strong><\/p>\n<p style=\"color: rgb(34, 34, 34); font-family: Arial, Helvetica, sans-serif; font-size: small;\">O UC128-OBF \u00e9 um cilindro de montagem frontal bem equilibrado, garantindo que o n\u00famero de rota\u00e7\u00f5es do volante de um lado ao outro seja id\u00eantico nos lados de bombordo e estibordo.<\/p>\n<p style=\"color: rgb(34, 34, 34); font-family: Arial, Helvetica, sans-serif; font-size: small;\"><strong>Principais Caracter\u00edsticas:<\/strong><\/p>\n<ul style=\"color: rgb(34, 34, 34); font-family: Arial, Helvetica, sans-serif; font-size: small;\">\n<li>Ajust\u00e1veis estilo boss para f\u00e1cil instala\u00e7\u00e3o<\/li>\n<li>Parafuso de conex\u00e3o robusto em a\u00e7o inoxid\u00e1vel (ULTRABOLT)<\/li>\n<li>Tampas extremas substitu\u00edveis para manuten\u00e7\u00e3o conveniente<\/li>\n<\/ul>\n<p style=\"color: rgb(34, 34, 34); font-family: Arial, Helvetica, sans-serif; font-size: small;\">O cilindro UC128-OBF\/1 est\u00e1 equipado com uma barra de a\u00e7o inoxid\u00e1vel de alta resist\u00eancia, veda\u00e7\u00f5es fortes e montagens de liga\u00e7\u00e3o. Ele \u00e9 projetado para instala\u00e7\u00e3o simples e \u00e9 compat\u00edvel com quase todos os motores de popa de 2 tempos e 4 tempos dispon\u00edveis no mercado atualmente.<\/p>\n<p style=\"color: rgb(34, 34, 34); font-family: Arial, Helvetica, sans-serif; font-size: small;\">Este cilindro \u00e9 recomendado para uso com lemes das s\u00e9ries UP25, UP28, UP33 e UP39, juntamente com mangueiras pr\u00e9-montadas (Kit OB e Kit OB\/R5). Para configura\u00e7\u00f5es que requerem cilindros duplos UC128-OBF, ser\u00e1 necess\u00e1rio adquirir um cilindro UC128-OBF padr\u00e3o (com o bra\u00e7o de liga\u00e7\u00e3o posicionado no lado de estibordo) e um cilindro UC128P-OBF de bombordo (com o bra\u00e7o de liga\u00e7\u00e3o localizado no lado de bombordo). Por favor, consulte a se\u00e7\u00e3o de barras de liga\u00e7\u00e3o para escolher o modelo correto para configura\u00e7\u00f5es de motor duplo e cilindro duplo.<\/p>\n<p style=\"color: rgb(34, 34, 34); font-family: Arial, Helvetica, sans-serif; font-size: small;\"><strong>Aplica\u00e7\u00f5es:<\/strong> O cilindro de montagem frontal UC128-OBF n\u00e3o \u00e9 projetado para instala\u00e7\u00f5es onde as velocidades dos barcos excedam 55 mph (48 n\u00f3s) ou 65 mph (56 n\u00f3s) em cen\u00e1rios de motor duplo, cilindro duplo e motores girando em dire\u00e7\u00e3o oposta. N\u00e3o \u00e9 adequado para fins de corrida.<\/p>\n<p style=\"color: rgb(34, 34, 34); font-family: Arial, Helvetica, sans-serif; font-size: small;\"><strong>Especifica\u00e7\u00f5es:<\/strong><\/p>\n<ul style=\"color: rgb(34, 34, 34); font-family: Arial, Helvetica, sans-serif; font-size: small;\">\n<li>Volume: 120 cc (7.3 cu.in)<\/li>\n<li>For\u00e7a de Sa\u00edda: 450 kg (992 lbs)<\/li>\n<li>Di\u00e2metro Interno: 35 mm (1.37&#8243; )<\/li>\n<li>Curso: 185 mm (7.28&#8243; )<\/li>\n<li>Conex\u00f5es para Mangueira Flex\u00edvel de Alta Press\u00e3o: 3\/8&#8243;<\/li>\n<li>Conex\u00f5es de Sangria: DN5 Conex\u00e3o R\u00e1pida<\/li>\n<\/ul>\n","protected":false},"excerpt":{"rendered":"<p>Cilindro hidr\u00e1ulico Ultraflex UC128-OBF\/1 &#8211; Cilindro de Montagem Frontal UC128-OBF O UC128-OBF \u00e9 um cilindro de montagem frontal bem equilibrado,<\/p>\n","protected":false},"featured_media":5948488,"comment_status":"open","ping_status":"closed","template":"","meta":[],"product_brand":[3502],"product_cat":[2110],"product_tag":[],"class_list":{"0":"post-751956","1":"product","2":"type-product","3":"status-publish","4":"has-post-thumbnail","6":"product_brand-ultraflex-uflex-pt","7":"product_cat-direcao-hidraulica","9":"first","10":"instock","11":"shipping-taxable","12":"purchasable","13":"product-type-simple"},"_links":{"self":[{"href":"https:\/\/stoic-curie.212-227-153-4.plesk.page\/pt\/wp-json\/wp\/v2\/product\/751956","targetHints":{"allow":["GET"]}}],"collection":[{"href":"https:\/\/stoic-curie.212-227-153-4.plesk.page\/pt\/wp-json\/wp\/v2\/product"}],"about":[{"href":"https:\/\/stoic-curie.212-227-153-4.plesk.page\/pt\/wp-json\/wp\/v2\/types\/product"}],"replies":[{"embeddable":true,"href":"https:\/\/stoic-curie.212-227-153-4.plesk.page\/pt\/wp-json\/wp\/v2\/comments?post=751956"}],"version-history":[{"count":0,"href":"https:\/\/stoic-curie.212-227-153-4.plesk.page\/pt\/wp-json\/wp\/v2\/product\/751956\/revisions"}],"wp:featuredmedia":[{"embeddable":true,"href":"https:\/\/stoic-curie.212-227-153-4.plesk.page\/pt\/wp-json\/wp\/v2\/media\/5948488"}],"wp:attachment":[{"href":"https:\/\/stoic-curie.212-227-153-4.plesk.page\/pt\/wp-json\/wp\/v2\/media?parent=751956"}],"wp:term":[{"taxonomy":"product_brand","embeddable":true,"href":"https:\/\/stoic-curie.212-227-153-4.plesk.page\/pt\/wp-json\/wp\/v2\/product_brand?post=751956"},{"taxonomy":"product_cat","embeddable":true,"href":"https:\/\/stoic-curie.212-227-153-4.plesk.page\/pt\/wp-json\/wp\/v2\/product_cat?post=751956"},{"taxonomy":"product_tag","embeddable":true,"href":"https:\/\/stoic-curie.212-227-153-4.plesk.page\/pt\/wp-json\/wp\/v2\/product_tag?post=751956"}],"curies":[{"name":"wp","href":"https:\/\/api.w.org\/{rel}","templated":true}]}}