{"id":751957,"date":"2025-03-04T01:12:29","date_gmt":"2025-03-04T00:12:29","guid":{"rendered":"https:\/\/stoic-curie.212-227-153-4.plesk.page\/producto\/cilindro-hidraulico-ultraflex-uc128-obf-2\/"},"modified":"2026-02-25T00:28:26","modified_gmt":"2026-02-25T00:28:26","slug":"cilindro-hidraulico-ultraflex-uc128-obf-2","status":"publish","type":"product","link":"https:\/\/stoic-curie.212-227-153-4.plesk.page\/pt\/product\/cilindro-hidraulico-ultraflex-uc128-obf-2\/","title":{"rendered":"Cilindro Hidr\u00e1ulico Ultraflex UC128-OBF\/2"},"content":{"rendered":"<p>Cilindro Hidr\u00e1ulico Ultraflex UC128-OBF\/2 &#8211; <\/p>\n<p><strong>Cilindro de Montagem Frontal UC128-OBF\/2<\/strong><\/p>\n<p>O UC128-OBF \u00e9 um cilindro de montagem frontal bem constru\u00eddo que garante que o n\u00famero de rota\u00e7\u00f5es das rodas de um lado para o outro seja o mesmo nas posi\u00e7\u00f5es de bombordo e estibordo.<\/p>\n<p><strong>Principais Caracter\u00edsticas:<\/strong><\/p>\n<ul>\n<li>Conex\u00f5es ajust\u00e1veis estilo boss para instala\u00e7\u00e3o direta<\/li>\n<li>Parafuso de conex\u00e3o em a\u00e7o inoxid\u00e1vel resistente (ULTRABOLT)<\/li>\n<li>Capas de extremidade substitu\u00edveis para f\u00e1cil manuten\u00e7\u00e3o<\/li>\n<\/ul>\n<p>Este cilindro UC128-OBF vem com uma robusta barra de a\u00e7o inoxid\u00e1vel, veda\u00e7\u00f5es confi\u00e1veis e conjuntos de liga\u00e7\u00e3o. Foi projetado para instala\u00e7\u00e3o simples e \u00e9 compat\u00edvel com quase todos os motores de popa de 2 tempos e 4 tempos atualmente dispon\u00edveis no mercado.<\/p>\n<p>Este cilindro \u00e9 recomendado para uso com helmes das s\u00e9ries UP25, UP28, UP33 e UP39, juntamente com mangueiras pr\u00e9-montadas (Kit OB e Kit OB\/R5). Para configura\u00e7\u00f5es que exigem dois cilindros UC128-OBF, voc\u00ea precisar\u00e1 adquirir um cilindro UC128-OBF padr\u00e3o (com o bra\u00e7o de liga\u00e7\u00e3o do lado estibordo) e um cilindro UC128P-OBF de bombordo (com o bra\u00e7o de liga\u00e7\u00e3o do lado bombordo). Consulte a se\u00e7\u00e3o de barras de liga\u00e7\u00e3o para selecionar o modelo apropriado para configura\u00e7\u00f5es de motor duplo e cilindro duplo.<\/p>\n<p><strong>Aplica\u00e7\u00f5es:<\/strong> O cilindro de montagem frontal UC128-OBF n\u00e3o \u00e9 destinado a instala\u00e7\u00f5es onde as velocidades do barco excedem 55 mph (48 n\u00f3s) ou 65 mph (56 n\u00f3s) em aplica\u00e7\u00f5es de motor duplo, cilindro duplo e motores de contrarota\u00e7\u00e3o. N\u00e3o \u00e9 projetado para uso em corridas.<\/p>\n<p><strong>Especifica\u00e7\u00f5es:<\/strong><\/p>\n<ul>\n<li>Volume: 120 cc (7.3 pol. c\u00fab.)<\/li>\n<li>For\u00e7a de Sa\u00edda: 450 kg (992 lbs)<\/li>\n<li>Di\u00e2metro Interno: 35 mm (1.37&#8243;)<\/li>\n<li>Corsa: 185 mm (7.28&#8243;)<\/li>\n<li>Conex\u00f5es para Mangueira Flex\u00edvel de Alta Press\u00e3o: 3\/8&#8243;<\/li>\n<li>Conex\u00f5es de Sangria: DN5 Conex\u00e3o R\u00e1pida<\/li>\n<\/ul>\n","protected":false},"excerpt":{"rendered":"<p>Cilindro Hidr\u00e1ulico Ultraflex UC128-OBF\/2 &#8211; Cilindro de Montagem Frontal UC128-OBF\/2 O UC128-OBF \u00e9 um cilindro de montagem frontal bem constru\u00eddo<\/p>\n","protected":false},"featured_media":5948497,"comment_status":"open","ping_status":"closed","template":"","meta":[],"product_brand":[3502],"product_cat":[2110],"product_tag":[],"class_list":{"0":"post-751957","1":"product","2":"type-product","3":"status-publish","4":"has-post-thumbnail","6":"product_brand-ultraflex-uflex-pt","7":"product_cat-direcao-hidraulica","9":"first","10":"instock","11":"shipping-taxable","12":"purchasable","13":"product-type-simple"},"_links":{"self":[{"href":"https:\/\/stoic-curie.212-227-153-4.plesk.page\/pt\/wp-json\/wp\/v2\/product\/751957","targetHints":{"allow":["GET"]}}],"collection":[{"href":"https:\/\/stoic-curie.212-227-153-4.plesk.page\/pt\/wp-json\/wp\/v2\/product"}],"about":[{"href":"https:\/\/stoic-curie.212-227-153-4.plesk.page\/pt\/wp-json\/wp\/v2\/types\/product"}],"replies":[{"embeddable":true,"href":"https:\/\/stoic-curie.212-227-153-4.plesk.page\/pt\/wp-json\/wp\/v2\/comments?post=751957"}],"version-history":[{"count":0,"href":"https:\/\/stoic-curie.212-227-153-4.plesk.page\/pt\/wp-json\/wp\/v2\/product\/751957\/revisions"}],"wp:featuredmedia":[{"embeddable":true,"href":"https:\/\/stoic-curie.212-227-153-4.plesk.page\/pt\/wp-json\/wp\/v2\/media\/5948497"}],"wp:attachment":[{"href":"https:\/\/stoic-curie.212-227-153-4.plesk.page\/pt\/wp-json\/wp\/v2\/media?parent=751957"}],"wp:term":[{"taxonomy":"product_brand","embeddable":true,"href":"https:\/\/stoic-curie.212-227-153-4.plesk.page\/pt\/wp-json\/wp\/v2\/product_brand?post=751957"},{"taxonomy":"product_cat","embeddable":true,"href":"https:\/\/stoic-curie.212-227-153-4.plesk.page\/pt\/wp-json\/wp\/v2\/product_cat?post=751957"},{"taxonomy":"product_tag","embeddable":true,"href":"https:\/\/stoic-curie.212-227-153-4.plesk.page\/pt\/wp-json\/wp\/v2\/product_tag?post=751957"}],"curies":[{"name":"wp","href":"https:\/\/api.w.org\/{rel}","templated":true}]}}