{"id":751961,"date":"2025-03-04T01:12:31","date_gmt":"2025-03-04T00:12:31","guid":{"rendered":"https:\/\/stoic-curie.212-227-153-4.plesk.page\/producto\/ultraflex-x72\/"},"modified":"2026-02-25T00:28:26","modified_gmt":"2026-02-25T00:28:26","slug":"ultraflex-x72","status":"publish","type":"product","link":"https:\/\/stoic-curie.212-227-153-4.plesk.page\/pt\/product\/ultraflex-x72\/","title":{"rendered":"Ultraflex X72"},"content":{"rendered":"<p>Ultraflex X72 &#8211; <\/p>\n<p>Sistema de dire\u00e7\u00e3o SilverSteer de alto desempenho para motores fora de borda com mais de 300 HP. A conex\u00e3o do motor \u00e9 feita de a\u00e7o inoxid\u00e1vel de alta resist\u00eancia (Ultrabolt). Composto por pe\u00e7as vendidas separadamente:<br \/>1 pe\u00e7a de bomba de leme UP28F-SVS (Cod MTM 4655501) com 4,6 voltas de volante de batente a batente ou 1 pe\u00e7a de bomba de leme UP33F-SVS (Cod MTM 4655502) com 3,9 voltas completas de estibordo\/babor. As bombas de leme v\u00eam completas com v\u00e1lvula de reten\u00e7\u00e3o e v\u00e1lvula de prote\u00e7\u00e3o contra sobrepress\u00e3o.<br \/>1 pe\u00e7a de cilindro UC130\/1-SVS (Cod MTM 4655511) ou 1 pe\u00e7a de cilindro UC130\/2-SVS (Cod MTM 4655512); 1 kit de mangueiras OB-SVS; 2 L de \u00f3leo hidr\u00e1ulico. Os dois cilindros UC130\/1-SVS e UC130\/2-SVS diferem na conex\u00e3o do motor:<br \/>&#8211; UC130\/1 (Cod MTM 4655511) \u00e9 feito para: Mercury 2 e 4T de 135 a 300 HP &#8211; Yamaha 4T de 150 a 350 HP &#8211; Honda 4T de 150 a 250 HP &#8211; Suzuki 4T de 100 a 175 HP<br \/>&#8211; UC130\/2 (Cod MTM 4655512) \u00e9 feito para: Evinrude E 2T de 150 a 300 HP &#8211; Yamaha 2T de 150 a 300 HP &#8211; Suzuki 4T de 200 a 300 HP.<br \/>O kit de mangueiras \u00e9 composto por um par de mangueiras 5\/16 de alta resist\u00eancia refor\u00e7adas com tran\u00e7ado de Kevlar com conectores de 10 mm pr\u00e9-moldados e mangas de refor\u00e7o.<br \/>O sistema de ajuste do \u00e2ngulo do volante X72 (Cod MTM 4655530) para bombas de dire\u00e7\u00e3o Nautech e SilverSteer permite 5 posi\u00e7\u00f5es de condu\u00e7\u00e3o diferentes para um \u00e2ngulo total de 60\u00b0.<br \/>A barra de conex\u00e3o A96 para motores fora de borda \u00e9 usada com um \u00fanico cilindro UC130-SVS e 2 motores com dist\u00e2ncia entre eixos de 66-73 cm (4655055) ou 73-87 cm (4655057).<\/p>\n","protected":false},"excerpt":{"rendered":"<p>Ultraflex X72 &#8211; Sistema de dire\u00e7\u00e3o SilverSteer de alto desempenho para motores fora de borda com mais de 300 HP.<\/p>\n","protected":false},"featured_media":5948501,"comment_status":"open","ping_status":"closed","template":"","meta":[],"product_brand":[3502],"product_cat":[2110],"product_tag":[],"class_list":{"0":"post-751961","1":"product","2":"type-product","3":"status-publish","4":"has-post-thumbnail","6":"product_brand-ultraflex-uflex-pt","7":"product_cat-direcao-hidraulica","9":"first","10":"instock","11":"shipping-taxable","12":"purchasable","13":"product-type-simple"},"_links":{"self":[{"href":"https:\/\/stoic-curie.212-227-153-4.plesk.page\/pt\/wp-json\/wp\/v2\/product\/751961","targetHints":{"allow":["GET"]}}],"collection":[{"href":"https:\/\/stoic-curie.212-227-153-4.plesk.page\/pt\/wp-json\/wp\/v2\/product"}],"about":[{"href":"https:\/\/stoic-curie.212-227-153-4.plesk.page\/pt\/wp-json\/wp\/v2\/types\/product"}],"replies":[{"embeddable":true,"href":"https:\/\/stoic-curie.212-227-153-4.plesk.page\/pt\/wp-json\/wp\/v2\/comments?post=751961"}],"version-history":[{"count":0,"href":"https:\/\/stoic-curie.212-227-153-4.plesk.page\/pt\/wp-json\/wp\/v2\/product\/751961\/revisions"}],"wp:featuredmedia":[{"embeddable":true,"href":"https:\/\/stoic-curie.212-227-153-4.plesk.page\/pt\/wp-json\/wp\/v2\/media\/5948501"}],"wp:attachment":[{"href":"https:\/\/stoic-curie.212-227-153-4.plesk.page\/pt\/wp-json\/wp\/v2\/media?parent=751961"}],"wp:term":[{"taxonomy":"product_brand","embeddable":true,"href":"https:\/\/stoic-curie.212-227-153-4.plesk.page\/pt\/wp-json\/wp\/v2\/product_brand?post=751961"},{"taxonomy":"product_cat","embeddable":true,"href":"https:\/\/stoic-curie.212-227-153-4.plesk.page\/pt\/wp-json\/wp\/v2\/product_cat?post=751961"},{"taxonomy":"product_tag","embeddable":true,"href":"https:\/\/stoic-curie.212-227-153-4.plesk.page\/pt\/wp-json\/wp\/v2\/product_tag?post=751961"}],"curies":[{"name":"wp","href":"https:\/\/api.w.org\/{rel}","templated":true}]}}