{"id":751962,"date":"2025-03-04T01:12:31","date_gmt":"2025-03-04T00:12:31","guid":{"rendered":"https:\/\/stoic-curie.212-227-153-4.plesk.page\/producto\/bomba-hidraulica-ultraflex-up28f-svs\/"},"modified":"2026-02-25T00:28:26","modified_gmt":"2026-02-25T00:28:26","slug":"bomba-hidraulica-ultraflex-up28f-svs","status":"publish","type":"product","link":"https:\/\/stoic-curie.212-227-153-4.plesk.page\/pt\/product\/bomba-hidraulica-ultraflex-up28f-svs\/","title":{"rendered":"Bomba hidr\u00e1ulica Ultraflex UP28F-SVS"},"content":{"rendered":"<p>Bomba hidr\u00e1ulica Ultraflex UP28F-SVS &#8211; <\/p>\n<p>UP28F &#8211; SVS \u2013 Volante de Montagem Frontal para o Sistema de Dire\u00e7\u00e3o Ultraflex SilverSteer. Sistema de Dire\u00e7\u00e3o Hidr\u00e1ulica ULTRAFLEX SilverSteer para Motores de For\u00e7a at\u00e9 350 HP<\/p>\n<p>Esta bomba hidr\u00e1ulica est\u00e1 equipada com uma v\u00e1lvula de retens\u00e3o. Para os flanges de montagem apropriados,<\/p>\n<table>\n<thead>\n<tr>\n<th><\/th>\n<th><\/th>\n<\/tr>\n<\/thead>\n<tbody>\n<tr>\n<td>Tipo:<\/td>\n<td>UP28 FSVS<\/td>\n<\/tr>\n<tr>\n<td>Montagem:<\/td>\n<td>Frontal<\/td>\n<\/tr>\n<tr>\n<td>Capacidade (cc\/rev):<\/td>\n<td>28<\/td>\n<\/tr>\n<tr>\n<td>N\u00famero de Pist\u00f5es:<\/td>\n<td>5<\/td>\n<\/tr>\n<tr>\n<td>Press\u00e3o (bar):<\/td>\n<td>105<\/td>\n<\/tr>\n<tr>\n<td>Di\u00e2metro M\u00e1ximo do Volante (mm):<\/td>\n<td>710<\/td>\n<\/tr>\n<\/tbody>\n<\/table>\n<p>Este volante \u00e9 projetado com uma v\u00e1lvula de bloqueio embutida que mant\u00e9m o leme na posi\u00e7\u00e3o. Al\u00e9m disso, possui uma v\u00e1lvula de al\u00edvio para evitar condi\u00e7\u00f5es de sobrepress\u00e3o. Constru\u00eddo com um eixo de a\u00e7o inoxid\u00e1vel c\u00f4nico de 3\/4\u2033, aumenta tanto a resist\u00eancia quanto a durabilidade.<\/p>\n<p>Recursos Adicionais:<\/p>\n<p>A v\u00e1lvula de bloqueio e o selo do eixo s\u00e3o convenientemente acess\u00edveis para f\u00e1cil substitui\u00e7\u00e3o. Inclui conex\u00f5es ajust\u00e1veis de 90\u00b0 compat\u00edveis com mangueiras de 3\/8\u201d. Um guia do pist\u00e3o com rolamento de esferas \u00e9 incorporado para garantir um funcionamento suave. O volante \u00e9 constru\u00eddo com um rotor de ferro fundido, o que aumenta sua durabilidade e vida \u00fatil. \u00c9 compat\u00edvel com flange quadrada X64 e flange redonda X57, permitindo instala\u00e7\u00e3o em uma posi\u00e7\u00e3o intermedi\u00e1ria no painel. O mecanismo de inclina\u00e7\u00e3o oferece uma faixa de 60\u00b0 com cinco posi\u00e7\u00f5es de bloqueio para maior facilidade de uso.<\/p>\n<p>Especifica\u00e7\u00f5es:<\/p>\n<ul>\n<li>Montagem: Montagem frontal<\/li>\n<li>Deslocamento por revolu\u00e7\u00e3o: 28 cc (1,7 pol. c\u00fabicos)<\/li>\n<li>N\u00famero de pist\u00f5es: 5<\/li>\n<li>Configura\u00e7\u00e3o da v\u00e1lvula de al\u00edvio: 70 Bar (1000 PSI)<\/li>\n<li>Di\u00e2metro m\u00e1ximo do volante: 710 mm (28\u201d)<\/li>\n<li>Peso: 5 kg (11 lbs)<\/li>\n<\/ul>\n","protected":false},"excerpt":{"rendered":"<p>Bomba hidr\u00e1ulica Ultraflex UP28F-SVS &#8211; UP28F &#8211; SVS \u2013 Volante de Montagem Frontal para o Sistema de Dire\u00e7\u00e3o Ultraflex SilverSteer.<\/p>\n","protected":false},"featured_media":5948502,"comment_status":"open","ping_status":"closed","template":"","meta":[],"product_brand":[3502],"product_cat":[2110],"product_tag":[],"class_list":{"0":"post-751962","1":"product","2":"type-product","3":"status-publish","4":"has-post-thumbnail","6":"product_brand-ultraflex-uflex-pt","7":"product_cat-direcao-hidraulica","9":"first","10":"instock","11":"shipping-taxable","12":"purchasable","13":"product-type-simple"},"_links":{"self":[{"href":"https:\/\/stoic-curie.212-227-153-4.plesk.page\/pt\/wp-json\/wp\/v2\/product\/751962","targetHints":{"allow":["GET"]}}],"collection":[{"href":"https:\/\/stoic-curie.212-227-153-4.plesk.page\/pt\/wp-json\/wp\/v2\/product"}],"about":[{"href":"https:\/\/stoic-curie.212-227-153-4.plesk.page\/pt\/wp-json\/wp\/v2\/types\/product"}],"replies":[{"embeddable":true,"href":"https:\/\/stoic-curie.212-227-153-4.plesk.page\/pt\/wp-json\/wp\/v2\/comments?post=751962"}],"version-history":[{"count":0,"href":"https:\/\/stoic-curie.212-227-153-4.plesk.page\/pt\/wp-json\/wp\/v2\/product\/751962\/revisions"}],"wp:featuredmedia":[{"embeddable":true,"href":"https:\/\/stoic-curie.212-227-153-4.plesk.page\/pt\/wp-json\/wp\/v2\/media\/5948502"}],"wp:attachment":[{"href":"https:\/\/stoic-curie.212-227-153-4.plesk.page\/pt\/wp-json\/wp\/v2\/media?parent=751962"}],"wp:term":[{"taxonomy":"product_brand","embeddable":true,"href":"https:\/\/stoic-curie.212-227-153-4.plesk.page\/pt\/wp-json\/wp\/v2\/product_brand?post=751962"},{"taxonomy":"product_cat","embeddable":true,"href":"https:\/\/stoic-curie.212-227-153-4.plesk.page\/pt\/wp-json\/wp\/v2\/product_cat?post=751962"},{"taxonomy":"product_tag","embeddable":true,"href":"https:\/\/stoic-curie.212-227-153-4.plesk.page\/pt\/wp-json\/wp\/v2\/product_tag?post=751962"}],"curies":[{"name":"wp","href":"https:\/\/api.w.org\/{rel}","templated":true}]}}