{"id":751963,"date":"2025-03-04T01:12:32","date_gmt":"2025-03-04T00:12:32","guid":{"rendered":"https:\/\/stoic-curie.212-227-153-4.plesk.page\/producto\/cilindro-hidraulico-ultraflex-uc-69-i\/"},"modified":"2026-02-25T00:28:26","modified_gmt":"2026-02-25T00:28:26","slug":"cilindro-hidraulico-ultraflex-uc-69-i","status":"publish","type":"product","link":"https:\/\/stoic-curie.212-227-153-4.plesk.page\/pt\/product\/cilindro-hidraulico-ultraflex-uc-69-i\/","title":{"rendered":"Cilindro hidr\u00e1ulico Ultraflex UC 69-i"},"content":{"rendered":"<p>Cilindro hidr\u00e1ulico Ultraflex UC 69-i &#8211; <\/p>\n<p>Sistema de dire\u00e7\u00e3o hidr\u00e1ulica Ultraflex com cabe\u00e7a de junta esf\u00e9rica para bra\u00e7o de leme para barcos de at\u00e9 9 metros. Composto por pe\u00e7as vendidas separadamente: 1 pe\u00e7a &#8211; cilindro UC69 com torque m\u00e1ximo de 32 Kgm 1 pe\u00e7a &#8211; bomba de leme UP20F com v\u00e1lvula NR (3,5 voltas de volante de batente a batente com cilindro UC69) 2 pares &#8211; Conex\u00f5es para mangueira de 5\/16 2 Lt &#8211; \u00d3leo hidr\u00e1ulico Mangueira hidr\u00e1ulica de 5\/16 por pacote<\/p>\n","protected":false},"excerpt":{"rendered":"<p>Cilindro hidr\u00e1ulico Ultraflex UC 69-i &#8211; Sistema de dire\u00e7\u00e3o hidr\u00e1ulica Ultraflex com cabe\u00e7a de junta esf\u00e9rica para bra\u00e7o de leme<\/p>\n","protected":false},"featured_media":5948503,"comment_status":"open","ping_status":"closed","template":"","meta":[],"product_brand":[3502],"product_cat":[2110],"product_tag":[],"class_list":{"0":"post-751963","1":"product","2":"type-product","3":"status-publish","4":"has-post-thumbnail","6":"product_brand-ultraflex-uflex-pt","7":"product_cat-direcao-hidraulica","9":"first","10":"instock","11":"shipping-taxable","12":"purchasable","13":"product-type-simple"},"_links":{"self":[{"href":"https:\/\/stoic-curie.212-227-153-4.plesk.page\/pt\/wp-json\/wp\/v2\/product\/751963","targetHints":{"allow":["GET"]}}],"collection":[{"href":"https:\/\/stoic-curie.212-227-153-4.plesk.page\/pt\/wp-json\/wp\/v2\/product"}],"about":[{"href":"https:\/\/stoic-curie.212-227-153-4.plesk.page\/pt\/wp-json\/wp\/v2\/types\/product"}],"replies":[{"embeddable":true,"href":"https:\/\/stoic-curie.212-227-153-4.plesk.page\/pt\/wp-json\/wp\/v2\/comments?post=751963"}],"version-history":[{"count":0,"href":"https:\/\/stoic-curie.212-227-153-4.plesk.page\/pt\/wp-json\/wp\/v2\/product\/751963\/revisions"}],"wp:featuredmedia":[{"embeddable":true,"href":"https:\/\/stoic-curie.212-227-153-4.plesk.page\/pt\/wp-json\/wp\/v2\/media\/5948503"}],"wp:attachment":[{"href":"https:\/\/stoic-curie.212-227-153-4.plesk.page\/pt\/wp-json\/wp\/v2\/media?parent=751963"}],"wp:term":[{"taxonomy":"product_brand","embeddable":true,"href":"https:\/\/stoic-curie.212-227-153-4.plesk.page\/pt\/wp-json\/wp\/v2\/product_brand?post=751963"},{"taxonomy":"product_cat","embeddable":true,"href":"https:\/\/stoic-curie.212-227-153-4.plesk.page\/pt\/wp-json\/wp\/v2\/product_cat?post=751963"},{"taxonomy":"product_tag","embeddable":true,"href":"https:\/\/stoic-curie.212-227-153-4.plesk.page\/pt\/wp-json\/wp\/v2\/product_tag?post=751963"}],"curies":[{"name":"wp","href":"https:\/\/api.w.org\/{rel}","templated":true}]}}