{"id":751966,"date":"2025-03-04T01:12:33","date_gmt":"2025-03-04T00:12:33","guid":{"rendered":"https:\/\/stoic-curie.212-227-153-4.plesk.page\/producto\/cilindro-hidraulico-ultraflex-uc168-i\/"},"modified":"2026-02-25T00:28:26","modified_gmt":"2026-02-25T00:28:26","slug":"cilindro-hidraulico-ultraflex-uc168-i","status":"publish","type":"product","link":"https:\/\/stoic-curie.212-227-153-4.plesk.page\/pt\/product\/cilindro-hidraulico-ultraflex-uc168-i\/","title":{"rendered":"Cilindro hidr\u00e1ulico Ultraflex UC168-i"},"content":{"rendered":"<p>Cilindro hidr\u00e1ulico Ultraflex UC168-i &#8211; <\/p>\n<p>Sistema de dire\u00e7\u00e3o hidr\u00e1ulica Ultraflex com cabe\u00e7a de bra\u00e7o de leme para barcos at\u00e9 10 metros.<br \/> Composto por pe\u00e7as vendidas separadamente:<br \/> 1 pe\u00e7a &#8211; Cilindro UC168 com torque m\u00e1ximo de 87 Kgm<br \/> 1 pe\u00e7a &#8211; Bomba de leme UP28F com v\u00e1lvula NR (6,0 voltas de volante de batente a batente com cilindro UC168)<br \/> 1 pe\u00e7a &#8211; Bomba de leme UP33F com v\u00e1lvula NR (5,1 voltas de volante de batente a batente com cilindro UC168)<br \/> 2 pares &#8211; Conectores para mangueira 5\/16<br \/> 2 L &#8211; \u00d3leo hidr\u00e1ulico<br \/> Mangueira hidr\u00e1ulica 5\/16 por pacote<\/p>\n","protected":false},"excerpt":{"rendered":"<p>Cilindro hidr\u00e1ulico Ultraflex UC168-i &#8211; Sistema de dire\u00e7\u00e3o hidr\u00e1ulica Ultraflex com cabe\u00e7a de bra\u00e7o de leme para barcos at\u00e9 10<\/p>\n","protected":false},"featured_media":5948513,"comment_status":"open","ping_status":"closed","template":"","meta":[],"product_brand":[3502],"product_cat":[2110],"product_tag":[],"class_list":{"0":"post-751966","1":"product","2":"type-product","3":"status-publish","4":"has-post-thumbnail","6":"product_brand-ultraflex-uflex-pt","7":"product_cat-direcao-hidraulica","9":"first","10":"instock","11":"shipping-taxable","12":"purchasable","13":"product-type-simple"},"_links":{"self":[{"href":"https:\/\/stoic-curie.212-227-153-4.plesk.page\/pt\/wp-json\/wp\/v2\/product\/751966","targetHints":{"allow":["GET"]}}],"collection":[{"href":"https:\/\/stoic-curie.212-227-153-4.plesk.page\/pt\/wp-json\/wp\/v2\/product"}],"about":[{"href":"https:\/\/stoic-curie.212-227-153-4.plesk.page\/pt\/wp-json\/wp\/v2\/types\/product"}],"replies":[{"embeddable":true,"href":"https:\/\/stoic-curie.212-227-153-4.plesk.page\/pt\/wp-json\/wp\/v2\/comments?post=751966"}],"version-history":[{"count":0,"href":"https:\/\/stoic-curie.212-227-153-4.plesk.page\/pt\/wp-json\/wp\/v2\/product\/751966\/revisions"}],"wp:featuredmedia":[{"embeddable":true,"href":"https:\/\/stoic-curie.212-227-153-4.plesk.page\/pt\/wp-json\/wp\/v2\/media\/5948513"}],"wp:attachment":[{"href":"https:\/\/stoic-curie.212-227-153-4.plesk.page\/pt\/wp-json\/wp\/v2\/media?parent=751966"}],"wp:term":[{"taxonomy":"product_brand","embeddable":true,"href":"https:\/\/stoic-curie.212-227-153-4.plesk.page\/pt\/wp-json\/wp\/v2\/product_brand?post=751966"},{"taxonomy":"product_cat","embeddable":true,"href":"https:\/\/stoic-curie.212-227-153-4.plesk.page\/pt\/wp-json\/wp\/v2\/product_cat?post=751966"},{"taxonomy":"product_tag","embeddable":true,"href":"https:\/\/stoic-curie.212-227-153-4.plesk.page\/pt\/wp-json\/wp\/v2\/product_tag?post=751966"}],"curies":[{"name":"wp","href":"https:\/\/api.w.org\/{rel}","templated":true}]}}