{"id":751968,"date":"2025-03-04T01:12:34","date_gmt":"2025-03-04T00:12:34","guid":{"rendered":"https:\/\/stoic-curie.212-227-153-4.plesk.page\/producto\/bomba-hidraulica-ultraflex-up39f\/"},"modified":"2026-02-25T00:28:26","modified_gmt":"2026-02-25T00:28:26","slug":"bomba-hidraulica-ultraflex-up39f","status":"publish","type":"product","link":"https:\/\/stoic-curie.212-227-153-4.plesk.page\/pt\/product\/bomba-hidraulica-ultraflex-up39f\/","title":{"rendered":"Bomba hidr\u00e1ulica Ultraflex UP39F"},"content":{"rendered":"<p>Bomba hidr\u00e1ulica Ultraflex UP39F &#8211; <\/p>\n<p>Sistema de dire\u00e7\u00e3o hidr\u00e1ulica Ultraflex com bra\u00e7o de leme e cabe\u00e7a de articula\u00e7\u00e3o para barcos de at\u00e9 12 metros. Composto por pe\u00e7as vendidas separadamente:<br \/>1 pe\u00e7a &#8211; Cilindro UC215 com torque m\u00e1ximo de 111 Kgm<br \/>1 pe\u00e7a &#8211; Bomba de leme UP28F com v\u00e1lvula NR (7,6 voltas de batente a batente com cilindro UC215)<br \/>1 pe\u00e7a &#8211; Bomba de leme UP33F com v\u00e1lvula NR (6,5 voltas de batente a batente com cilindro UC215)<br \/>1 pe\u00e7a &#8211; Bomba de leme UP39F com v\u00e1lvula NR (5,5 voltas de batente a batente com cilindro UC215)<br \/>2 pe\u00e7as &#8211; Conex\u00f5es para mangueira de 5\/16<br \/>2 L &#8211; \u00d3leo hidr\u00e1ulico<br \/>Mangueira hidr\u00e1ulica de 5\/16 por embalagem<\/p>\n","protected":false},"excerpt":{"rendered":"<p>Bomba hidr\u00e1ulica Ultraflex UP39F &#8211; Sistema de dire\u00e7\u00e3o hidr\u00e1ulica Ultraflex com bra\u00e7o de leme e cabe\u00e7a de articula\u00e7\u00e3o para barcos<\/p>\n","protected":false},"featured_media":5948523,"comment_status":"open","ping_status":"closed","template":"","meta":[],"product_brand":[3502],"product_cat":[2110],"product_tag":[],"class_list":{"0":"post-751968","1":"product","2":"type-product","3":"status-publish","4":"has-post-thumbnail","6":"product_brand-ultraflex-uflex-pt","7":"product_cat-direcao-hidraulica","9":"first","10":"instock","11":"shipping-taxable","12":"purchasable","13":"product-type-simple"},"_links":{"self":[{"href":"https:\/\/stoic-curie.212-227-153-4.plesk.page\/pt\/wp-json\/wp\/v2\/product\/751968","targetHints":{"allow":["GET"]}}],"collection":[{"href":"https:\/\/stoic-curie.212-227-153-4.plesk.page\/pt\/wp-json\/wp\/v2\/product"}],"about":[{"href":"https:\/\/stoic-curie.212-227-153-4.plesk.page\/pt\/wp-json\/wp\/v2\/types\/product"}],"replies":[{"embeddable":true,"href":"https:\/\/stoic-curie.212-227-153-4.plesk.page\/pt\/wp-json\/wp\/v2\/comments?post=751968"}],"version-history":[{"count":0,"href":"https:\/\/stoic-curie.212-227-153-4.plesk.page\/pt\/wp-json\/wp\/v2\/product\/751968\/revisions"}],"wp:featuredmedia":[{"embeddable":true,"href":"https:\/\/stoic-curie.212-227-153-4.plesk.page\/pt\/wp-json\/wp\/v2\/media\/5948523"}],"wp:attachment":[{"href":"https:\/\/stoic-curie.212-227-153-4.plesk.page\/pt\/wp-json\/wp\/v2\/media?parent=751968"}],"wp:term":[{"taxonomy":"product_brand","embeddable":true,"href":"https:\/\/stoic-curie.212-227-153-4.plesk.page\/pt\/wp-json\/wp\/v2\/product_brand?post=751968"},{"taxonomy":"product_cat","embeddable":true,"href":"https:\/\/stoic-curie.212-227-153-4.plesk.page\/pt\/wp-json\/wp\/v2\/product_cat?post=751968"},{"taxonomy":"product_tag","embeddable":true,"href":"https:\/\/stoic-curie.212-227-153-4.plesk.page\/pt\/wp-json\/wp\/v2\/product_tag?post=751968"}],"curies":[{"name":"wp","href":"https:\/\/api.w.org\/{rel}","templated":true}]}}