{"id":751970,"date":"2025-03-04T01:12:35","date_gmt":"2025-03-04T00:12:35","guid":{"rendered":"https:\/\/stoic-curie.212-227-153-4.plesk.page\/producto\/cilindro-hidraulico-vetus-mtc30\/"},"modified":"2026-02-25T00:28:26","modified_gmt":"2026-02-25T00:28:26","slug":"cilindro-hidraulico-vetus-mtc30","status":"publish","type":"product","link":"https:\/\/stoic-curie.212-227-153-4.plesk.page\/pt\/product\/cilindro-hidraulico-vetus-mtc30\/","title":{"rendered":"Cilindro hidr\u00e1ulico Vetus MTC30"},"content":{"rendered":"<p>Cilindro hidr\u00e1ulico Vetus MTC30 &#8211; <\/p>\n<p>Sistema de dire\u00e7\u00e3o hidr\u00e1ulica Vetus com bra\u00e7o de leme e cabe\u00e7a de junta esf\u00e9rica para barcos de at\u00e9 7 metros. Componentes e acess\u00f3rios s\u00e3o vendidos separadamente: 1 pe\u00e7a &#8211; Cilindro MTC30 com torque m\u00e1ximo de 30 Kgm 1 pe\u00e7a &#8211; Bomba de leme HTP2010 sem v\u00e1lvula NR (3,4 giros de volante de um extremo ao outro com cilindro MTC30) 15 metros de mangueira hidr\u00e1ulica de nylon 6&#215;8 mm.<\/p>\n","protected":false},"excerpt":{"rendered":"<p>Cilindro hidr\u00e1ulico Vetus MTC30 &#8211; Sistema de dire\u00e7\u00e3o hidr\u00e1ulica Vetus com bra\u00e7o de leme e cabe\u00e7a de junta esf\u00e9rica para<\/p>\n","protected":false},"featured_media":5948527,"comment_status":"open","ping_status":"closed","template":"","meta":[],"product_brand":[3522],"product_cat":[2110],"product_tag":[],"class_list":{"0":"post-751970","1":"product","2":"type-product","3":"status-publish","4":"has-post-thumbnail","6":"product_brand-vetus-pt","7":"product_cat-direcao-hidraulica","9":"first","10":"instock","11":"shipping-taxable","12":"purchasable","13":"product-type-simple"},"_links":{"self":[{"href":"https:\/\/stoic-curie.212-227-153-4.plesk.page\/pt\/wp-json\/wp\/v2\/product\/751970","targetHints":{"allow":["GET"]}}],"collection":[{"href":"https:\/\/stoic-curie.212-227-153-4.plesk.page\/pt\/wp-json\/wp\/v2\/product"}],"about":[{"href":"https:\/\/stoic-curie.212-227-153-4.plesk.page\/pt\/wp-json\/wp\/v2\/types\/product"}],"replies":[{"embeddable":true,"href":"https:\/\/stoic-curie.212-227-153-4.plesk.page\/pt\/wp-json\/wp\/v2\/comments?post=751970"}],"version-history":[{"count":0,"href":"https:\/\/stoic-curie.212-227-153-4.plesk.page\/pt\/wp-json\/wp\/v2\/product\/751970\/revisions"}],"wp:featuredmedia":[{"embeddable":true,"href":"https:\/\/stoic-curie.212-227-153-4.plesk.page\/pt\/wp-json\/wp\/v2\/media\/5948527"}],"wp:attachment":[{"href":"https:\/\/stoic-curie.212-227-153-4.plesk.page\/pt\/wp-json\/wp\/v2\/media?parent=751970"}],"wp:term":[{"taxonomy":"product_brand","embeddable":true,"href":"https:\/\/stoic-curie.212-227-153-4.plesk.page\/pt\/wp-json\/wp\/v2\/product_brand?post=751970"},{"taxonomy":"product_cat","embeddable":true,"href":"https:\/\/stoic-curie.212-227-153-4.plesk.page\/pt\/wp-json\/wp\/v2\/product_cat?post=751970"},{"taxonomy":"product_tag","embeddable":true,"href":"https:\/\/stoic-curie.212-227-153-4.plesk.page\/pt\/wp-json\/wp\/v2\/product_tag?post=751970"}],"curies":[{"name":"wp","href":"https:\/\/api.w.org\/{rel}","templated":true}]}}