{"id":751973,"date":"2025-03-04T01:12:36","date_gmt":"2025-03-04T00:12:36","guid":{"rendered":"https:\/\/stoic-curie.212-227-153-4.plesk.page\/producto\/bomba-hidraulica-vetus-htp3010\/"},"modified":"2026-02-25T00:28:26","modified_gmt":"2026-02-25T00:28:26","slug":"bomba-hidraulica-vetus-htp3010","status":"publish","type":"product","link":"https:\/\/stoic-curie.212-227-153-4.plesk.page\/pt\/product\/bomba-hidraulica-vetus-htp3010\/","title":{"rendered":"Bomba hidr\u00e1ulica Vetus HTP3010"},"content":{"rendered":"<p>Bomba hidr\u00e1ulica Vetus HTP3010 &#8211; <\/p>\n<p style=\"color: rgb(34, 34, 34); font-family: Arial, Helvetica, sans-serif; font-size: small;\">Apresentando a mais recente Bomba de Dire\u00e7\u00e3o Hidr\u00e1ulica Vetus, uma solu\u00e7\u00e3o compacta especificamente projetada para compatibilidade com os cilindros Vetus MTC52 &#8211; 125. Esta bomba possui um simples sistema de montagem traseira com quatro parafusos e apresenta um eixo c\u00f4nico padr\u00e3o da ind\u00fastria de 3\/4&#8243;.<\/p>\n<p style=\"color: rgb(34, 34, 34); font-family: Arial, Helvetica, sans-serif; font-size: small;\">Pode ser instalada e utilizada em qualquer \u00e2ngulo, seja horizontal ou vertical, proporcionando versatilidade para uma variedade de aplica\u00e7\u00f5es. \u00c9 importante ressaltar que esta bomba n\u00e3o vem com v\u00e1lvulas de reten\u00e7\u00e3o.<\/p>\n<p style=\"color: rgb(34, 34, 34); font-family: Arial, Helvetica, sans-serif; font-size: small;\">Principais caracter\u00edsticas das bombas Vetus HTP incluem:<\/p>\n<ul style=\"color: rgb(34, 34, 34); font-family: Arial, Helvetica, sans-serif; font-size: small;\">\n<li>Cor: Off White (RAL9002)<\/li>\n<li>Conex\u00f5es de compress\u00e3o de 10mm para linhas de press\u00e3o e um tubo de equil\u00edbrio<\/li>\n<li>Parafusos de fixa\u00e7\u00e3o, porcas e arruelas inclu\u00eddos<\/li>\n<li>Um plug de enchimento ventilado e um n\u00e3o ventilado<\/li>\n<\/ul>\n<p style=\"color: rgb(34, 34, 34); font-family: Arial, Helvetica, sans-serif; font-size: small;\"><strong>Especifica\u00e7\u00f5es T\u00e9cnicas:<\/strong><\/p>\n<ul style=\"color: rgb(34, 34, 34); font-family: Arial, Helvetica, sans-serif; font-size: small;\">\n<li>Capacidade: 30.0 cm\u00b3\/rev<\/li>\n<li>N\u00famero de pist\u00f5es: 5<\/li>\n<li>Peso: 3.3 kg<\/li>\n<\/ul>\n<p style=\"color: rgb(34, 34, 34); font-family: Arial, Helvetica, sans-serif; font-size: small;\"><strong>Especifica\u00e7\u00f5es Adicionais:<\/strong><\/p>\n<ul style=\"color: rgb(34, 34, 34); font-family: Arial, Helvetica, sans-serif; font-size: small;\">\n<li>Cor: Branco<\/li>\n<li>Tipo de Bomba: HTP30<\/li>\n<li>V\u00e1lvula: Falta v\u00e1lvulas de reten\u00e7\u00e3o<\/li>\n<li>Uso Pretendido: Recreativo<\/li>\n<li>Di\u00e2metro do Tubo: 10 mm<\/li>\n<li>Capacidade da Unidade da Bomba: 30 cm\u00b3\/rev<\/li>\n<\/ul>\n<p style=\"color: rgb(34, 34, 34); font-family: Arial, Helvetica, sans-serif; font-size: small;\">Esta bomba combina efici\u00eancia com facilidade de uso, tornando-se uma op\u00e7\u00e3o excepcional para entusiastas de navega\u00e7\u00e3o recreativa.<\/p>\n","protected":false},"excerpt":{"rendered":"<p>Bomba hidr\u00e1ulica Vetus HTP3010 &#8211; Apresentando a mais recente Bomba de Dire\u00e7\u00e3o Hidr\u00e1ulica Vetus, uma solu\u00e7\u00e3o compacta especificamente projetada para<\/p>\n","protected":false},"featured_media":5948549,"comment_status":"open","ping_status":"closed","template":"","meta":[],"product_brand":[3522],"product_cat":[2110],"product_tag":[],"class_list":{"0":"post-751973","1":"product","2":"type-product","3":"status-publish","4":"has-post-thumbnail","6":"product_brand-vetus-pt","7":"product_cat-direcao-hidraulica","9":"first","10":"instock","11":"shipping-taxable","12":"purchasable","13":"product-type-simple"},"_links":{"self":[{"href":"https:\/\/stoic-curie.212-227-153-4.plesk.page\/pt\/wp-json\/wp\/v2\/product\/751973","targetHints":{"allow":["GET"]}}],"collection":[{"href":"https:\/\/stoic-curie.212-227-153-4.plesk.page\/pt\/wp-json\/wp\/v2\/product"}],"about":[{"href":"https:\/\/stoic-curie.212-227-153-4.plesk.page\/pt\/wp-json\/wp\/v2\/types\/product"}],"replies":[{"embeddable":true,"href":"https:\/\/stoic-curie.212-227-153-4.plesk.page\/pt\/wp-json\/wp\/v2\/comments?post=751973"}],"version-history":[{"count":0,"href":"https:\/\/stoic-curie.212-227-153-4.plesk.page\/pt\/wp-json\/wp\/v2\/product\/751973\/revisions"}],"wp:featuredmedia":[{"embeddable":true,"href":"https:\/\/stoic-curie.212-227-153-4.plesk.page\/pt\/wp-json\/wp\/v2\/media\/5948549"}],"wp:attachment":[{"href":"https:\/\/stoic-curie.212-227-153-4.plesk.page\/pt\/wp-json\/wp\/v2\/media?parent=751973"}],"wp:term":[{"taxonomy":"product_brand","embeddable":true,"href":"https:\/\/stoic-curie.212-227-153-4.plesk.page\/pt\/wp-json\/wp\/v2\/product_brand?post=751973"},{"taxonomy":"product_cat","embeddable":true,"href":"https:\/\/stoic-curie.212-227-153-4.plesk.page\/pt\/wp-json\/wp\/v2\/product_cat?post=751973"},{"taxonomy":"product_tag","embeddable":true,"href":"https:\/\/stoic-curie.212-227-153-4.plesk.page\/pt\/wp-json\/wp\/v2\/product_tag?post=751973"}],"curies":[{"name":"wp","href":"https:\/\/api.w.org\/{rel}","templated":true}]}}