{"id":751974,"date":"2025-03-04T01:12:37","date_gmt":"2025-03-04T00:12:37","guid":{"rendered":"https:\/\/stoic-curie.212-227-153-4.plesk.page\/producto\/cilindro-hidraulico-vetus-mtc72\/"},"modified":"2026-02-25T00:28:26","modified_gmt":"2026-02-25T00:28:26","slug":"cilindro-hidraulico-vetus-mtc72","status":"publish","type":"product","link":"https:\/\/stoic-curie.212-227-153-4.plesk.page\/pt\/product\/cilindro-hidraulico-vetus-mtc72\/","title":{"rendered":"Cilindro hidr\u00e1ulico Vetus MTC72"},"content":{"rendered":"<p>Cilindro hidr\u00e1ulico Vetus MTC72 &#8211; <\/p>\n<p>Sistema de dire\u00e7\u00e3o hidr\u00e1ulica Vetus com cabe\u00e7a de junta esf\u00e9rica do bra\u00e7o de dire\u00e7\u00e3o para barcos de at\u00e9 11 metros. Os componentes e acess\u00f3rios s\u00e3o vendidos separadamente: 1 pe\u00e7a &#8211; Cilindro MTC72 com torque m\u00e1ximo de 72 Kgm 1 pe\u00e7a &#8211; Bomba de leme HTP2010 sem v\u00e1lvula NR (7,5 voltas de volante de um extremo ao outro com cilindro MTC72) 1 pe\u00e7a &#8211; Bomba de leme HTP3010 com\/sem v\u00e1lvula NR (4,9 voltas de volante de um extremo ao outro com cilindro MTC72) 1 pe\u00e7a &#8211; Bomba de leme HTP4210 com\/sem v\u00e1lvula NR (3,5 voltas de volante de um extremo ao outro com cilindro MTC72) 4 pe\u00e7as &#8211; Conex\u00f5es retas ou curvas reutiliz\u00e1veis para mangueira de 5\/16 Mangueira hidr\u00e1ulica de 5\/16 por pacote<\/p>\n","protected":false},"excerpt":{"rendered":"<p>Cilindro hidr\u00e1ulico Vetus MTC72 &#8211; Sistema de dire\u00e7\u00e3o hidr\u00e1ulica Vetus com cabe\u00e7a de junta esf\u00e9rica do bra\u00e7o de dire\u00e7\u00e3o para<\/p>\n","protected":false},"featured_media":5948558,"comment_status":"open","ping_status":"closed","template":"","meta":[],"product_brand":[3522],"product_cat":[2110],"product_tag":[],"class_list":{"0":"post-751974","1":"product","2":"type-product","3":"status-publish","4":"has-post-thumbnail","6":"product_brand-vetus-pt","7":"product_cat-direcao-hidraulica","9":"first","10":"instock","11":"shipping-taxable","12":"purchasable","13":"product-type-simple"},"_links":{"self":[{"href":"https:\/\/stoic-curie.212-227-153-4.plesk.page\/pt\/wp-json\/wp\/v2\/product\/751974","targetHints":{"allow":["GET"]}}],"collection":[{"href":"https:\/\/stoic-curie.212-227-153-4.plesk.page\/pt\/wp-json\/wp\/v2\/product"}],"about":[{"href":"https:\/\/stoic-curie.212-227-153-4.plesk.page\/pt\/wp-json\/wp\/v2\/types\/product"}],"replies":[{"embeddable":true,"href":"https:\/\/stoic-curie.212-227-153-4.plesk.page\/pt\/wp-json\/wp\/v2\/comments?post=751974"}],"version-history":[{"count":0,"href":"https:\/\/stoic-curie.212-227-153-4.plesk.page\/pt\/wp-json\/wp\/v2\/product\/751974\/revisions"}],"wp:featuredmedia":[{"embeddable":true,"href":"https:\/\/stoic-curie.212-227-153-4.plesk.page\/pt\/wp-json\/wp\/v2\/media\/5948558"}],"wp:attachment":[{"href":"https:\/\/stoic-curie.212-227-153-4.plesk.page\/pt\/wp-json\/wp\/v2\/media?parent=751974"}],"wp:term":[{"taxonomy":"product_brand","embeddable":true,"href":"https:\/\/stoic-curie.212-227-153-4.plesk.page\/pt\/wp-json\/wp\/v2\/product_brand?post=751974"},{"taxonomy":"product_cat","embeddable":true,"href":"https:\/\/stoic-curie.212-227-153-4.plesk.page\/pt\/wp-json\/wp\/v2\/product_cat?post=751974"},{"taxonomy":"product_tag","embeddable":true,"href":"https:\/\/stoic-curie.212-227-153-4.plesk.page\/pt\/wp-json\/wp\/v2\/product_tag?post=751974"}],"curies":[{"name":"wp","href":"https:\/\/api.w.org\/{rel}","templated":true}]}}