{"id":751977,"date":"2025-03-04T01:12:38","date_gmt":"2025-03-04T00:12:38","guid":{"rendered":"https:\/\/stoic-curie.212-227-153-4.plesk.page\/producto\/cilindro-hidraulico-vetus-mtc175\/"},"modified":"2026-02-25T00:28:26","modified_gmt":"2026-02-25T00:28:26","slug":"cilindro-hidraulico-vetus-mtc175","status":"publish","type":"product","link":"https:\/\/stoic-curie.212-227-153-4.plesk.page\/pt\/product\/cilindro-hidraulico-vetus-mtc175\/","title":{"rendered":"Cilindro Hidr\u00e1ulico Vetus MTC175"},"content":{"rendered":"<p>Cilindro Hidr\u00e1ulico Vetus MTC175 &#8211; <\/p>\n<p>Temos o prazer de apresentar nosso cilindro hidr\u00e1ulico premium com corpo em lat\u00e3o, o Vetus MTC17510, especialmente projetado para iates maiores e embarca\u00e7\u00f5es de trabalho. Este produto excepcional possui uma extremidade de haste zincada, com a op\u00e7\u00e3o de upgrade para a\u00e7o inoxid\u00e1vel, juntamente com conex\u00f5es de compress\u00e3o equipadas com niples de sangria.<\/p>\n<p>Voltas da Roda (de bloqueio a bloqueio com modelos de bomba HTP):<\/p>\n<p>HTP42: 8,5<\/p>\n<p>Dimens\u00f5es:<\/p>\n<ul>\n<li>Curso: 225 mm<\/li>\n<li>Volume: 356 cm\u00b3<\/li>\n<li>Comprimento do Bra\u00e7o do Tim\u00e3o: 196 mm<\/li>\n<li>Rosca da Extremidade da Haste: M20<\/li>\n<li>Peso: 8 kg<\/li>\n<\/ul>\n<p>Especifica\u00e7\u00f5es T\u00e9cnicas:<\/p>\n<ul>\n<li>Torque M\u00e1ximo: 1717 Nm (175 kgm) (1266 ft.lbs)<\/li>\n<li>Torque a 35\u00b0 e 56 kg\/cm\u00b2: 1373 Nm (140 kgm) (1013 ft.lbs)<\/li>\n<li>Press\u00e3o: 5492 kPa (56 kg\/cm\u00b2) (797 lbs\/polegada quadrada)<\/li>\n<li>Conex\u00f5es: Rosca de tubo f\u00eamea G\u00bc<\/li>\n<li>\u00c2ngulo Total do Leque: 70\u00b0 (2 x 35\u00b0)<\/li>\n<\/ul>\n<p>O cilindro de dire\u00e7\u00e3o hidr\u00e1ulica Vetus MTC17510 com corpo em lat\u00e3o \u00e9 perfeitamente adequado para aplica\u00e7\u00f5es marinhas. Inclui extremidades de haste zincadas, conex\u00f5es de compress\u00e3o e niples de sangria. Al\u00e9m disso, um suporte de fixa\u00e7\u00e3o em nylon \u00e9 fornecido com o cilindro de dire\u00e7\u00e3o hidr\u00e1ulica Vetus.<\/p>\n<p>Especifica\u00e7\u00f5es:<\/p>\n<ul>\n<li>Volume: 3560 mm\u00b3<\/li>\n<li>Capacidade: 356 cc<\/li>\n<li>Comprimento do Bra\u00e7o do Tim\u00e3o: 196 mm<\/li>\n<li>Marca: Vetus<\/li>\n<li>\u00c2ngulo Total do Leque: 70\u00b0<\/li>\n<li>Conex\u00f5es: Conex\u00f5es compat\u00edveis com tubo de 10 mm de di\u00e2metro externo<\/li>\n<li>Press\u00e3o M\u00e1xima: 5492 kPa<\/li>\n<li>Modelo: MTC17510<\/li>\n<li>Press\u00e3o de Opera\u00e7\u00e3o: 797 Psi (56 Bar)<\/li>\n<\/ul>\n<p>Tubula\u00e7\u00e3o Recomendada:<\/p>\n<ul>\n<li>Mangueira de dire\u00e7\u00e3o em nylon 6 mm de ID \/ 10 mm de OD (V-HHOSE6015)<\/li>\n<li>Dire\u00e7\u00e3o em nylon 8 mm de ID \/ 12 mm de OD (V-HHOSE8015)<\/li>\n<li>Mangueira de dire\u00e7\u00e3o 8 mm de ID \/ 14,2 mm de OD (603508)<\/li>\n<li>Tubula\u00e7\u00e3o de cobre\/ferro macio recozido 8 mm de ID \/ 10 mm de OD<\/li>\n<\/ul>\n<p>Curso: 225 mm (8,85&#8243;)<br \/>Tamanho da Rosca: Rosca da Extremidade da Haste: M20, Conex\u00f5es: Rosca de tubo f\u00eamea G1\/4<br \/>Torque M\u00e1ximo: 175 kgm (1717 Nm)<\/p>\n<p>Este cilindro hidr\u00e1ulico \u00e9 projetado para oferecer desempenho confi\u00e1vel e durabilidade prolongada para todas as suas necessidades de navega\u00e7\u00e3o.<\/p>\n","protected":false},"excerpt":{"rendered":"<p>Cilindro Hidr\u00e1ulico Vetus MTC175 &#8211; Temos o prazer de apresentar nosso cilindro hidr\u00e1ulico premium com corpo em lat\u00e3o, o Vetus<\/p>\n","protected":false},"featured_media":5948562,"comment_status":"open","ping_status":"closed","template":"","meta":[],"product_brand":[3522],"product_cat":[2110],"product_tag":[],"class_list":{"0":"post-751977","1":"product","2":"type-product","3":"status-publish","4":"has-post-thumbnail","6":"product_brand-vetus-pt","7":"product_cat-direcao-hidraulica","9":"first","10":"instock","11":"shipping-taxable","12":"purchasable","13":"product-type-simple"},"_links":{"self":[{"href":"https:\/\/stoic-curie.212-227-153-4.plesk.page\/pt\/wp-json\/wp\/v2\/product\/751977","targetHints":{"allow":["GET"]}}],"collection":[{"href":"https:\/\/stoic-curie.212-227-153-4.plesk.page\/pt\/wp-json\/wp\/v2\/product"}],"about":[{"href":"https:\/\/stoic-curie.212-227-153-4.plesk.page\/pt\/wp-json\/wp\/v2\/types\/product"}],"replies":[{"embeddable":true,"href":"https:\/\/stoic-curie.212-227-153-4.plesk.page\/pt\/wp-json\/wp\/v2\/comments?post=751977"}],"version-history":[{"count":0,"href":"https:\/\/stoic-curie.212-227-153-4.plesk.page\/pt\/wp-json\/wp\/v2\/product\/751977\/revisions"}],"wp:featuredmedia":[{"embeddable":true,"href":"https:\/\/stoic-curie.212-227-153-4.plesk.page\/pt\/wp-json\/wp\/v2\/media\/5948562"}],"wp:attachment":[{"href":"https:\/\/stoic-curie.212-227-153-4.plesk.page\/pt\/wp-json\/wp\/v2\/media?parent=751977"}],"wp:term":[{"taxonomy":"product_brand","embeddable":true,"href":"https:\/\/stoic-curie.212-227-153-4.plesk.page\/pt\/wp-json\/wp\/v2\/product_brand?post=751977"},{"taxonomy":"product_cat","embeddable":true,"href":"https:\/\/stoic-curie.212-227-153-4.plesk.page\/pt\/wp-json\/wp\/v2\/product_cat?post=751977"},{"taxonomy":"product_tag","embeddable":true,"href":"https:\/\/stoic-curie.212-227-153-4.plesk.page\/pt\/wp-json\/wp\/v2\/product_tag?post=751977"}],"curies":[{"name":"wp","href":"https:\/\/api.w.org\/{rel}","templated":true}]}}