{"id":751996,"date":"2025-03-04T01:17:32","date_gmt":"2025-03-04T00:17:32","guid":{"rendered":"https:\/\/stoic-curie.212-227-153-4.plesk.page\/producto\/ultraflex-b183\/"},"modified":"2026-02-25T00:28:26","modified_gmt":"2026-02-25T00:28:26","slug":"ultraflex-b183","status":"publish","type":"product","link":"https:\/\/stoic-curie.212-227-153-4.plesk.page\/pt\/product\/ultraflex-b183\/","title":{"rendered":"Ultraflex B183"},"content":{"rendered":"<p>Ultraflex B183 &#8211; <\/p>\n<p>Controle de a\u00e7\u00e3o dupla montado lateralmente com alavanca \u00fanica para controle de acelera\u00e7\u00e3o e marcha, adequado para motores internos, externos e de popa. Utiliza cabos de controle C2 \/ C8 \/ C33 \/ MACHZero. O cabo C5 pode ser conectado com o kit K35 (4620035). Com o interruptor de seguran\u00e7a opcional X12 (4620112), o motor s\u00f3 pode ser iniciado com a caixa de c\u00e2mbio desengatada. Equipado com uma trava positiva em ponto morto para evitar engates acidentais.<\/p>\n","protected":false},"excerpt":{"rendered":"<p>Ultraflex B183 &#8211; Controle de a\u00e7\u00e3o dupla montado lateralmente com alavanca \u00fanica para controle de acelera\u00e7\u00e3o e marcha, adequado para<\/p>\n","protected":false},"featured_media":5948566,"comment_status":"open","ping_status":"closed","template":"","meta":[],"product_brand":[3502],"product_cat":[2078],"product_tag":[],"class_list":{"0":"post-751996","1":"product","2":"type-product","3":"status-publish","4":"has-post-thumbnail","6":"product_brand-ultraflex-uflex-pt","7":"product_cat-alavancas-de-controlo","9":"first","10":"instock","11":"shipping-taxable","12":"purchasable","13":"product-type-simple"},"_links":{"self":[{"href":"https:\/\/stoic-curie.212-227-153-4.plesk.page\/pt\/wp-json\/wp\/v2\/product\/751996","targetHints":{"allow":["GET"]}}],"collection":[{"href":"https:\/\/stoic-curie.212-227-153-4.plesk.page\/pt\/wp-json\/wp\/v2\/product"}],"about":[{"href":"https:\/\/stoic-curie.212-227-153-4.plesk.page\/pt\/wp-json\/wp\/v2\/types\/product"}],"replies":[{"embeddable":true,"href":"https:\/\/stoic-curie.212-227-153-4.plesk.page\/pt\/wp-json\/wp\/v2\/comments?post=751996"}],"version-history":[{"count":0,"href":"https:\/\/stoic-curie.212-227-153-4.plesk.page\/pt\/wp-json\/wp\/v2\/product\/751996\/revisions"}],"wp:featuredmedia":[{"embeddable":true,"href":"https:\/\/stoic-curie.212-227-153-4.plesk.page\/pt\/wp-json\/wp\/v2\/media\/5948566"}],"wp:attachment":[{"href":"https:\/\/stoic-curie.212-227-153-4.plesk.page\/pt\/wp-json\/wp\/v2\/media?parent=751996"}],"wp:term":[{"taxonomy":"product_brand","embeddable":true,"href":"https:\/\/stoic-curie.212-227-153-4.plesk.page\/pt\/wp-json\/wp\/v2\/product_brand?post=751996"},{"taxonomy":"product_cat","embeddable":true,"href":"https:\/\/stoic-curie.212-227-153-4.plesk.page\/pt\/wp-json\/wp\/v2\/product_cat?post=751996"},{"taxonomy":"product_tag","embeddable":true,"href":"https:\/\/stoic-curie.212-227-153-4.plesk.page\/pt\/wp-json\/wp\/v2\/product_tag?post=751996"}],"curies":[{"name":"wp","href":"https:\/\/api.w.org\/{rel}","templated":true}]}}