{"id":751997,"date":"2025-03-04T01:17:33","date_gmt":"2025-03-04T00:17:33","guid":{"rendered":"https:\/\/stoic-curie.212-227-153-4.plesk.page\/producto\/ultraflex-b89\/"},"modified":"2026-02-25T00:28:26","modified_gmt":"2026-02-25T00:28:26","slug":"ultraflex-b89","status":"publish","type":"product","link":"https:\/\/stoic-curie.212-227-153-4.plesk.page\/pt\/product\/ultraflex-b89\/","title":{"rendered":"Ultraflex B89"},"content":{"rendered":"<p>Ultraflex B89 &#8211; <\/p>\n<p>Controle de a\u00e7\u00e3o dupla de montagem externa lateral com alavanca \u00fanica para controle do acelerador e da troca de marchas para motores de popa e de dentro. Utiliza cabos de controle C2 \/ C8 \/ C33 \/ MACHZero. O cabo C5 pode ser conectado ao kit K35 (4620035). Com o interruptor de seguran\u00e7a opcional X12 (4620112), o motor s\u00f3 pode ser iniciado com a caixa de c\u00e2mbio desacoplada. Equipado com bloqueio positivo em neutro para evitar engate acidental de marcha.<\/p>\n","protected":false},"excerpt":{"rendered":"<p>Ultraflex B89 &#8211; Controle de a\u00e7\u00e3o dupla de montagem externa lateral com alavanca \u00fanica para controle do acelerador e da<\/p>\n","protected":false},"featured_media":5948568,"comment_status":"open","ping_status":"closed","template":"","meta":[],"product_brand":[3502],"product_cat":[2078],"product_tag":[],"class_list":{"0":"post-751997","1":"product","2":"type-product","3":"status-publish","4":"has-post-thumbnail","6":"product_brand-ultraflex-uflex-pt","7":"product_cat-alavancas-de-controlo","9":"first","10":"instock","11":"shipping-taxable","12":"purchasable","13":"product-type-simple"},"_links":{"self":[{"href":"https:\/\/stoic-curie.212-227-153-4.plesk.page\/pt\/wp-json\/wp\/v2\/product\/751997","targetHints":{"allow":["GET"]}}],"collection":[{"href":"https:\/\/stoic-curie.212-227-153-4.plesk.page\/pt\/wp-json\/wp\/v2\/product"}],"about":[{"href":"https:\/\/stoic-curie.212-227-153-4.plesk.page\/pt\/wp-json\/wp\/v2\/types\/product"}],"replies":[{"embeddable":true,"href":"https:\/\/stoic-curie.212-227-153-4.plesk.page\/pt\/wp-json\/wp\/v2\/comments?post=751997"}],"version-history":[{"count":0,"href":"https:\/\/stoic-curie.212-227-153-4.plesk.page\/pt\/wp-json\/wp\/v2\/product\/751997\/revisions"}],"wp:featuredmedia":[{"embeddable":true,"href":"https:\/\/stoic-curie.212-227-153-4.plesk.page\/pt\/wp-json\/wp\/v2\/media\/5948568"}],"wp:attachment":[{"href":"https:\/\/stoic-curie.212-227-153-4.plesk.page\/pt\/wp-json\/wp\/v2\/media?parent=751997"}],"wp:term":[{"taxonomy":"product_brand","embeddable":true,"href":"https:\/\/stoic-curie.212-227-153-4.plesk.page\/pt\/wp-json\/wp\/v2\/product_brand?post=751997"},{"taxonomy":"product_cat","embeddable":true,"href":"https:\/\/stoic-curie.212-227-153-4.plesk.page\/pt\/wp-json\/wp\/v2\/product_cat?post=751997"},{"taxonomy":"product_tag","embeddable":true,"href":"https:\/\/stoic-curie.212-227-153-4.plesk.page\/pt\/wp-json\/wp\/v2\/product_tag?post=751997"}],"curies":[{"name":"wp","href":"https:\/\/api.w.org\/{rel}","templated":true}]}}