{"id":752002,"date":"2025-03-04T01:17:34","date_gmt":"2025-03-04T00:17:34","guid":{"rendered":"https:\/\/stoic-curie.212-227-153-4.plesk.page\/producto\/ultraflex-b73\/"},"modified":"2026-02-25T00:28:26","modified_gmt":"2026-02-25T00:28:26","slug":"ultraflex-b73","status":"publish","type":"product","link":"https:\/\/stoic-curie.212-227-153-4.plesk.page\/pt\/product\/ultraflex-b73\/","title":{"rendered":"Controle Morse Ultraflex B73"},"content":{"rendered":"<p>Controle Morse Ultraflex B73 &#8211; <\/p>\n<p style=\"color: rgb(34, 34, 34); font-family: Arial, Helvetica, sans-serif; font-size: small;\">Este controle de alavanca \u00fanica com a\u00e7\u00e3o dupla permite gerenciar fun\u00e7\u00f5es de acelera\u00e7\u00e3o e mudan\u00e7a de marcha de forma cont\u00ednua. \u00c9 compat\u00edvel com qualquer barco que possua um motor interno e oferece um controle de montagem superior para opera\u00e7\u00f5es de acelera\u00e7\u00e3o e mudan\u00e7a de marcha em motores de centro, externo e de popa.<\/p>\n<p style=\"color: rgb(34, 34, 34); font-family: Arial, Helvetica, sans-serif; font-size: small;\">O sistema funciona com cabos de controle C2, C8, C33 e MACHZero. Se voc\u00ea deseja usar um cabo C5, pode conect\u00e1-lo com o kit K35 (4620035). Al\u00e9m disso, ao incorporar o interruptor de seguran\u00e7a opcional X12 (4620112), voc\u00ea garante que o motor s\u00f3 seja iniciado quando a caixa de marcha estiver desengatada.<\/p>\n<p style=\"color: rgb(34, 34, 34); font-family: Arial, Helvetica, sans-serif; font-size: small;\">Principais caracter\u00edsticas incluem:<\/p>\n<ul style=\"color: rgb(34, 34, 34); font-family: Arial, Helvetica, sans-serif; font-size: small;\">\n<li>Troca f\u00e1cil e segura, prevenindo a envolv\u00eancia acidental da marcha, a menos que o motor esteja em marcha lenta.<\/li>\n<li>Constru\u00eddo em alum\u00ednio de grau marinho e cromado para maior durabilidade.<\/li>\n<li>Uma al\u00e7a retr\u00e1til que desengata a mudan\u00e7a para o aquecimento do motor.<\/li>\n<li>O interruptor de seguran\u00e7a opcional X12 (34543Q) evita o arranque do motor enquanto est\u00e1 em marcha.<\/li>\n<li>Atende ou supera os padr\u00f5es EN ISO 11547 quando o interruptor de seguran\u00e7a X12 est\u00e1 instalado.<\/li>\n<li>Compat\u00edvel com todos os cabos de controle de motor Ultraflex, exceto C22, C36 e MACH36.<\/li>\n<li>Os cabos Ultraflex C5, C16 e MACH5 requerem o kit K35 (34730U).<\/li>\n<\/ul>\n","protected":false},"excerpt":{"rendered":"<p>Controle Morse Ultraflex B73 &#8211; Este controle de alavanca \u00fanica com a\u00e7\u00e3o dupla permite gerenciar fun\u00e7\u00f5es de acelera\u00e7\u00e3o e mudan\u00e7a<\/p>\n","protected":false},"featured_media":5948577,"comment_status":"open","ping_status":"closed","template":"","meta":[],"product_brand":[3502],"product_cat":[2078],"product_tag":[],"class_list":{"0":"post-752002","1":"product","2":"type-product","3":"status-publish","4":"has-post-thumbnail","6":"product_brand-ultraflex-uflex-pt","7":"product_cat-alavancas-de-controlo","9":"first","10":"instock","11":"shipping-taxable","12":"purchasable","13":"product-type-simple"},"_links":{"self":[{"href":"https:\/\/stoic-curie.212-227-153-4.plesk.page\/pt\/wp-json\/wp\/v2\/product\/752002","targetHints":{"allow":["GET"]}}],"collection":[{"href":"https:\/\/stoic-curie.212-227-153-4.plesk.page\/pt\/wp-json\/wp\/v2\/product"}],"about":[{"href":"https:\/\/stoic-curie.212-227-153-4.plesk.page\/pt\/wp-json\/wp\/v2\/types\/product"}],"replies":[{"embeddable":true,"href":"https:\/\/stoic-curie.212-227-153-4.plesk.page\/pt\/wp-json\/wp\/v2\/comments?post=752002"}],"version-history":[{"count":0,"href":"https:\/\/stoic-curie.212-227-153-4.plesk.page\/pt\/wp-json\/wp\/v2\/product\/752002\/revisions"}],"wp:featuredmedia":[{"embeddable":true,"href":"https:\/\/stoic-curie.212-227-153-4.plesk.page\/pt\/wp-json\/wp\/v2\/media\/5948577"}],"wp:attachment":[{"href":"https:\/\/stoic-curie.212-227-153-4.plesk.page\/pt\/wp-json\/wp\/v2\/media?parent=752002"}],"wp:term":[{"taxonomy":"product_brand","embeddable":true,"href":"https:\/\/stoic-curie.212-227-153-4.plesk.page\/pt\/wp-json\/wp\/v2\/product_brand?post=752002"},{"taxonomy":"product_cat","embeddable":true,"href":"https:\/\/stoic-curie.212-227-153-4.plesk.page\/pt\/wp-json\/wp\/v2\/product_cat?post=752002"},{"taxonomy":"product_tag","embeddable":true,"href":"https:\/\/stoic-curie.212-227-153-4.plesk.page\/pt\/wp-json\/wp\/v2\/product_tag?post=752002"}],"curies":[{"name":"wp","href":"https:\/\/api.w.org\/{rel}","templated":true}]}}