{"id":752003,"date":"2025-03-04T01:17:35","date_gmt":"2025-03-04T00:17:35","guid":{"rendered":"https:\/\/stoic-curie.212-227-153-4.plesk.page\/producto\/ultraflex-b77\/"},"modified":"2026-02-25T00:28:26","modified_gmt":"2026-02-25T00:28:26","slug":"ultraflex-b77","status":"publish","type":"product","link":"https:\/\/stoic-curie.212-227-153-4.plesk.page\/pt\/product\/ultraflex-b77\/","title":{"rendered":"Controle Morse Ultraflex B77"},"content":{"rendered":"<p>Controle Morse Ultraflex B77 &#8211; <\/p>\n<p style=\"color: rgb(34, 34, 34); font-family: Arial, Helvetica, sans-serif; font-size: small;\">Apresentamos um controle de a\u00e7\u00e3o dupla, montado na parte superior, com uma \u00fanica alavanca, projetado para opera\u00e7\u00f5es de acelera\u00e7\u00e3o e mudan\u00e7a em motores de popa, intrabordo e de mancal. Este controle \u00e9 compat\u00edvel com cabos de controle C2, C8, C33 e MACHZero. Para cabos C5, voc\u00ea pode conect\u00e1-los usando o kit K35 (4620035).<\/p>\n<p style=\"color: rgb(34, 34, 34); font-family: Arial, Helvetica, sans-serif; font-size: small;\">Um interruptor de seguran\u00e7a opcional, X12 (4620112), garante que o motor s\u00f3 possa ser iniciado quando a transmiss\u00e3o estiver desacoplada, aumentando a seguran\u00e7a.<\/p>\n<p style=\"color: rgb(34, 34, 34); font-family: Arial, Helvetica, sans-serif; font-size: small;\">Este controle de alavanca \u00fanica e a\u00e7\u00e3o dupla permite gerenciar tanto fun\u00e7\u00f5es de acelera\u00e7\u00e3o quanto de mudan\u00e7a, completo com uma fun\u00e7\u00e3o de ajuste. O interruptor de ajuste de pot\u00eancia est\u00e1 convenientemente localizado na empunhadura da alavanca, facilitando a inclina\u00e7\u00e3o do motor.<\/p>\n<p style=\"color: rgb(34, 34, 34); font-family: Arial, Helvetica, sans-serif; font-size: small;\">As principais caracter\u00edsticas incluem:<\/p>\n<ul style=\"color: rgb(34, 34, 34); font-family: Arial, Helvetica, sans-serif; font-size: small;\">\n<li>Troca segura e f\u00e1cil que evita o engate acidental da marcha, a menos que o motor esteja em marcha lenta.<\/li>\n<li>Constru\u00eddo em alum\u00ednio de grau mar\u00edtimo com um acabamento de tinta eletrost\u00e1tica dur\u00e1vel.<\/li>\n<li>Um man\u00edpulo retr\u00e1til que desacopla a mudan\u00e7a para aquecimento do motor.<\/li>\n<li>Um interruptor de seguran\u00e7a de neutro opcional, X12 \u2013 34543Q, que impede a partida do motor enquanto est\u00e1 em marcha.<\/li>\n<li>Conformidade com as normas EN ISO 11547 quando o interruptor de seguran\u00e7a X12 est\u00e1 instalado.<\/li>\n<li>Compatibilidade com todos os cabos de controle de motor Ultraflex, exceto para C22, C36 e MACH36.<\/li>\n<li>Os cabos Ultraflex C5, C16 e MACH5 requerem o kit K35 \u2013 34730U.<\/li>\n<\/ul>\n<p style=\"color: rgb(34, 34, 34); font-family: Arial, Helvetica, sans-serif; font-size: small;\">Este sistema de controle \u00e9 adequado para qualquer barco equipado com motores de popa ou I\/O, garantindo uma experi\u00eancia confi\u00e1vel e de f\u00e1cil uso.<\/p>\n","protected":false},"excerpt":{"rendered":"<p>Controle Morse Ultraflex B77 &#8211; Apresentamos um controle de a\u00e7\u00e3o dupla, montado na parte superior, com uma \u00fanica alavanca, projetado<\/p>\n","protected":false},"featured_media":5948580,"comment_status":"open","ping_status":"closed","template":"","meta":[],"product_brand":[3502],"product_cat":[2078],"product_tag":[],"class_list":{"0":"post-752003","1":"product","2":"type-product","3":"status-publish","4":"has-post-thumbnail","6":"product_brand-ultraflex-uflex-pt","7":"product_cat-alavancas-de-controlo","9":"first","10":"instock","11":"shipping-taxable","12":"purchasable","13":"product-type-simple"},"_links":{"self":[{"href":"https:\/\/stoic-curie.212-227-153-4.plesk.page\/pt\/wp-json\/wp\/v2\/product\/752003","targetHints":{"allow":["GET"]}}],"collection":[{"href":"https:\/\/stoic-curie.212-227-153-4.plesk.page\/pt\/wp-json\/wp\/v2\/product"}],"about":[{"href":"https:\/\/stoic-curie.212-227-153-4.plesk.page\/pt\/wp-json\/wp\/v2\/types\/product"}],"replies":[{"embeddable":true,"href":"https:\/\/stoic-curie.212-227-153-4.plesk.page\/pt\/wp-json\/wp\/v2\/comments?post=752003"}],"version-history":[{"count":0,"href":"https:\/\/stoic-curie.212-227-153-4.plesk.page\/pt\/wp-json\/wp\/v2\/product\/752003\/revisions"}],"wp:featuredmedia":[{"embeddable":true,"href":"https:\/\/stoic-curie.212-227-153-4.plesk.page\/pt\/wp-json\/wp\/v2\/media\/5948580"}],"wp:attachment":[{"href":"https:\/\/stoic-curie.212-227-153-4.plesk.page\/pt\/wp-json\/wp\/v2\/media?parent=752003"}],"wp:term":[{"taxonomy":"product_brand","embeddable":true,"href":"https:\/\/stoic-curie.212-227-153-4.plesk.page\/pt\/wp-json\/wp\/v2\/product_brand?post=752003"},{"taxonomy":"product_cat","embeddable":true,"href":"https:\/\/stoic-curie.212-227-153-4.plesk.page\/pt\/wp-json\/wp\/v2\/product_cat?post=752003"},{"taxonomy":"product_tag","embeddable":true,"href":"https:\/\/stoic-curie.212-227-153-4.plesk.page\/pt\/wp-json\/wp\/v2\/product_tag?post=752003"}],"curies":[{"name":"wp","href":"https:\/\/api.w.org\/{rel}","templated":true}]}}