{"id":752144,"date":"2025-03-04T01:23:27","date_gmt":"2025-03-04T00:23:27","guid":{"rendered":"https:\/\/stoic-curie.212-227-153-4.plesk.page\/producto\/ancora-ultra-em-aco-inoxidavel-8kg\/"},"modified":"2026-02-25T00:28:27","modified_gmt":"2026-02-25T00:28:27","slug":"ancora-ultra-em-aco-inoxidavel-8kg","status":"publish","type":"product","link":"https:\/\/stoic-curie.212-227-153-4.plesk.page\/pt\/product\/ancora-ultra-em-aco-inoxidavel-8kg\/","title":{"rendered":"\u00c2ncora Ultra em A\u00e7o Inoxid\u00e1vel 8kg"},"content":{"rendered":"<p>\u00c2ncora Ultra em A\u00e7o Inoxid\u00e1vel 8kg &#8211; <\/p>\n<p style=\"color: rgb(34, 34, 34); font-family: Arial, Helvetica, sans-serif; font-size: small;\">Feito \u00e0 m\u00e3o de a\u00e7o inoxid\u00e1vel 316 e meticulosamente polido, os Ultra \u00c2ncoras destacam a import\u00e2ncia de distribuir adequadamente o peso e o design ao ancorar e recuperar uma \u00e2ncora. Notavelmente, se voc\u00ea inverter qualquer Ultra \u00c2ncora, ela retornar\u00e1 automaticamente \u00e0 sua posi\u00e7\u00e3o ideal. Cada \u00e2ncora possui uma superf\u00edcie de piv\u00f4 plana na parte inferior, facilitando a recupera\u00e7\u00e3o.<\/p>\n<p style=\"color: rgb(34, 34, 34); font-family: Arial, Helvetica, sans-serif; font-size: small;\">Os Ultra \u00c2ncoras s\u00e3o projetados para todos os tipos de embarca\u00e7\u00f5es e podem ser montados com seguran\u00e7a no rolo de proa. Os tamanhos padr\u00e3o de \u00e2ncoras variam de 5 kg a 360 kg, com tamanhos maiores dispon\u00edveis mediante solicita\u00e7\u00e3o. Fabricados com os melhores materiais da Europa e elaborados por engenheiros qualificados, os Ultra \u00c2ncoras v\u00eam com garantia vital\u00edcia contra defeitos de fabrica\u00e7\u00e3o em condi\u00e7\u00f5es e uso normais.<\/p>\n<p style=\"color: rgb(34, 34, 34); font-family: Arial, Helvetica, sans-serif; font-size: small;\"><strong>Caracter\u00edsticas<\/strong><\/p>\n<ul style=\"color: rgb(34, 34, 34); font-family: Arial, Helvetica, sans-serif; font-size: small;\">\n<li>\n<p><strong>Eixo Oco:<\/strong>\u00a0Este projeto concentra o peso na ponta da \u00e2ncora para um desempenho melhor.<\/p>\n<\/li>\n<li>\n<p><strong>Constru\u00e7\u00e3o Tubular:<\/strong>\u00a0A \u00e2ncora n\u00e3o pode descansar sobre as costas, permitindo que ela retorne imediatamente \u00e0 posi\u00e7\u00e3o ideal. Ela tamb\u00e9m se encaixa corretamente no rolo de proa.<\/p>\n<\/li>\n<li>\n<p><strong>Ponta Preenchida com Chumbo:<\/strong>\u00a0O chumbo \u00e9 adicionado \u00e0 ponta da \u00e2ncora para alcan\u00e7ar uma distribui\u00e7\u00e3o de peso ideal, garantindo que penetre de forma eficaz em condi\u00e7\u00f5es dif\u00edceis do fundo.<\/p>\n<\/li>\n<li>\n<p><strong>Ponto de Prote\u00e7\u00e3o Contra Arranh\u00f5es:<\/strong>\u00a0Posicionado na parte inferior, esse recurso evita o arrasto e garante que a \u00e2ncora se fixe instantaneamente ao se mover.<\/p>\n<\/li>\n<li>\n<p><strong>Ponta Curvada:<\/strong>\u00a0A forma voltada para baixo da ponta da \u00e2ncora permite um encaixe consistente em condi\u00e7\u00f5es clim\u00e1ticas adversas. Seus \u00e2ngulos tamb\u00e9m ajudam a \u00e2ncora a se fixar rapidamente, mesmo se n\u00e3o estiver na posi\u00e7\u00e3o perfeita.<\/p>\n<\/li>\n<li>\n<p><strong>Base de M\u00e1xima Capacidade de Reten\u00e7\u00e3o:<\/strong>\u00a0A base c\u00f4ncava se assemelha a uma p\u00e1 e oferece uma pot\u00eancia de reten\u00e7\u00e3o excepcional, com uma \u00e1rea de superf\u00edcie maior que as \u00e2ncoras tradicionais. Este design resulta em uma \u00e2ncora mais segura que n\u00e3o se soltar\u00e1 facilmente.<\/p>\n<\/li>\n<li>\n<p><strong>Olho Refor\u00e7ado:<\/strong>\u00a0O olho refor\u00e7ado do eixo foi projetado para suportar cargas extremas sem se dobrar, quebrar ou falhar.<\/p>\n<\/li>\n<li>\n<p><strong>Parte Inferior Plana:<\/strong>\u00a0Quando voc\u00ea come\u00e7a a recuperar a \u00e2ncora do fundo do mar, ela gira sobre a se\u00e7\u00e3o plana e come\u00e7a a se soltar (o barco deve estar diretamente acima da \u00e2ncora).<\/p>\n<\/li>\n<li>\n<p><strong>Placas de Asa Lateral:<\/strong>\u00a0O ULTRAnchor permanece seguro em ventos ou mar\u00e9s mut\u00e1veis, executando uma rota\u00e7\u00e3o completa de 180 graus (enquanto ainda est\u00e1 enterrada) para permanecer firme. Este design tamb\u00e9m facilita o transporte e mant\u00e9m uma forma consistente nos rolos de proa.<\/p>\n<\/li>\n<li>\n<p><strong>Barra de N\u00e3o Emaranhamento de Cadeias:<\/strong>\u00a0Esse recurso inovador evita que a corrente se enrosque ao redor do eixo da \u00e2ncora, garantindo que ela possa se fixar corretamente. Tamb\u00e9m permite um transporte f\u00e1cil e mant\u00e9m uma forma consistente da \u00e2ncora nos rolos de proa.<\/p>\n<\/li>\n<li>\n<p><strong>Detalhes do Peso da \u00c2ncora:<\/strong>\u00a0O peso da \u00e2ncora est\u00e1 estampado no eixo, indicando o tamanho em quilogramas e libras.<\/p>\n<\/li>\n<li>\n<p><strong>N\u00famero de S\u00e9rie:<\/strong>\u00a0Cada ULTRAnchor \u00e9 marcado com um n\u00famero de s\u00e9rie exclusivo, garantindo que sua \u00e2ncora sempre seja identific\u00e1vel.<\/p>\n<\/li>\n<\/ul>\n","protected":false},"excerpt":{"rendered":"<p>\u00c2ncora Ultra em A\u00e7o Inoxid\u00e1vel 8kg &#8211; Feito \u00e0 m\u00e3o de a\u00e7o inoxid\u00e1vel 316 e meticulosamente polido, os Ultra \u00c2ncoras<\/p>\n","protected":false},"featured_media":5946951,"comment_status":"open","ping_status":"closed","template":"","meta":[],"product_brand":[3497],"product_cat":[2154],"product_tag":[],"class_list":{"0":"post-752144","1":"product","2":"type-product","3":"status-publish","4":"has-post-thumbnail","6":"product_brand-ultra-marine-pt","7":"product_cat-ancoras-ultra","9":"first","10":"instock","11":"shipping-taxable","12":"purchasable","13":"product-type-simple"},"_links":{"self":[{"href":"https:\/\/stoic-curie.212-227-153-4.plesk.page\/pt\/wp-json\/wp\/v2\/product\/752144","targetHints":{"allow":["GET"]}}],"collection":[{"href":"https:\/\/stoic-curie.212-227-153-4.plesk.page\/pt\/wp-json\/wp\/v2\/product"}],"about":[{"href":"https:\/\/stoic-curie.212-227-153-4.plesk.page\/pt\/wp-json\/wp\/v2\/types\/product"}],"replies":[{"embeddable":true,"href":"https:\/\/stoic-curie.212-227-153-4.plesk.page\/pt\/wp-json\/wp\/v2\/comments?post=752144"}],"version-history":[{"count":0,"href":"https:\/\/stoic-curie.212-227-153-4.plesk.page\/pt\/wp-json\/wp\/v2\/product\/752144\/revisions"}],"wp:featuredmedia":[{"embeddable":true,"href":"https:\/\/stoic-curie.212-227-153-4.plesk.page\/pt\/wp-json\/wp\/v2\/media\/5946951"}],"wp:attachment":[{"href":"https:\/\/stoic-curie.212-227-153-4.plesk.page\/pt\/wp-json\/wp\/v2\/media?parent=752144"}],"wp:term":[{"taxonomy":"product_brand","embeddable":true,"href":"https:\/\/stoic-curie.212-227-153-4.plesk.page\/pt\/wp-json\/wp\/v2\/product_brand?post=752144"},{"taxonomy":"product_cat","embeddable":true,"href":"https:\/\/stoic-curie.212-227-153-4.plesk.page\/pt\/wp-json\/wp\/v2\/product_cat?post=752144"},{"taxonomy":"product_tag","embeddable":true,"href":"https:\/\/stoic-curie.212-227-153-4.plesk.page\/pt\/wp-json\/wp\/v2\/product_tag?post=752144"}],"curies":[{"name":"wp","href":"https:\/\/api.w.org\/{rel}","templated":true}]}}