{"id":752147,"date":"2025-03-04T01:23:28","date_gmt":"2025-03-04T00:23:28","guid":{"rendered":"https:\/\/stoic-curie.212-227-153-4.plesk.page\/producto\/casaco-de-vela-musto-mpx-gtx-pro-vermelho-tamanho-l\/"},"modified":"2026-02-25T00:28:27","modified_gmt":"2026-02-25T00:28:27","slug":"casaco-de-vela-musto-mpx-gtx-pro-vermelho-tamanho-l","status":"publish","type":"product","link":"https:\/\/stoic-curie.212-227-153-4.plesk.page\/pt\/product\/casaco-de-vela-musto-mpx-gtx-pro-vermelho-tamanho-l\/","title":{"rendered":"Casaco de Vela Musto MPX GTX Pro Vermelho L"},"content":{"rendered":"<p>Casaco de Vela Musto MPX GTX Pro Vermelho L &#8211; <\/p>\n<p>A Jaqueta Musto MPX GORE-TEX Pro Offshore 2.0 \u00e9 meticulosamente constru\u00edda com um tecido leve, respir\u00e1vel e imperme\u00e1vel GORE-TEX Pro de 3 camadas, proporcionando prote\u00e7\u00e3o excepcional contra o vento. Esta jaqueta \u00e9 projetada com mangas articuladas, um capuz fluorescente que pode ser convenientemente guardado, e uma aba dupla ajust\u00e1vel com um canal de drenagem posicionado sobre um z\u00edper bidirecional, garantindo um fechamento frontal seguro. A gola \u00e9 forrada com fleece em padr\u00e3o quadriculado para aumentar o conforto e o calor.<\/p>\n<p>Equipada com punhos duplos que incluem punhos externos ajust\u00e1veis, esta jaqueta tamb\u00e9m possui dois bolsos de carga com fechos \u00e0 prova d&#8217;\u00e1gua, bolsos de aquecimento para as m\u00e3os forrados com fleece, e um bolso interno com z\u00edper. Al\u00e9m disso, \u00e9 real\u00e7ada com refletores prism\u00e1ticos e elementos reflexivos embutidos, tornando-a uma escolha exemplar para atividades em alto-mar. A membrana GORE-TEX Pro garante impermeabilidade e respirabilidade superiores.<\/p>\n<p>Testada em condi\u00e7\u00f5es extremas por Sam Davies durante a Vendee Globe de 2020-21, a Jaqueta MPX GORE-TEX Pro Offshore 2.0 apresenta um tecido GORE-TEX Pro atualizado que incorpora uma camada externa reciclada e um fundo tricot com colora\u00e7\u00e3o por solu\u00e7\u00e3o. Esta jaqueta \u00e9 projetada cuidadosamente para proteger voc\u00ea em ambientes desafiadores enquanto permite movimento livre a bordo do navio. Ela est\u00e1 repleta de recursos pr\u00e1ticos destinados a aumentar seu conforto, prote\u00e7\u00e3o e seguran\u00e7a.<\/p>\n<p><strong>Principais Caracter\u00edsticas:<\/strong><\/p>\n<ul>\n<li>Punhos ajust\u00e1veis<\/li>\n<li>Capuz e bainha ajust\u00e1veis<\/li>\n<li>Bolsos aquecedores para as m\u00e3os no peito<\/li>\n<li>Detalhes reflexivos para melhor visibilidade<\/li>\n<li>Capuz em cor neon para maior seguran\u00e7a<\/li>\n<li>Constru\u00e7\u00e3o totalmente selada<\/li>\n<li>Design dur\u00e1vel de 3 camadas<\/li>\n<\/ul>\n","protected":false},"excerpt":{"rendered":"<p>Casaco de Vela Musto MPX GTX Pro Vermelho L &#8211; A Jaqueta Musto MPX GORE-TEX Pro Offshore 2.0 \u00e9 meticulosamente<\/p>\n","protected":false},"featured_media":5948744,"comment_status":"open","ping_status":"closed","template":"","meta":[],"product_brand":[3157],"product_cat":[2141],"product_tag":[],"class_list":{"0":"post-752147","1":"product","2":"type-product","3":"status-publish","4":"has-post-thumbnail","6":"product_brand-musto-pt","7":"product_cat-vestuario-de-vela-musto","9":"first","10":"instock","11":"shipping-taxable","12":"purchasable","13":"product-type-simple"},"_links":{"self":[{"href":"https:\/\/stoic-curie.212-227-153-4.plesk.page\/pt\/wp-json\/wp\/v2\/product\/752147","targetHints":{"allow":["GET"]}}],"collection":[{"href":"https:\/\/stoic-curie.212-227-153-4.plesk.page\/pt\/wp-json\/wp\/v2\/product"}],"about":[{"href":"https:\/\/stoic-curie.212-227-153-4.plesk.page\/pt\/wp-json\/wp\/v2\/types\/product"}],"replies":[{"embeddable":true,"href":"https:\/\/stoic-curie.212-227-153-4.plesk.page\/pt\/wp-json\/wp\/v2\/comments?post=752147"}],"version-history":[{"count":0,"href":"https:\/\/stoic-curie.212-227-153-4.plesk.page\/pt\/wp-json\/wp\/v2\/product\/752147\/revisions"}],"wp:featuredmedia":[{"embeddable":true,"href":"https:\/\/stoic-curie.212-227-153-4.plesk.page\/pt\/wp-json\/wp\/v2\/media\/5948744"}],"wp:attachment":[{"href":"https:\/\/stoic-curie.212-227-153-4.plesk.page\/pt\/wp-json\/wp\/v2\/media?parent=752147"}],"wp:term":[{"taxonomy":"product_brand","embeddable":true,"href":"https:\/\/stoic-curie.212-227-153-4.plesk.page\/pt\/wp-json\/wp\/v2\/product_brand?post=752147"},{"taxonomy":"product_cat","embeddable":true,"href":"https:\/\/stoic-curie.212-227-153-4.plesk.page\/pt\/wp-json\/wp\/v2\/product_cat?post=752147"},{"taxonomy":"product_tag","embeddable":true,"href":"https:\/\/stoic-curie.212-227-153-4.plesk.page\/pt\/wp-json\/wp\/v2\/product_tag?post=752147"}],"curies":[{"name":"wp","href":"https:\/\/api.w.org\/{rel}","templated":true}]}}