{"id":752153,"date":"2025-03-04T01:23:30","date_gmt":"2025-03-04T00:23:30","guid":{"rendered":"https:\/\/stoic-curie.212-227-153-4.plesk.page\/producto\/calcas-de-vela-musto-mpx-gtx-pro-vermelho-tamanho-xl\/"},"modified":"2026-02-25T00:28:27","modified_gmt":"2026-02-25T00:28:27","slug":"calcas-de-vela-musto-mpx-gtx-pro-vermelho-tamanho-xl","status":"publish","type":"product","link":"https:\/\/stoic-curie.212-227-153-4.plesk.page\/pt\/product\/calcas-de-vela-musto-mpx-gtx-pro-vermelho-tamanho-xl\/","title":{"rendered":"Cal\u00e7as de Vela Musto MPX GTX Pro Vermelho: Tamanho XL"},"content":{"rendered":"<p>Cal\u00e7as de Vela Musto MPX GTX Pro Vermelho: Tamanho XL &#8211; <\/p>\n<p>A salopete Musto MPX GTX PRO Offshore \u00e9 fabricada com um tecido Gore-Tex Pro de 3 camadas, extremamente respir\u00e1vel, imperme\u00e1vel e \u00e0 prova de vento. Constru\u00e7\u00e3o totalmente selada para veda\u00e7\u00e3o imperme\u00e1vel, com bra\u00e7os el\u00e1sticos e al\u00e7as, ajuste de cintura para maior conforto. Joelhos, assento e bainha refor\u00e7ados com Cordura\u00c2\u00ae, z\u00edper frontal de duas vias com fundo para f\u00e1cil acesso e ajustadores de bainha em velcro colocados ergonomicamente. Bolsos para aquecer as m\u00e3os no peito e grandes bolsos de carga em 3D nas coxas com abertura repelente \u00e0 \u00e1gua e anel em D fechado.<\/p>\n","protected":false},"excerpt":{"rendered":"<p>Cal\u00e7as de Vela Musto MPX GTX Pro Vermelho: Tamanho XL &#8211; A salopete Musto MPX GTX PRO Offshore \u00e9 fabricada<\/p>\n","protected":false},"featured_media":5948748,"comment_status":"open","ping_status":"closed","template":"","meta":[],"product_brand":[3157],"product_cat":[2141],"product_tag":[],"class_list":{"0":"post-752153","1":"product","2":"type-product","3":"status-publish","4":"has-post-thumbnail","6":"product_brand-musto-pt","7":"product_cat-vestuario-de-vela-musto","9":"first","10":"instock","11":"shipping-taxable","12":"purchasable","13":"product-type-simple"},"_links":{"self":[{"href":"https:\/\/stoic-curie.212-227-153-4.plesk.page\/pt\/wp-json\/wp\/v2\/product\/752153","targetHints":{"allow":["GET"]}}],"collection":[{"href":"https:\/\/stoic-curie.212-227-153-4.plesk.page\/pt\/wp-json\/wp\/v2\/product"}],"about":[{"href":"https:\/\/stoic-curie.212-227-153-4.plesk.page\/pt\/wp-json\/wp\/v2\/types\/product"}],"replies":[{"embeddable":true,"href":"https:\/\/stoic-curie.212-227-153-4.plesk.page\/pt\/wp-json\/wp\/v2\/comments?post=752153"}],"version-history":[{"count":0,"href":"https:\/\/stoic-curie.212-227-153-4.plesk.page\/pt\/wp-json\/wp\/v2\/product\/752153\/revisions"}],"wp:featuredmedia":[{"embeddable":true,"href":"https:\/\/stoic-curie.212-227-153-4.plesk.page\/pt\/wp-json\/wp\/v2\/media\/5948748"}],"wp:attachment":[{"href":"https:\/\/stoic-curie.212-227-153-4.plesk.page\/pt\/wp-json\/wp\/v2\/media?parent=752153"}],"wp:term":[{"taxonomy":"product_brand","embeddable":true,"href":"https:\/\/stoic-curie.212-227-153-4.plesk.page\/pt\/wp-json\/wp\/v2\/product_brand?post=752153"},{"taxonomy":"product_cat","embeddable":true,"href":"https:\/\/stoic-curie.212-227-153-4.plesk.page\/pt\/wp-json\/wp\/v2\/product_cat?post=752153"},{"taxonomy":"product_tag","embeddable":true,"href":"https:\/\/stoic-curie.212-227-153-4.plesk.page\/pt\/wp-json\/wp\/v2\/product_tag?post=752153"}],"curies":[{"name":"wp","href":"https:\/\/api.w.org\/{rel}","templated":true}]}}