{"id":752162,"date":"2025-03-04T01:23:33","date_gmt":"2025-03-04T00:23:33","guid":{"rendered":"https:\/\/stoic-curie.212-227-153-4.plesk.page\/producto\/sapatos-musto-dynamic-pro-ii-tamanho-45-11-cor-azul-branco\/"},"modified":"2026-02-25T00:28:27","modified_gmt":"2026-02-25T00:28:27","slug":"sapatos-musto-dynamic-pro-ii-tamanho-45-11-cor-azul-branco","status":"publish","type":"product","link":"https:\/\/stoic-curie.212-227-153-4.plesk.page\/pt\/product\/sapatos-musto-dynamic-pro-ii-tamanho-45-11-cor-azul-branco\/","title":{"rendered":"Sapatos Musto Dynamic Pro II tamanho 45 (11) cor azul\/branco"},"content":{"rendered":"<p>Sapatos Musto Dynamic Pro II tamanho 45 (11) cor azul\/branco &#8211; <\/p>\n<p>T\u00eanis de navega\u00e7\u00e3o Musto Dynamic Pro II, constru\u00eddo com uma sobreposi\u00e7\u00e3o soldada em TPU na parte superior para suporte lateral e uma cage de calcanhar absorvente de choque para um ajuste din\u00e2mico seguro e dur\u00e1vel. Uma constru\u00e7\u00e3o em malha mono proporciona ventila\u00e7\u00e3o e tempos de secagem r\u00e1pidos que garantem conforto e frescor ao longo do dia. O excepcional sistema de drenagem XPL evita o ac\u00famulo de \u00e1gua dentro do sapato, e a borracha GripDeck proporciona estabilidade em conv\u00e9s molhados.<\/p>\n","protected":false},"excerpt":{"rendered":"<p>Sapatos Musto Dynamic Pro II tamanho 45 (11) cor azul\/branco &#8211; T\u00eanis de navega\u00e7\u00e3o Musto Dynamic Pro II, constru\u00eddo com<\/p>\n","protected":false},"featured_media":5948750,"comment_status":"open","ping_status":"closed","template":"","meta":[],"product_brand":[3157],"product_cat":[2147,2141],"product_tag":[],"class_list":{"0":"post-752162","1":"product","2":"type-product","3":"status-publish","4":"has-post-thumbnail","6":"product_brand-musto-pt","7":"product_cat-sapatos-de-vela","8":"product_cat-vestuario-de-vela-musto","10":"first","11":"instock","12":"shipping-taxable","13":"purchasable","14":"product-type-simple"},"_links":{"self":[{"href":"https:\/\/stoic-curie.212-227-153-4.plesk.page\/pt\/wp-json\/wp\/v2\/product\/752162","targetHints":{"allow":["GET"]}}],"collection":[{"href":"https:\/\/stoic-curie.212-227-153-4.plesk.page\/pt\/wp-json\/wp\/v2\/product"}],"about":[{"href":"https:\/\/stoic-curie.212-227-153-4.plesk.page\/pt\/wp-json\/wp\/v2\/types\/product"}],"replies":[{"embeddable":true,"href":"https:\/\/stoic-curie.212-227-153-4.plesk.page\/pt\/wp-json\/wp\/v2\/comments?post=752162"}],"version-history":[{"count":0,"href":"https:\/\/stoic-curie.212-227-153-4.plesk.page\/pt\/wp-json\/wp\/v2\/product\/752162\/revisions"}],"wp:featuredmedia":[{"embeddable":true,"href":"https:\/\/stoic-curie.212-227-153-4.plesk.page\/pt\/wp-json\/wp\/v2\/media\/5948750"}],"wp:attachment":[{"href":"https:\/\/stoic-curie.212-227-153-4.plesk.page\/pt\/wp-json\/wp\/v2\/media?parent=752162"}],"wp:term":[{"taxonomy":"product_brand","embeddable":true,"href":"https:\/\/stoic-curie.212-227-153-4.plesk.page\/pt\/wp-json\/wp\/v2\/product_brand?post=752162"},{"taxonomy":"product_cat","embeddable":true,"href":"https:\/\/stoic-curie.212-227-153-4.plesk.page\/pt\/wp-json\/wp\/v2\/product_cat?post=752162"},{"taxonomy":"product_tag","embeddable":true,"href":"https:\/\/stoic-curie.212-227-153-4.plesk.page\/pt\/wp-json\/wp\/v2\/product_tag?post=752162"}],"curies":[{"name":"wp","href":"https:\/\/api.w.org\/{rel}","templated":true}]}}