{"id":752164,"date":"2025-03-04T01:23:34","date_gmt":"2025-03-04T00:23:34","guid":{"rendered":"https:\/\/stoic-curie.212-227-153-4.plesk.page\/producto\/rotor-de-bomba-nitrilica-johnson-09-1027b-para-bombas-johnson-f5-12-pas\/"},"modified":"2026-02-25T00:28:27","modified_gmt":"2026-02-25T00:28:27","slug":"rotor-de-bomba-nitrilica-johnson-09-1027b-para-bombas-johnson-f5-12-pas","status":"publish","type":"product","link":"https:\/\/stoic-curie.212-227-153-4.plesk.page\/pt\/product\/rotor-de-bomba-nitrilica-johnson-09-1027b-para-bombas-johnson-f5-12-pas\/","title":{"rendered":"Rotor de bomba nitr\u00edlica Johnson 09-1027B para bombas Johnson F5 (12 p\u00e1s)"},"content":{"rendered":"<p>Rotor de bomba nitr\u00edlica Johnson 09-1027B para bombas Johnson F5 (12 p\u00e1s) &#8211; O genu\u00edno impulsor flex\u00edvel de nitrilo Johnson \u00e9 adequado para aplica\u00e7\u00f5es onde est\u00e3o presentes diesel ou \u00f3leos leves. O impulsor flex\u00edvel da bomba Johnson foi projetado para ser instalado em algumas das bombas da linha F5 da Johnson, que se adequam \u00e0s dimens\u00f5es do impulsor listadas abaixo, incluindo:<br \/>&#8211; Bombas F5B-19 (10-24188-1, 10-24188-2, 10-24188-7, 10-24188-8 e 10-24188-10), bombas F5B-1907 (10-24188-4 e 10-24188-5)<br \/>&#8211; Bombas F5B-39 (10-22044-3), bombas F5B-392 (10-22044-4), bombas F5B-3900 (10-24210-2), bombas F5B-3920 (10-24210-4), bombas F5B-39007 (10-24210-6), bombas F5B-39207 (10-24210-8)<br \/>&#8211; Bombas F5B-89 (10-24073-3, 10-24571-02 e 10-24571-14), bombas F5B-892 (10-24073-4), bombas F5B-8907 (10-24073-7), bombas F5B-8927 (10-24073-8)<br \/>O impulsor flex\u00edvel da bomba Johnson tem doze l\u00e2minas e \u00e9 fornecido completo com gel de lubrifica\u00e7\u00e3o e manual de instru\u00e7\u00f5es para facilitar a instala\u00e7\u00e3o do impulsor na bomba flex\u00edvel.<br \/>O Johnson 09-1027B-9 pode ser usado para substituir o impulsor Jabsco 1210-0003 na Europa e nos EUA. Para aplica\u00e7\u00f5es de bombeamento de \u00e1gua, use o impulsor Johnson MC97 09-1027B-1.<br \/>\u00c9 altamente recomend\u00e1vel garantir que voc\u00ea utilize um impulsor de bomba original para sua bomba de impuls\u00e3o flex\u00edvel, pois isso garantir\u00e1 que a qualidade atenda aos requisitos de desempenho e dimens\u00f5es para cada tipo de bomba. Os impulsores Johnson Pump s\u00e3o fabricados em estrita conformidade com as especifica\u00e7\u00f5es da bomba estabelecidas pelos fabricantes de motores.<\/p>\n","protected":false},"excerpt":{"rendered":"<p>Rotor de bomba nitr\u00edlica Johnson 09-1027B para bombas Johnson F5 (12 p\u00e1s) &#8211; O genu\u00edno impulsor flex\u00edvel de nitrilo Johnson<\/p>\n","protected":false},"featured_media":5948755,"comment_status":"open","ping_status":"closed","template":"","meta":[],"product_brand":[3047],"product_cat":[2096],"product_tag":[],"class_list":{"0":"post-752164","1":"product","2":"type-product","3":"status-publish","4":"has-post-thumbnail","6":"product_brand-johnson-marine-pt","7":"product_cat-bombas-de-arrefecimento-do-motor","9":"first","10":"instock","11":"shipping-taxable","12":"purchasable","13":"product-type-simple"},"_links":{"self":[{"href":"https:\/\/stoic-curie.212-227-153-4.plesk.page\/pt\/wp-json\/wp\/v2\/product\/752164","targetHints":{"allow":["GET"]}}],"collection":[{"href":"https:\/\/stoic-curie.212-227-153-4.plesk.page\/pt\/wp-json\/wp\/v2\/product"}],"about":[{"href":"https:\/\/stoic-curie.212-227-153-4.plesk.page\/pt\/wp-json\/wp\/v2\/types\/product"}],"replies":[{"embeddable":true,"href":"https:\/\/stoic-curie.212-227-153-4.plesk.page\/pt\/wp-json\/wp\/v2\/comments?post=752164"}],"version-history":[{"count":0,"href":"https:\/\/stoic-curie.212-227-153-4.plesk.page\/pt\/wp-json\/wp\/v2\/product\/752164\/revisions"}],"wp:featuredmedia":[{"embeddable":true,"href":"https:\/\/stoic-curie.212-227-153-4.plesk.page\/pt\/wp-json\/wp\/v2\/media\/5948755"}],"wp:attachment":[{"href":"https:\/\/stoic-curie.212-227-153-4.plesk.page\/pt\/wp-json\/wp\/v2\/media?parent=752164"}],"wp:term":[{"taxonomy":"product_brand","embeddable":true,"href":"https:\/\/stoic-curie.212-227-153-4.plesk.page\/pt\/wp-json\/wp\/v2\/product_brand?post=752164"},{"taxonomy":"product_cat","embeddable":true,"href":"https:\/\/stoic-curie.212-227-153-4.plesk.page\/pt\/wp-json\/wp\/v2\/product_cat?post=752164"},{"taxonomy":"product_tag","embeddable":true,"href":"https:\/\/stoic-curie.212-227-153-4.plesk.page\/pt\/wp-json\/wp\/v2\/product_tag?post=752164"}],"curies":[{"name":"wp","href":"https:\/\/api.w.org\/{rel}","templated":true}]}}